{"id":6044,"date":"2024-03-26T18:24:17","date_gmt":"2024-03-26T16:24:17","guid":{"rendered":"http:\/\/www.for-free-hands.de\/?page_id=6044"},"modified":"2024-04-02T11:37:15","modified_gmt":"2024-04-02T09:37:15","slug":"alaa-zouiten","status":"publish","type":"page","link":"http:\/\/www.for-free-hands.de\/it\/alaa-zouiten\/","title":{"rendered":""},"content":{"rendered":"<h1><span style=\"color: #000000;\">Alaa Zouiten<\/span><\/h1>\n<div class=\"two-three first\">\n<p><span style=\"color: #000000;\">Alaa Zouiten \u00e8 nato a Casablanca, in Marocco. La sua carriera musicale \u00e8 iniziata l\u00ec come maestro di oud, il liuto arabo, e ha portato dalla sua formazione al Conservatorio Nazionale di Marrakech a diventare un sideman nella band fusion &#8220;Jbara&#8221;. Con il gruppo ha suonato in numerosi festival marocchini, tra cui il Festival Gnaoua di Essaouira, il Grand Festival de Casablanca e il Mawazine di Rabat.<\/span><\/p>\n<p><span style=\"color: #000000;\">All&#8217;Universit\u00e0 di Erfurt, in Germania, ha approfondito le sue conoscenze di teoria musicale studiando educazione musicale e filosofia. Durante gli studi ha collaborato con molti musicisti jazz e ha esplorato in modo giocoso gli spazi tra i suoni tradizionali del Maghreb, dell&#8217;Andalusia e del jazz, dando vita all'&#8221;Alaa Zouiten Ensemble&#8221;, che ha pubblicato il suo album di debutto &#8220;Hada Makan&#8221; nel 2012. A questo sono seguiti ulteriori studi di musicologia (M.A. Transcultural Music Studies) presso l&#8217;Universit\u00e0 di Musica Franz Liszt di Weimar.<\/span><\/p>\n<p><span style=\"color: #000000;\">Con una borsa di studio del Fondo Arabo per le Arti e la Cultura, Alaa Zouiten ha lavorato al suo secondo album &#8220;Talking Oud&#8221; nel 2015. In queste composizioni sperimenta le possibilit\u00e0 stilistiche, tecniche ed estetiche dell&#8217;oud. Il risultato \u00e8 un affascinante mix di arabo, jazz andaluso e rock.<\/span><\/p>\n<p><span style=\"color: #000000;\">Questo potenziale \u00e8 alla base della collaborazione di Alaa Zouiten con musicisti di alto livello in progetti di fusione molto diversi tra loro nella cosmopolita Berlino musicale.<\/span><\/p>\n<p><span style=\"color: #000000;\">Alaa Zouiten cura anche la &#8220;Arab Song Jam&#8221; e il &#8220;Gnaoua Festival&#8221; di Berlino.<\/span><\/p>\n<p><\/div><br \/>\n<div class=\"one-three last\"><div class=\"gallery-wrap\" ><br \/>\n<br \/>\n<br \/>\n<br \/>\n<div class=\"clear\"><\/div><\/div><div class=\"clear\"><\/div><br \/>\n<\/div><\/p>\n<div class=\"clear\"><\/div>\n","protected":false},"excerpt":{"rendered":"<p>Alaa Zouiten<\/p>\n","protected":false},"author":1,"featured_media":0,"parent":0,"menu_order":0,"comment_status":"closed","ping_status":"closed","template":"","meta":{"footnotes":""},"class_list":["post-6044","page","type-page","status-publish","hentry"],"_links":{"self":[{"href":"http:\/\/www.for-free-hands.de\/it\/wp-json\/wp\/v2\/pages\/6044","targetHints":{"allow":["GET"]}}],"collection":[{"href":"http:\/\/www.for-free-hands.de\/it\/wp-json\/wp\/v2\/pages"}],"about":[{"href":"http:\/\/www.for-free-hands.de\/it\/wp-json\/wp\/v2\/types\/page"}],"author":[{"embeddable":true,"href":"http:\/\/www.for-free-hands.de\/it\/wp-json\/wp\/v2\/users\/1"}],"replies":[{"embeddable":true,"href":"http:\/\/www.for-free-hands.de\/it\/wp-json\/wp\/v2\/comments?post=6044"}],"version-history":[{"count":1,"href":"http:\/\/www.for-free-hands.de\/it\/wp-json\/wp\/v2\/pages\/6044\/revisions"}],"predecessor-version":[{"id":6045,"href":"http:\/\/www.for-free-hands.de\/it\/wp-json\/wp\/v2\/pages\/6044\/revisions\/6045"}],"wp:attachment":[{"href":"http:\/\/www.for-free-hands.de\/it\/wp-json\/wp\/v2\/media?parent=6044"}],"curies":[{"name":"wp","href":"https:\/\/api.w.org\/{rel}","templated":true}]}}