{"id":3790,"date":"2018-02-12T19:07:56","date_gmt":"2018-02-12T17:07:56","guid":{"rendered":"http:\/\/www.for-free-hands.de\/?page_id=3790"},"modified":"2024-04-02T11:34:39","modified_gmt":"2024-04-02T09:34:39","slug":"vladimir-karparov","status":"publish","type":"page","link":"http:\/\/www.for-free-hands.de\/it\/gruppo\/vladimir-karparov\/","title":{"rendered":"Vladimir Karparov"},"content":{"rendered":"<h1><span style=\"color: #000000;\">Vladimir Karparov<\/span><\/h1>\n<div class=\"two-three first\">\n<p><span style=\"color: #000000;\">Ha iniziato a studiare nel 1999 nell&#8217;universit\u00e1 di Amburgo per la musica e il teatro. Nell&#8217;anno 2002 Karparov si trasfer\u00ed a Berlino e fin\u00ec gli studi con successo nell&#8217;universit\u00e1 berlinese per la musica Hanns Eisler. Il sassofonista si concentr\u00f3 e suon\u00f3 per ricevere il premio al festival europeo, asiatico e latino-americano. Vladimir Karparov lavora con Theodosii Spassov, Jiggs Whigham, Gerard Presencer, Ivo Papasov, Kenny Wheeler, Okay Temiz, John Hollenbeck, Gebhard Ullmann, Peter Herbolzheimer, Martin Lubenov und Stoyan Yankoulov.<\/span><\/p>\n<p><\/div> <div class=\"one-three last\"><div class=\"gallery-wrap\" >    <div class=\"clear\"><\/div><\/div><\/p>\n<p><div class=\"clear\"><\/div> <\/div><\/p>\n<div class=\"clear\"><\/div>\n","protected":false},"excerpt":{"rendered":"<p>Vladimir Karparov<\/p>\n","protected":false},"author":1,"featured_media":0,"parent":3746,"menu_order":0,"comment_status":"open","ping_status":"open","template":"","meta":{"footnotes":""},"class_list":["post-3790","page","type-page","status-publish","hentry"],"_links":{"self":[{"href":"http:\/\/www.for-free-hands.de\/it\/wp-json\/wp\/v2\/pages\/3790","targetHints":{"allow":["GET"]}}],"collection":[{"href":"http:\/\/www.for-free-hands.de\/it\/wp-json\/wp\/v2\/pages"}],"about":[{"href":"http:\/\/www.for-free-hands.de\/it\/wp-json\/wp\/v2\/types\/page"}],"author":[{"embeddable":true,"href":"http:\/\/www.for-free-hands.de\/it\/wp-json\/wp\/v2\/users\/1"}],"replies":[{"embeddable":true,"href":"http:\/\/www.for-free-hands.de\/it\/wp-json\/wp\/v2\/comments?post=3790"}],"version-history":[{"count":3,"href":"http:\/\/www.for-free-hands.de\/it\/wp-json\/wp\/v2\/pages\/3790\/revisions"}],"predecessor-version":[{"id":3793,"href":"http:\/\/www.for-free-hands.de\/it\/wp-json\/wp\/v2\/pages\/3790\/revisions\/3793"}],"up":[{"embeddable":true,"href":"http:\/\/www.for-free-hands.de\/it\/wp-json\/wp\/v2\/pages\/3746"}],"wp:attachment":[{"href":"http:\/\/www.for-free-hands.de\/it\/wp-json\/wp\/v2\/media?parent=3790"}],"curies":[{"name":"wp","href":"https:\/\/api.w.org\/{rel}","templated":true}]}}