{"id":3773,"date":"2018-02-12T18:17:08","date_gmt":"2018-02-12T16:17:08","guid":{"rendered":"http:\/\/www.for-free-hands.de\/?page_id=3773"},"modified":"2018-02-14T19:25:08","modified_gmt":"2018-02-14T17:25:08","slug":"roberto-badoglio","status":"publish","type":"page","link":"http:\/\/www.for-free-hands.de\/it\/gruppo\/roberto-badoglio\/","title":{"rendered":"Roberto Badoglio"},"content":{"rendered":"<h1><span style=\"color: #000000;\">Roberto Badoglio<\/span><\/h1>\n<div class=\"two-three first\">\n<p><span style=\"color: #000000;\">Roberto Badoglio fu nato nel 1984 e inizi\u00f2 a suonare il basso dopo aver preso corsi di pianoforte. Compiuti 16 anni, prese lezioni private in Francia con Dominique Di Piazza e pi\u00f9 tardi in Nuova York con Mathew Garrison e Skuli Sverrisson. Durante 2005\/06 frequent\u00f3 l&#8217;Istituto superiore Berklee della musica in Boston, dove anche ebbe l&#8217;opportunit\u00e0 di studiare privatamente con il suonatore di trombone Hal Crook e anche formare la parte dell&#8217;insieme del pianista rinomato Joanne Brackeen. Durante questo periodo di tempo pubblic\u00f2 un album con la band chiamata \u201cOddFlow\u201d.<\/span><\/p>\n<p><span style=\"color: #000000;\">Dopo Berklee si \u00e8 trasferito a Citt\u00e0 di NEW YORK dove si \u00e8 unito alla band del cantante di musica pop Adama e ha continuato a comportarsi in citt\u00e0 cos\u00ec come nei tour internazionali con molti grandi musicisti della scena di NEW YORK, come Louis Cato, Marko Djordjevic, Brad ed Eliot Mason, Hara Garacci e molti altri. A quel tempo registr\u00f2 il suo primo Tempo di Rivalutazione \u201cdi album in assolo\u201d e lo rilasci\u00f2 nel 2010.<\/span><\/p>\n<p><span style=\"color: #000000;\">Roberto attualmente vive in Berlino dove conduce la band internazionale \u201cAl di l\u00e0 di Turbine\u201d insieme con Bj\u00f6ssi Kl\u00fctsch sulla chitarra e con Steve Hunt alle percussioni. In novembre 2015 rilasciarono il loro album di debutto \u201cAl di l\u00e0 di Turbine\u201d. Fu seguito nel 2017 da secondo Errore \u201cdi album di assolo di Roberto Di Preoccupazione\u201d.<\/span><\/p>\n<p><span style=\"color: #000000;\">Adesso \u00e8 coinvolto in parecchi progetti diversi come \u201cL&#8217;Insieme di Jazz Silenzioso\u201d e regolarmente si presenta con la band del sassofonista Reiner Hess \u201cil jazz di Raumshiff\u201d cos\u00ec come lavora con la Guinea Electronic\/Funk-Project Nu.\u00a0Il suono del basso di Roberto \u00e8 caratterizzato per un quattro dito unico techniqued che ha acquisito attraverso il mix di influenze da Dominique Di Piazza, Matthew Garrison e Gary Willis.<\/span><\/p>\n<\/div>\n","protected":false},"excerpt":{"rendered":"<p>Roberto Badoglio Roberto Badoglio fu nato nel 1984 e inizi\u00f2 a suonare il basso dopo aver preso corsi di pianoforte. Compiuti 16 anni, prese lezioni&#8230;<\/p>\n","protected":false},"author":1,"featured_media":0,"parent":3746,"menu_order":0,"comment_status":"open","ping_status":"open","template":"","meta":{"footnotes":""},"class_list":["post-3773","page","type-page","status-publish","hentry"],"_links":{"self":[{"href":"http:\/\/www.for-free-hands.de\/it\/wp-json\/wp\/v2\/pages\/3773","targetHints":{"allow":["GET"]}}],"collection":[{"href":"http:\/\/www.for-free-hands.de\/it\/wp-json\/wp\/v2\/pages"}],"about":[{"href":"http:\/\/www.for-free-hands.de\/it\/wp-json\/wp\/v2\/types\/page"}],"author":[{"embeddable":true,"href":"http:\/\/www.for-free-hands.de\/it\/wp-json\/wp\/v2\/users\/1"}],"replies":[{"embeddable":true,"href":"http:\/\/www.for-free-hands.de\/it\/wp-json\/wp\/v2\/comments?post=3773"}],"version-history":[{"count":11,"href":"http:\/\/www.for-free-hands.de\/it\/wp-json\/wp\/v2\/pages\/3773\/revisions"}],"predecessor-version":[{"id":3883,"href":"http:\/\/www.for-free-hands.de\/it\/wp-json\/wp\/v2\/pages\/3773\/revisions\/3883"}],"up":[{"embeddable":true,"href":"http:\/\/www.for-free-hands.de\/it\/wp-json\/wp\/v2\/pages\/3746"}],"wp:attachment":[{"href":"http:\/\/www.for-free-hands.de\/it\/wp-json\/wp\/v2\/media?parent=3773"}],"curies":[{"name":"wp","href":"https:\/\/api.w.org\/{rel}","templated":true}]}}