{"id":3764,"date":"2018-02-12T18:00:37","date_gmt":"2018-02-12T16:00:37","guid":{"rendered":"http:\/\/www.for-free-hands.de\/?page_id=3764"},"modified":"2024-03-26T18:10:54","modified_gmt":"2024-03-26T16:10:54","slug":"manuel-podhostnik","status":"publish","type":"page","link":"http:\/\/www.for-free-hands.de\/it\/gruppo\/manuel-podhostnik\/","title":{"rendered":"Manuel Podhostnik"},"content":{"rendered":"<h1><span style=\"color: #000000;\">Manuel Podhostnik<\/span><\/h1>\n<div class=\"two-three first\">\n<p><span style=\"color: #000000;\">Manuel Podhostnik, nato in Slovenia, \u00e8 un artista il cui percorso musicale \u00e8 fortemente influenzato dalle sue radici. Trae ispirazione dalla ricca diversit\u00e0 culturale dei Balcani. Questo legame regionale \u00e8 evidente nella sua musica, in cui integra elementi e suoni della diversa tradizione musicale dei Balcani. L&#8217;espressione artistica di Manuel Podhostnik \u00e8 fortemente influenzata dalla natura del jazz nella sua forma essenziale. Questo orientamento gli permette di esprimersi autenticamente come artista. Il suo lavoro \u00e8 caratterizzato dall&#8217;esplorazione, dallo sviluppo e dal superamento dei confini mentali della batteria.<\/span><\/p>\n<p><span style=\"color: #000000;\">Oltre al suo lavoro da solista, Manuel Podhostnik ha collaborato con una lista impressionante di artisti internazionali, tra cui Doug Hammond, Tim Lefebvre, Marko Crncec, Jure Punk, Tadej Kampl, Roberto Badoglio e molti altri. Questa collaborazione indica una vasta gamma di influenze creative e dimostra la sua capacit\u00e0 di interagire con successo con stili musicali e artisti diversi.<\/span><\/p>\n<p><span style=\"color: #000000;\">Manuel Podhostnik \u00e8 attivo anche nel campo del sound design per i media. Questa attivit\u00e0 poliedrica illustra la sua versatilit\u00e0 e il suo impegno in diverse aree della produzione musicale.<\/span><\/p>\n<p><span style=\"color: #000000;\">Oltre a queste attivit\u00e0, Manuel Podhostnik ha pubblicato un CD da solista intitolato &#8220;Curiosity&#8221;, che sottolinea ulteriormente il suo ampio spettro come musicista.<\/span><\/p>\n<p><\/div> <div class=\"one-three last\"><div class=\"gallery-wrap\" >    <div class=\"clear\"><\/div><\/div><div class=\"clear\"><\/div> <\/div><\/p>\n<div class=\"clear\"><\/div>\n","protected":false},"excerpt":{"rendered":"<p>Manuel Podhostnik<\/p>\n","protected":false},"author":1,"featured_media":0,"parent":3746,"menu_order":0,"comment_status":"open","ping_status":"open","template":"","meta":{"footnotes":""},"class_list":["post-3764","page","type-page","status-publish","hentry"],"_links":{"self":[{"href":"http:\/\/www.for-free-hands.de\/it\/wp-json\/wp\/v2\/pages\/3764","targetHints":{"allow":["GET"]}}],"collection":[{"href":"http:\/\/www.for-free-hands.de\/it\/wp-json\/wp\/v2\/pages"}],"about":[{"href":"http:\/\/www.for-free-hands.de\/it\/wp-json\/wp\/v2\/types\/page"}],"author":[{"embeddable":true,"href":"http:\/\/www.for-free-hands.de\/it\/wp-json\/wp\/v2\/users\/1"}],"replies":[{"embeddable":true,"href":"http:\/\/www.for-free-hands.de\/it\/wp-json\/wp\/v2\/comments?post=3764"}],"version-history":[{"count":5,"href":"http:\/\/www.for-free-hands.de\/it\/wp-json\/wp\/v2\/pages\/3764\/revisions"}],"predecessor-version":[{"id":6033,"href":"http:\/\/www.for-free-hands.de\/it\/wp-json\/wp\/v2\/pages\/3764\/revisions\/6033"}],"up":[{"embeddable":true,"href":"http:\/\/www.for-free-hands.de\/it\/wp-json\/wp\/v2\/pages\/3746"}],"wp:attachment":[{"href":"http:\/\/www.for-free-hands.de\/it\/wp-json\/wp\/v2\/media?parent=3764"}],"curies":[{"name":"wp","href":"https:\/\/api.w.org\/{rel}","templated":true}]}}