{"id":3688,"date":"2018-02-11T19:18:31","date_gmt":"2018-02-11T17:18:31","guid":{"rendered":"http:\/\/www.for-free-hands.de\/?page_id=3688"},"modified":"2024-04-03T12:24:06","modified_gmt":"2024-04-03T10:24:06","slug":"recensioni-2","status":"publish","type":"page","link":"http:\/\/www.for-free-hands.de\/it\/recensioni-2\/","title":{"rendered":"Recensioni"},"content":{"rendered":"<p><a href=\"http:\/\/www.for-free-hands.de\/wp-content\/uploads\/2023\/04\/Live-2023-scaled.jpg\"><img loading=\"lazy\" decoding=\"async\" class=\"alignnone size-medium wp-image-5385\" src=\"http:\/\/www.for-free-hands.de\/wp-content\/uploads\/2023\/04\/Live-2023-300x200.jpg\" alt=\"\" width=\"300\" height=\"200\" srcset=\"http:\/\/www.for-free-hands.de\/wp-content\/uploads\/2023\/04\/Live-2023-300x200.jpg 300w, http:\/\/www.for-free-hands.de\/wp-content\/uploads\/2023\/04\/Live-2023-1024x681.jpg 1024w, http:\/\/www.for-free-hands.de\/wp-content\/uploads\/2023\/04\/Live-2023-768x511.jpg 768w, http:\/\/www.for-free-hands.de\/wp-content\/uploads\/2023\/04\/Live-2023-1536x1022.jpg 1536w, http:\/\/www.for-free-hands.de\/wp-content\/uploads\/2023\/04\/Live-2023-2048x1363.jpg 2048w\" sizes=\"auto, (max-width: 300px) 100vw, 300px\" \/><\/a><a href=\"http:\/\/www.for-free-hands.de\/wp-content\/uploads\/2023\/10\/FFH-Andreas-Live-scaled.jpg\"><img loading=\"lazy\" decoding=\"async\" class=\"alignnone wp-image-5826\" src=\"http:\/\/www.for-free-hands.de\/wp-content\/uploads\/2023\/10\/FFH-Andreas-Live-300x194.jpg\" alt=\"\" width=\"309\" height=\"200\" srcset=\"http:\/\/www.for-free-hands.de\/wp-content\/uploads\/2023\/10\/FFH-Andreas-Live-300x194.jpg 300w, http:\/\/www.for-free-hands.de\/wp-content\/uploads\/2023\/10\/FFH-Andreas-Live-1024x661.jpg 1024w, http:\/\/www.for-free-hands.de\/wp-content\/uploads\/2023\/10\/FFH-Andreas-Live-768x496.jpg 768w, http:\/\/www.for-free-hands.de\/wp-content\/uploads\/2023\/10\/FFH-Andreas-Live-1536x991.jpg 1536w, http:\/\/www.for-free-hands.de\/wp-content\/uploads\/2023\/10\/FFH-Andreas-Live-2048x1322.jpg 2048w\" sizes=\"auto, (max-width: 309px) 100vw, 309px\" \/> <\/a><a href=\"http:\/\/www.for-free-hands.de\/wp-content\/uploads\/2023\/10\/Jazzpodium-Deckblatt.jpg\"><img loading=\"lazy\" decoding=\"async\" class=\"alignnone wp-image-5828\" src=\"http:\/\/www.for-free-hands.de\/wp-content\/uploads\/2023\/10\/Jazzpodium-Deckblatt-212x300.jpg\" alt=\"\" width=\"172\" height=\"243\" srcset=\"http:\/\/www.for-free-hands.de\/wp-content\/uploads\/2023\/10\/Jazzpodium-Deckblatt-212x300.jpg 212w, http:\/\/www.for-free-hands.de\/wp-content\/uploads\/2023\/10\/Jazzpodium-Deckblatt.jpg 660w\" sizes=\"auto, (max-width: 172px) 100vw, 172px\" \/><\/a><a href=\"http:\/\/www.for-free-hands.de\/wp-content\/uploads\/2023\/10\/FOR-FFREE-HANDS-@-JazzPodiu.jpg\"><img loading=\"lazy\" decoding=\"async\" class=\"alignnone wp-image-5829\" src=\"http:\/\/www.for-free-hands.de\/wp-content\/uploads\/2023\/10\/FOR-FFREE-HANDS-@-JazzPodiu-206x300.jpg\" alt=\"\" width=\"163\" height=\"237\" srcset=\"http:\/\/www.for-free-hands.de\/wp-content\/uploads\/2023\/10\/FOR-FFREE-HANDS-@-JazzPodiu-206x300.jpg 206w, http:\/\/www.for-free-hands.de\/wp-content\/uploads\/2023\/10\/FOR-FFREE-HANDS-@-JazzPodiu-704x1024.jpg 704w, http:\/\/www.for-free-hands.de\/wp-content\/uploads\/2023\/10\/FOR-FFREE-HANDS-@-JazzPodiu-768x1118.jpg 768w, http:\/\/www.for-free-hands.de\/wp-content\/uploads\/2023\/10\/FOR-FFREE-HANDS-@-JazzPodiu.jpg 780w\" sizes=\"auto, (max-width: 163px) 100vw, 163px\" \/><\/a><\/p>\n<p><span style=\"color: #000000;\"><strong>Jazzpodium sul nuovo CD 10-2023<\/strong>: &#8220;Un melange di musica popolare magrebina e jazz europeo era gi\u00e0 stato tentato dieci anni fa da Joachim K\u00fchn e Majid Bekkas, e qui si potrebbero citare anche Charles Lloyd e Anouar Brahem dalla Tunisia. Il chitarrista Andreas Brunn fa un ulteriore passo avanti e integra il suonatore di oud marocchino Alaa Zouiten in modo cos\u00ec perfetto nel suo quartetto di jazz fusion urbano For Free Hands che emerge una forma di musica veramente nuova e originale, ben al di l\u00e0 di tutti i tentativi di simbiosi con la world music e di confini di genere troppo stretti. &#8230; Nel trasmettere il fuoco, i cinque musicisti Free Hands provenienti da Italia, Bulgaria, Uruguay, Marocco e Germania non accendono deliberatamente una conflagrazione devastante, ma piuttosto mondi sonori sottili, duraturi ed enfatici che rimangono nell&#8217;orecchio con un carattere di faro o di punto di riferimento di vasta portata&#8221;. <strong>Rainer Bratfisch<\/strong><\/span><\/p>\n<p><span style=\"color: #000000;\"><strong>La rivista <span style=\"color: #000080;\"><a style=\"color: #000080;\" href=\"https:\/\/www.jazzthing.de\/review\/for-free-hands-alaa-zouiten-the-passing-on-of-the-fire\/\" target=\"_blank\" rel=\"noopener\">Jazzmagazin Jazzthing<\/a><\/span> parla del nuovo CD<\/strong>: &#8220;Pezzi ritmicamente sofisticati soddisfano l&#8217;orecchio anche dell&#8217;ascoltatore pi\u00f9 esigente, belle melodie caratterizzano le composizioni. Diversi, colorati, groove, disinvolti &#8211; i cinque musicisti provenienti da cinque paesi offrono un jazz urbano e orecchiabile, con una buona dose di ingredienti orientali.&#8221; <strong>Christoph Giese, Jazz thing 150<\/strong><\/span><\/p>\n<p><span style=\"color: #000000;\"><strong><span style=\"color: #000080;\"><a style=\"color: #000080;\" href=\"https:\/\/www.jazz-fun.de\/for-free-hands-feat-alaa-zouiten-the-passing-on-of-the-fire.html\" target=\"_blank\" rel=\"noopener\">jazz-fun.de<\/a> <\/span> sul nuovo CD<\/strong>: &#8220;In un lavoro ricco di materiale fresco, Andreas Brunn fa uso di un ampio arsenale strumentale. Il risultato \u00e8 un grande album nella zona di confine tra jazz e fusion con escursioni jazz-rock. Mi piacciono gli agili assoli del chitarrista in interazione con il sassofono, sostenuto dall&#8217;oud di Alaa Zouiten. Un grande album, siamo entusiasti!&#8221;.<\/span><\/p>\n<p><span style=\"color: #000000;\"><strong>La rivista jazz belga <span style=\"color: #000080;\"><a style=\"color: #000080;\" href=\"https:\/\/www.jazzhalo.be\/reviews\/cdlpk7-reviews\/various\/laika-records-double\/\">Jazzhalo ha commentato il nuovo CD 11-2023<\/a><\/span><\/strong>: &#8220;Andreas Brunn ha sempre avuto un debole per le firme temporali storte e le composizioni in cui due metri sembrano lavorare l&#8217;uno contro l&#8217;altro. Questo \u00e8 il caso del brano &#8220;Brotherhood of 7&#8221;. Il sassofonista si distingue per il suo virtuosismo e per le sue &#8220;linee sonore contorte&#8221;. Ma anche l&#8217;elaborato modo di suonare gli archi di Brunn gioca un ruolo importante nel plasmare la tonalit\u00e0 del brano. Al primo ascolto, &#8220;Hada Makan&#8221; ricorda una danza, caratterizzata dai suoni degli archi dell&#8217;oud, che viene messo in evidenza come solista. Seguono le linee del bassista elettrico e le giocose sillabe tonali che il chitarrista apporta al brano. Ci\u00f2 che ascoltiamo suona molto allegro. \u00c8 facile immaginare una scena con incantatori di serpenti, danzatori e musicisti in una delle citt\u00e0 tradizionali del Marocco, come Meknes o Fez&#8221;. Ferdinand Dupuis-Panther.<\/span><\/p>\n<p><span style=\"color: #000000;\"><strong>Recensione dal vivo<\/strong>: <span style=\"color: #000080;\"><strong><a style=\"color: #000080;\" href=\"https:\/\/www.insuedthueringen.de\/inhalt.sommerkonzert-moderner-jazz-exotisches-instrument.c5baa7b5-5543-4ac7-bf57-333a75e40cae.html\">S\u00fcdth\u00fcringen.de<\/a><\/strong><\/span> parla del nostro concerto al <span style=\"color: #000080;\"><strong><a style=\"color: #000080;\" href=\"https:\/\/www.jazzclub-ilmenau.de\/\">Jazzclub Ilmenau<\/a><\/strong><\/span> giugno 2023: &#8220;Una parte della comunit\u00e0 jazzistica berlinese ha entusiasmato il pubblico di Ilmenau: &#8220;For Free Hands&#8221; con il musicista marocchino Alaa Zouiten ha dato il primo dei tre concerti estivi al jazz club venerd\u00ec. &#8230; Non solo i toni tradizionali dell&#8217;oud possono essere ascoltati da Zouiten, ma lui e il suo strumento si inseriscono con sincerit\u00e0 anche nei pezzi pi\u00f9 moderni della band &#8220;For Free Hands&#8221; e la sua espressione facciale urla letteralmente: &#8220;Amo quello che sto facendo qui&#8221;. Anche le composizioni del berlinese marocchino si possono ascoltare venerd\u00ec, come &#8220;Thanx Kenny&#8221;, che la band aveva gi\u00e0 suonato dal vivo insieme in Marocco in passato. &#8230;<\/span><\/p>\n<p><span style=\"color: #000000;\">Dopo un prolungato applauso, segue un bis e Brunn \u00e8 visibilmente soddisfatto nel constatare che il jazz del gruppo, che non \u00e8 inteso come musica da ballo, viene ballato da molti ospiti in modo vivace e persistente. Michael M\u00f6ller, presidente del jazz club, riassume positivamente la serata: &#8220;La cosa pi\u00f9 importante per noi \u00e8 la musica e la bella sensazione che si prova quando possiamo organizzare un evento come questo con grandi musicisti rispettati nella scena jazz&#8221;.<\/span><\/p>\n<p><span style=\"color: #000000;\"><strong>Modern\u00edcolas : FOR FREE HANDS @ MALAGA JAZZFESTIVAL:<\/strong> &#8220;&#8230; un nuovo modo di intendere il jazz&#8230; Sinergia \u00e8 la parola per definire questo quartetto berlinese. For Free Hand \u00e8 sinonimo di jazz contemporaneo. Suoni dissonanti si sono evoluti in splendide melodie che fluttuano su un tappeto ritmico variegato. Questo impressionante quartetto ha affascinato tutti i presenti con la sua musica, che ha unito le culture pi\u00f9 diverse. &#8230;.&#8221;\u00a0<em><strong>Javier Mart\u00ednez<\/strong><\/em><\/span><\/p>\n<p><span style=\"color: #000000;\"><strong>Anis Hajjam (Telquel &#8211; Casablanca)<\/strong> &#8220;Il liutista Alaa Zouiten \u00e8 uno dei pi\u00f9 dotati della sua generazione. Devoto a un&#8217;incorporazione musicale riflessiva di molte influenze, contribuisce con una sincerit\u00e0 che si vorrebbe vedere pi\u00f9 spesso.&#8221;<\/span><\/p>\n<p><a href=\"http:\/\/www.for-free-hands.de\/wp-content\/uploads\/2023\/10\/FFH_shooting-31-Duo.jpg\"><img loading=\"lazy\" decoding=\"async\" class=\"alignnone wp-image-5835\" src=\"http:\/\/www.for-free-hands.de\/wp-content\/uploads\/2023\/10\/FFH_shooting-31-Duo-300x173.jpg\" alt=\"\" width=\"609\" height=\"351\" srcset=\"http:\/\/www.for-free-hands.de\/wp-content\/uploads\/2023\/10\/FFH_shooting-31-Duo-300x173.jpg 300w, http:\/\/www.for-free-hands.de\/wp-content\/uploads\/2023\/10\/FFH_shooting-31-Duo-1024x592.jpg 1024w, http:\/\/www.for-free-hands.de\/wp-content\/uploads\/2023\/10\/FFH_shooting-31-Duo-768x444.jpg 768w, http:\/\/www.for-free-hands.de\/wp-content\/uploads\/2023\/10\/FFH_shooting-31-Duo.jpg 1228w\" sizes=\"auto, (max-width: 609px) 100vw, 609px\" \/><\/a><\/p>\n<p><span style=\"color: #000000;\"><strong>Aziz Sehmaoui (Parigi)<\/strong> &#8220;Alaa Zouiten \u00e8 un grande lavoratore, un grande musicista. Un conoscitore come raramente se ne incontrano. Il suo amore \u00e8 parlare e gridare con l&#8217;oud. Suona con grande passione&#8221;.<\/span><\/p>\n<p><span style=\"color: #000000;\"><strong>Gaildorfer Rundschau:<\/strong> &#8220;&#8230; Specializzati in ritmi infernali &#8211; Esuberante, esuberante e ruggente &#8211; cos\u00ec si \u00e8 presentato il quartetto &#8220;For free Hands&#8221;. I concetti polimetrici hanno creato una tensione insolita nella musica. Quando le cadenze di chitarra e sassofono si sono mescolate su un ritmo di 13\/16 in &#8220;Magic Friday&#8221;, i musicisti erano nel loro elemento. Il pubblico \u00e8 rimasto semplicemente sbalordito da &#8220;For free Hands&#8221;. &#8230;&#8221;<\/span><\/p>\n<p><span style=\"color: #000000;\"><strong>Kieler Nachrichten:<\/strong> &#8220;Andreas Brunn evoca sempre ricordi di John McLaughlin. Il suo modo di suonare e il suo talento compositivo sono enigmatici e di intelligente arguzia; dopo tutto, una fuga jazz come &#8220;Wizards&#8217; Cube&#8221; non si scrive da sola&#8221;.<\/span><\/p>\n<p><a href=\"http:\/\/www.for-free-hands.de\/wp-content\/uploads\/2018\/01\/FFH-2018.jpg\"><img loading=\"lazy\" decoding=\"async\" class=\"alignnone wp-image-3300\" src=\"http:\/\/www.for-free-hands.de\/wp-content\/uploads\/2018\/01\/FFH-2018.jpg\" alt=\"\" width=\"1065\" height=\"399\" srcset=\"http:\/\/www.for-free-hands.de\/wp-content\/uploads\/2018\/01\/FFH-2018.jpg 960w, http:\/\/www.for-free-hands.de\/wp-content\/uploads\/2018\/01\/FFH-2018-300x113.jpg 300w, http:\/\/www.for-free-hands.de\/wp-content\/uploads\/2018\/01\/FFH-2018-768x288.jpg 768w\" sizes=\"auto, (max-width: 1065px) 100vw, 1065px\" \/><\/a><\/p>\n<p><span style=\"color: #000000;\"><strong>Westf\u00e4lische Zeitung<\/strong> &#8220;&#8230; L&#8217;ensemble FOR FREE HANDS, che ruota attorno al noto virtuoso d&#8217;archi e compositore Andreas Brunn, ha offerto al pubblico entusiasta un ottimo esempio di jazz contemporaneo con il suo energico modo di suonare. In un vero e proprio &#8220;Caleidoscopio della Libert\u00e0&#8221;, il quartetto ha mostrato la propria visione del mondo, apparendo immagini sonore di ammaliante bellezza. &#8230;.&#8221;<\/span><\/p>\n<p><span style=\"color: #000000;\"><strong>Braunschweiger Zeitung<\/strong> &#8220;&#8230; FOR FREE HANDS \u00e8 un nome programmatico? \u00c8 libert\u00e0 di espressione musicale senza limiti? Beh, la musica lo mette in luce. Per esempio &#8220;Perpetuum 5&#8243;. Inizio lento, tempo crescente. Cambi di accordi molto veloci, ad ogni quarto di battuta, se non all&#8217;ottavo. L&#8217;assolo di chitarra di Andreas Brunn: nel modo migliore di John Scofield, melodia fluida e rapidi cambi di accordi si fondono. &#8230;.&#8221;<\/span><\/p>\n<p><span style=\"color: #000000;\"><strong>Lausitzer Rundschau<\/strong> &#8221; &#8230; L&#8217;ensemble tedesco-bulgaro-greco For Free Hands ha dimostrato nella sua esibizione con Floros Floridis (sax, clarinetto) e Alaa Zouiten (oud) che Occidente e Oriente possono incontrarsi a livello visivo e avere qualcosa da dire, almeno musicalmente. Il leader della band Andreas Brunn ha un debole per i metri dispari e i poliritmi della musica tradizionale bulgara. Magic Friday&#8221;, per esempio, \u00e8 scritta in tempo 13\/16. Inoltre, c&#8217;\u00e8 stato un intenso incontro con la musica di Floros Floridis e Alaa Zouiten. I musicisti di For Free Hands e Alaa Zouiten si sono conosciuti durante le esibizioni in Marocco. La Societ\u00e0 tedesca sostiene il tour di concerti &#8220;Incontri tra Oriente e Occidente&#8221;. &#8230;&#8221; <strong>L. Hoberg<\/strong><\/span><\/p>\n<p><span style=\"color: #000000;\"><strong>Jazzpodium CD Review<\/strong> &#8220;&#8230; Andreas Brunn \u00e8 un chitarrista e compositore impegnato, un attivo costruttore di ponti e riconciliatore, e particolarmente affezionato all&#8217;Oriente, Bulgaria nota bene. &#8230; &#8220;Perpetuum five&#8221; si presenta come un postbop elettrificato, pi\u00f9 avvincente, pi\u00f9 angolare, pi\u00f9 tagliente, pi\u00f9 cattivo, pi\u00f9 arrabbiato, pi\u00f9 jazziano. \u00c8 qui che Karparov e Brunn sono particolarmente vivaci e sorprendenti.&#8221; <strong>Alexander Schmitz<\/strong><\/span><\/p>\n","protected":false},"excerpt":{"rendered":"<p>Jazzpodium sul nuovo CD 10-2023: &#8220;Un melange di musica popolare magrebina e jazz europeo era gi\u00e0 stato tentato dieci anni fa da Joachim K\u00fchn e&#8230;<\/p>\n","protected":false},"author":1,"featured_media":0,"parent":0,"menu_order":0,"comment_status":"open","ping_status":"open","template":"","meta":{"footnotes":""},"class_list":["post-3688","page","type-page","status-publish","hentry"],"_links":{"self":[{"href":"http:\/\/www.for-free-hands.de\/it\/wp-json\/wp\/v2\/pages\/3688","targetHints":{"allow":["GET"]}}],"collection":[{"href":"http:\/\/www.for-free-hands.de\/it\/wp-json\/wp\/v2\/pages"}],"about":[{"href":"http:\/\/www.for-free-hands.de\/it\/wp-json\/wp\/v2\/types\/page"}],"author":[{"embeddable":true,"href":"http:\/\/www.for-free-hands.de\/it\/wp-json\/wp\/v2\/users\/1"}],"replies":[{"embeddable":true,"href":"http:\/\/www.for-free-hands.de\/it\/wp-json\/wp\/v2\/comments?post=3688"}],"version-history":[{"count":13,"href":"http:\/\/www.for-free-hands.de\/it\/wp-json\/wp\/v2\/pages\/3688\/revisions"}],"predecessor-version":[{"id":6211,"href":"http:\/\/www.for-free-hands.de\/it\/wp-json\/wp\/v2\/pages\/3688\/revisions\/6211"}],"wp:attachment":[{"href":"http:\/\/www.for-free-hands.de\/it\/wp-json\/wp\/v2\/media?parent=3688"}],"curies":[{"name":"wp","href":"https:\/\/api.w.org\/{rel}","templated":true}]}}