{"id":3410,"date":"2018-02-02T14:48:55","date_gmt":"2018-02-02T12:48:55","guid":{"rendered":"http:\/\/www.for-free-hands.de\/?page_id=3410"},"modified":"2025-04-24T18:33:52","modified_gmt":"2025-04-24T16:33:52","slug":"the-passing-on-of-the-fire","status":"publish","type":"page","link":"http:\/\/www.for-free-hands.de\/it\/media-2\/cds\/the-passing-on-of-the-fire\/","title":{"rendered":"The passing on of the fire"},"content":{"rendered":"<p><a href=\"http:\/\/www.for-free-hands.de\/wp-content\/uploads\/2023\/10\/FFH-Digipac-front.jpg\"><img loading=\"lazy\" decoding=\"async\" class=\"alignnone wp-image-5601 size-medium\" src=\"http:\/\/www.for-free-hands.de\/wp-content\/uploads\/2023\/10\/FFH-Digipac-front-300x257.jpg\" alt=\"\" width=\"300\" height=\"257\" srcset=\"http:\/\/www.for-free-hands.de\/wp-content\/uploads\/2023\/10\/FFH-Digipac-front-300x257.jpg 300w, http:\/\/www.for-free-hands.de\/wp-content\/uploads\/2023\/10\/FFH-Digipac-front.jpg 577w\" sizes=\"auto, (max-width: 300px) 100vw, 300px\" \/><\/a><\/p>\n<p><span style=\"color: #000000;\">Prima di tutto: il nostro <strong>CD<\/strong> <strong>For Free Hands <\/strong>feat.<strong> Alaa Zouiten<\/strong> <strong>\u00a0&#8220;The passing on of the fire&#8221; <\/strong>\u00e8 eletto <span style=\"color: #000080;\"><strong><a style=\"color: #000080;\" href=\"https:\/\/www.ndr.de\/kultur\/musik\/jazz\/Jazzalbum-der-Woche-The-Passing-On-Of-The-Fire-For-Free-Hands-Alaa-Zouiten,forfreehands102.html\" target=\"_blank\" rel=\"noopener\">\u201cJazzalbum of the week!\u201d<\/a><\/strong><\/span> da <strong><span style=\"color: #000080;\"><a style=\"color: #000080;\" href=\"https:\/\/www.ndr.de\/kultur\/index.html\" target=\"_blank\" rel=\"noopener\">NDR Kultur<\/a><\/span><\/strong>! GRAZIE! Siamo molto felici!<\/span><\/p>\n<p><a href=\"http:\/\/www.for-free-hands.de\/wp-content\/uploads\/2023\/10\/2023-FFH-Foto-slider.jpg\"><img loading=\"lazy\" decoding=\"async\" class=\"wp-image-5602 aligncenter\" src=\"http:\/\/www.for-free-hands.de\/wp-content\/uploads\/2023\/10\/2023-FFH-Foto-slider-300x152.jpg\" alt=\"\" width=\"610\" height=\"309\" srcset=\"http:\/\/www.for-free-hands.de\/wp-content\/uploads\/2023\/10\/2023-FFH-Foto-slider-300x152.jpg 300w, http:\/\/www.for-free-hands.de\/wp-content\/uploads\/2023\/10\/2023-FFH-Foto-slider-160x80.jpg 160w, http:\/\/www.for-free-hands.de\/wp-content\/uploads\/2023\/10\/2023-FFH-Foto-slider.jpg 743w\" sizes=\"auto, (max-width: 610px) 100vw, 610px\" \/><\/a><\/p>\n<p><span style=\"color: #000000;\">Con Vladimir Karparov, Diego Pi\u00f1era, Roberto Badoglio e Andreas Brunn, <strong>FOR FREE HANDS<\/strong> \u00e8 percepito come parte della comunit\u00e0 jazz internazionale che vive a Berlino. Con <a href=\"http:\/\/www.alaazouiten.com\/\" target=\"_blank\" rel=\"noopener\"><strong><span style=\"color: #000080;\">Alaa Zouiten<\/span><\/strong><\/a>, si aggiunge un altro strumentista molto interessante che rappresenta in egual misura le tradizioni musicali del Marocco e le sonorit\u00e0 moderne dell&#8217;oud.<\/span><\/p>\n<p><span style=\"color: #000000;\">FOR FREE HANDS \u00e8 stato prenotato qualche anno fa per il festival <span style=\"color: #000080;\"><a style=\"color: #000080;\" href=\"https:\/\/youtu.be\/teZTA6eJAAw\" target=\"_blank\" rel=\"noopener\"><strong>Jazz au Chellah<\/strong><\/a><\/span> in Marocco, unitamente alla richiesta di realizzare un progetto con il virtuoso di oud marocchino Alaa Zouiten. Il nostro concerto davanti a circa 2000 persone ha avuto un tale successo che abbiamo deciso di sviluppare ulteriormente il nostro incontro musicale. In questa costellazione, sul palco si alternano musicisti provenienti da 5 nazioni.<\/span><\/p>\n<p><span style=\"color: #000000;\">Sono molto, molto soddisfatto della musica che ne \u00e8 scaturita. Tutti i colleghi hanno dato molto e ne \u00e8 nato un album molto bello, intenso e colorato.\u00a0<\/span><span style=\"color: #000000;\">Una delle mie citazioni preferite \u00e8 &#8220;La tradizione \u00e8 il passaggio del fuoco e non il culto delle ceneri&#8221;. (attribuita a Gustav Mahler). Naturalmente sarebbe troppo lunga per il titolo di un CD. Ecco perch\u00e9 il nostro (ora quinto) album si chiama <strong>&#8220;The passing on of the fire&#8221;<\/strong>.<\/span><\/p>\n<p><span style=\"color: #000000;\">Questo titolo mi sembra molto adatto alla storia dei For Free Hands, da Hans Hartmann all&#8217;attuale CD con Alaa Zouiten. Volevo anche ricordare Hans, scomparso nel luglio del 2022 dopo una lunga malattia. Per questo motivo la sua composizione &#8220;Killer Joke&#8221; \u00e8 presente nel nostro album.<\/span><\/p>\n<p><span style=\"color: #000000;\">Chick Corea si \u00e8 spento nel febbraio 2021. Una grande perdita per il mondo del jazz! Sono un grande fan della sua grande musica e desideravo molto lavorare a una composizione per il nostro CD. \u00c8 cos\u00ec che \u00e8 nato l&#8217;arrangiamento di &#8220;Armando&#8217;s Rhumba&#8221; in 9\/8.<\/span><\/p>\n<p><span style=\"color: #000000;\">Il premio 2022 Jazz Studio Award vinto dal FFH ha reso possibili le eccezionali registrazioni del <a href=\"https:\/\/www.berlin.de\/musikschule-mh\/tonstudio\/\" target=\"_blank\" rel=\"noopener\"><strong><span style=\"color: #000080;\">Tune In Studio<\/span><\/strong><\/a>. Con il suo eccellente lavoro, l&#8217;ingegnere del suono Peer Triebler ha contribuito in modo significativo alla realizzazione del CD nell&#8217;attuale altissima qualit\u00e0.<\/span><\/p>\n<p><span style=\"color: #000000;\">Un&#8217;ultima frase sulla copertina del CD: A marzo, gli amarilli sulla mia finestra sono fioriti di nuovo con una brillantezza infuocata. Nello stesso periodo io e Peter Cronemeyer della <a href=\"http:\/\/www.laika-records.com\/\" target=\"_blank\" rel=\"noopener\"><strong><span style=\"color: #000080;\">Laika Records<\/span><\/strong><\/a> stavamo cercando un&#8217;idea per la copertina. In quel periodo mi sono svegliato una mattina con l&#8217;immagine intensa del fiore dell&#8217;amarillo in relazione ai nostri strumenti. Il mio vicino e amico <span style=\"color: #000080;\"><a style=\"color: #000080;\" href=\"http:\/\/www.letsmetz.com\" target=\"_blank\" rel=\"noopener\"><strong>Benjamin Metz<\/strong><\/a><\/span>, un bravo grafico, ha realizzato questa idea per il nostro CD.<\/span><\/p>\n<p><span style=\"color: #000000;\">Ringraziamenti :\u00a0<\/span><span style=\"color: #000000;\">Vorrei cogliere l&#8217;occasione per ringraziare il <span style=\"color: #000080;\"><strong><a style=\"color: #000080;\" href=\"https:\/\/www.berlin.de\/sen\/kultur\/\" target=\"_blank\" rel=\"noopener\">Senatsverwaltung f\u00fcr Kultur und Gesellschaftlichen Zusammenhalt \u2013 Abteilung Kultur<\/a><\/strong><\/span>, Berlino, che organizza una promozione del jazz a Berlino davvero degna di nota.<\/span><\/p>\n<p><span style=\"color: #000000;\">Andreas Brunn, Berlin 08.09.2023<\/span><\/p>\n<p><a href=\"http:\/\/www.for-free-hands.de\/wp-content\/uploads\/2023\/10\/FFH_shooting-41-scaled.jpg\"><img loading=\"lazy\" decoding=\"async\" class=\"wp-image-5799 aligncenter\" src=\"http:\/\/www.for-free-hands.de\/wp-content\/uploads\/2023\/10\/FFH_shooting-41-300x200.jpg\" alt=\"\" width=\"593\" height=\"395\" srcset=\"http:\/\/www.for-free-hands.de\/wp-content\/uploads\/2023\/10\/FFH_shooting-41-300x200.jpg 300w, http:\/\/www.for-free-hands.de\/wp-content\/uploads\/2023\/10\/FFH_shooting-41-1024x682.jpg 1024w, http:\/\/www.for-free-hands.de\/wp-content\/uploads\/2023\/10\/FFH_shooting-41-768x512.jpg 768w, http:\/\/www.for-free-hands.de\/wp-content\/uploads\/2023\/10\/FFH_shooting-41-1536x1023.jpg 1536w, http:\/\/www.for-free-hands.de\/wp-content\/uploads\/2023\/10\/FFH_shooting-41-2048x1364.jpg 2048w\" sizes=\"auto, (max-width: 593px) 100vw, 593px\" \/><\/a><\/p>\n","protected":false},"excerpt":{"rendered":"<p>Prima di tutto: il nostro CD For Free Hands feat. Alaa Zouiten \u00a0&#8220;The passing on of the fire&#8221; \u00e8 eletto \u201cJazzalbum of the week!\u201d da&#8230;<\/p>\n","protected":false},"author":1,"featured_media":7226,"parent":3385,"menu_order":0,"comment_status":"open","ping_status":"open","template":"","meta":{"footnotes":""},"class_list":["post-3410","page","type-page","status-publish","has-post-thumbnail","hentry"],"_links":{"self":[{"href":"http:\/\/www.for-free-hands.de\/it\/wp-json\/wp\/v2\/pages\/3410","targetHints":{"allow":["GET"]}}],"collection":[{"href":"http:\/\/www.for-free-hands.de\/it\/wp-json\/wp\/v2\/pages"}],"about":[{"href":"http:\/\/www.for-free-hands.de\/it\/wp-json\/wp\/v2\/types\/page"}],"author":[{"embeddable":true,"href":"http:\/\/www.for-free-hands.de\/it\/wp-json\/wp\/v2\/users\/1"}],"replies":[{"embeddable":true,"href":"http:\/\/www.for-free-hands.de\/it\/wp-json\/wp\/v2\/comments?post=3410"}],"version-history":[{"count":13,"href":"http:\/\/www.for-free-hands.de\/it\/wp-json\/wp\/v2\/pages\/3410\/revisions"}],"predecessor-version":[{"id":7663,"href":"http:\/\/www.for-free-hands.de\/it\/wp-json\/wp\/v2\/pages\/3410\/revisions\/7663"}],"up":[{"embeddable":true,"href":"http:\/\/www.for-free-hands.de\/it\/wp-json\/wp\/v2\/pages\/3385"}],"wp:featuredmedia":[{"embeddable":true,"href":"http:\/\/www.for-free-hands.de\/it\/wp-json\/wp\/v2\/media\/7226"}],"wp:attachment":[{"href":"http:\/\/www.for-free-hands.de\/it\/wp-json\/wp\/v2\/media?parent=3410"}],"curies":[{"name":"wp","href":"https:\/\/api.w.org\/{rel}","templated":true}]}}