{"id":3385,"date":"2018-02-01T18:30:24","date_gmt":"2018-02-01T16:30:24","guid":{"rendered":"http:\/\/www.for-free-hands.de\/?page_id=3385"},"modified":"2025-04-25T12:15:46","modified_gmt":"2025-04-25T10:15:46","slug":"cds","status":"publish","type":"page","link":"http:\/\/www.for-free-hands.de\/it\/media-2\/cds\/","title":{"rendered":"CDs"},"content":{"rendered":"<p><span style=\"color: #000000;\">Albert Camus ha scritto una volta: \u00a0 <strong>\u201eNon c&#8217;\u00e9 nessuna libert\u00e1 senza una comprensione reciproca.\u201c<\/strong><\/span> <span style=\"color: #000000;\">\u00a0&#8230; Per me questa frase descrive idealmente anche l&#8217;interazione nel Jazz. Se ci capissimo di pi\u00fa e meglio, allora sar\u00e1 tutto possibile! L\u00ed, nell&#8217;interazione col Jazz, si creano incredibili momenti di intensivit\u00e1, i quali sorprendono ancora dopo l&#8217;ascolto per le loro qualit\u00e1 d&#8217;interazione collettiva.<\/span><\/p>\n<p>&nbsp;<\/p>\n<p><span style=\"color: #000000;\"><div class=\"one-four first\"><a href=\"http:\/\/www.for-free-hands.de\/wp-content\/uploads\/2023\/10\/FFH-Digipac-front.jpg\"><img loading=\"lazy\" decoding=\"async\" class=\"alignnone wp-image-5601 \" src=\"http:\/\/www.for-free-hands.de\/wp-content\/uploads\/2023\/10\/FFH-Digipac-front-300x257.jpg\" alt=\"\" width=\"225\" height=\"193\" srcset=\"http:\/\/www.for-free-hands.de\/wp-content\/uploads\/2023\/10\/FFH-Digipac-front-300x257.jpg 300w, http:\/\/www.for-free-hands.de\/wp-content\/uploads\/2023\/10\/FFH-Digipac-front.jpg 577w\" sizes=\"auto, (max-width: 225px) 100vw, 225px\" \/><\/a><strong>The passing on of the fire<\/strong><\/span><br \/>\n<span style=\"color: #000000;\"><\/div><div class=\"three-four last\"> Il nostro CD FFH &#8220;The passing on of the fire&#8221; \u00e8 stato il CD della settimana su <strong><a style=\"color: #000000;\" href=\"https:\/\/www.jazz-fun.de\/for-free-hands-feat-alaa-zouiten-the-passing-on-of-the-fire.html\" target=\"_blank\" rel=\"noopener\">jazz-fun.de<\/a><\/strong>\u00a0all&#8217;inizio di ottobre: &#8220;In un lavoro ricco di materiale fresco, Andreas Brunn fa uso di un ampio arsenale strumentale. Il risultato \u00e8 un grande album nella zona di confine tra jazz e fusion con escursioni jazz-rock. Mi piacciono gli agili assoli del chitarrista in interazione con il sassofono, sostenuto dall&#8217;oud di Alaa Zouiten. Anche l&#8217;appassionato drumming di Diego Pi\u00f1era aggiunge energia e agilit\u00e0. Un grande album, siamo entusiasti!&#8221;.<\/span><\/p>\n<p><span style=\"color: #000000;\"><a href=\"http:\/\/www.for-free-hands.de\/it\/media-2\/cds\/the-passing-on-of-the-fire\/\" class=\"button-small\" style=\"background-color:#1392d4;color:#ffffff;\" target=\"_self\"><span>Saperne di pi\u00fa<\/span><\/a><\/span><\/p>\n<p><span style=\"color: #000000;\"><\/div><\/span> <span style=\"color: #000000;\"> <div class=\"clear\"><\/div><\/span><\/p>\n<p><span style=\"color: #000000;\"><div class=\"one-four first\"><\/span><span style=\"color: #000000;\"><img loading=\"lazy\" decoding=\"async\" class=\"alignnone wp-image-790\" src=\"http:\/\/www.for-free-hands.de\/relaunch\/wp-content\/uploads\/2014\/06\/Laika-FFH-CD-Cover_RGB.jpg\" alt=\"Laika-FFH-CD-Cover_RGB\" width=\"212\" height=\"192\" srcset=\"http:\/\/www.for-free-hands.de\/wp-content\/uploads\/2014\/06\/Laika-FFH-CD-Cover_RGB.jpg 816w, http:\/\/www.for-free-hands.de\/wp-content\/uploads\/2014\/06\/Laika-FFH-CD-Cover_RGB-300x271.jpg 300w\" sizes=\"auto, (max-width: 212px) 100vw, 212px\" \/><strong>Kaleidoscope Freedom<\/strong><\/span><\/p>\n<p><span style=\"color: #000000;\"><\/div><\/span><span style=\"color: #000000;\"><div class=\"three-four last\"><\/span><\/p>\n<p><span style=\"color: #000000;\"><strong>JAZZ thing &#8211; CD review<\/strong> : &#8221; &#8230; Chi sa contare \u00e8 chiaramente avvantaggiato, e anche le frazioni non fanno male. 5\/8, 7\/8 e 13\/16 \u00e8 il tessuto ritmico che il quartetto multiculturale berlinese For Free Hands tesse, ed \u00e8 ricco di colpi di scena sorprendenti&#8230; Ma ci\u00f2 che \u00e8 decisivo \u00e8 l&#8217;esuberante gioia di suonare e l&#8217;evidente sicurezza con cui il quartetto si avvicina alle varie sfaccettature del jazz elettrificato e le carica di energia. &#8230;&#8221; <strong>Stephan Hentz. (2015)<\/strong><\/span><\/p>\n<p><span style=\"color: #000000;\"><\/div><\/span> <span style=\"color: #000000;\"> <div class=\"clear\"><\/div><\/span><\/p>\n<p><span style=\"color: #000000;\">[\/three_four_last]<\/span> <span style=\"color: #000000;\"> <div class=\"clear\"><\/div><\/span> <span style=\"color: #000000;\"><div class=\"one-four first\">\u00a0<a href=\"http:\/\/www.for-free-hands.de\/wp-content\/uploads\/2013\/08\/Transversal.jpg\"><img loading=\"lazy\" decoding=\"async\" class=\"alignnone wp-image-4040\" src=\"http:\/\/www.for-free-hands.de\/wp-content\/uploads\/2013\/08\/Transversal-300x274.jpg\" alt=\"\" width=\"207\" height=\"189\" srcset=\"http:\/\/www.for-free-hands.de\/wp-content\/uploads\/2013\/08\/Transversal-300x274.jpg 300w, http:\/\/www.for-free-hands.de\/wp-content\/uploads\/2013\/08\/Transversal.jpg 396w\" sizes=\"auto, (max-width: 207px) 100vw, 207px\" \/><\/a>\u00a0<b>Transversal<\/b><\/span><\/p>\n<p><span style=\"color: #000000;\"> <\/div><div class=\"three-four last\"><\/span> <span style=\"color: #000000;\"> \u201cFOR FREE HANDS \u2013 TRANSVERSAL \u2026 Andreas Brunn \u00e9 un incessante frontaliere tra l&#8217;Avantgarde-Jazz, BalkanFolk, Rock, Pop e la tecnica classica, per di pi\u00fa sulla Sevenstring, ma anche elettronica e col E-Bow, cosicch\u00e9 possa manovrare tutte le influenze. E tutti i componenti della band <em>For Free Hands<\/em>\u00a0sono esperti ritmici a livello professionale. <\/span><\/p>\n<p><span style=\"color: #000000;\">Dopo aver sentito il pezzo musicale \u201eMagic Friday\u201d: L\u00e1 c&#8217;\u00e9 la chitarra, scivolare letteralmente \u201etransversale\u201d nei beat 13\/16.<\/span>\u00a0<span style=\"color: #000000;\">Il Balcano \u00e9 presente quasi dappertutto e di un affascinante somiglianza al Jazz. \u00a0L\u00ed risiede la chiave che apre alla musica dei <\/span><em>For Free Hands<\/em><span style=\"color: #000000;\">: vogliono creare nello specifico le radici europee del tempo moderno, suonando sul free Jazz. Riuscendo in un pensiero ammirevole e verittiero.\u201d <strong>Alexander Schmitz, Jazzpodium 05\/2007<\/strong><\/span> <span style=\"color: #000000;\"><\/div><\/span> <span style=\"color: #000000;\"> <div class=\"clear\"><\/div><\/span><\/p>\n<p><span style=\"color: #000000;\"><div class=\"one-four first\"><img loading=\"lazy\" decoding=\"async\" class=\"alignnone size-full wp-image-392\" src=\"http:\/\/www.for-free-hands.de\/relaunch\/wp-content\/uploads\/2013\/08\/cd2.jpg\" alt=\"cd2\" width=\"198\" height=\"198\" srcset=\"http:\/\/www.for-free-hands.de\/wp-content\/uploads\/2013\/08\/cd2.jpg 198w, http:\/\/www.for-free-hands.de\/wp-content\/uploads\/2013\/08\/cd2-150x150.jpg 150w, http:\/\/www.for-free-hands.de\/wp-content\/uploads\/2013\/08\/cd2-80x80.jpg 80w\" sizes=\"auto, (max-width: 198px) 100vw, 198px\" \/><b><span style=\"color: #000000;\">Eastern Moods<\/span>\u00a0<\/b><\/span><br \/>\n<span style=\"color: #000000;\"><\/div>\u00a0<\/span><div class=\"three-four last\">\u00a0<span style=\"color: #000000;\">\u201cChi associa dervisci danzanti con \u201cEastern Moods\u201d, dovrebbe essere sorpreso della sua fragilit\u00e1, ma nondimeno dei toni lirici in Opera, i quali aumentano fino ad un&#8217;esposione ritmica dopo pochi minuti.<\/span>\u00a0<span style=\"color: #000000;\">Anche il secondo titolo, una composizione del percussionista Maurice de Martin, si esplica senza frenesia e soprattutto senza manovrare presupposti di stereotipo sulla musica balcanica.<\/span>\u00a0<span style=\"color: #000000;\">Nella<\/span>\u00a0<span style=\"color: #000000;\">\u201cDracula\u2019s Breakfast\u201d incontra la fusione Jazz della cadenza orientale del genere \u2013 un&#8217;emozionante rivisitazione, dall&#8217;armonia dell&#8217; attendibili Audience occidentale in ogni modo come minino in parte portato ai limiti. <\/span><\/p>\n<p><span style=\"color: #000000;\">Contemporaneamente Brunn &amp; Co. si dedicano<\/span><span style=\"color: #000000;\">\u00a0ad una composizione McLaughlin, affinch\u00e9 successivamente in Bulgaria si attivino ritmi arzigogolati. Nessuno vorrebbe affermare che ci sia lievemente musica<\/span><span style=\"color: #000000;\"> consumabile; ma lo charme aspro, la variet\u00e1 delle idee e strutture e considerevoli autorit\u00e1, con lo scopo di essere realizzati, si preoccupano che questa fusione non sovrasti alcuna scadenza velocemente.\u201d <strong>(AKUSTIK Gitarre 8\/2001<\/strong>,<strong> Michael Lohr)<\/strong><\/span><\/p>\n<p><span style=\"color: #000000;\"> <\/div><\/span> <span style=\"color: #000000;\"> <div class=\"clear\"><\/div><\/span> <span style=\"color: #000000;\"><div class=\"one-four first\">\u00a0<a href=\"http:\/\/www.for-free-hands.de\/wp-content\/uploads\/2018\/03\/Two-Faces.jpg\"><img loading=\"lazy\" decoding=\"async\" class=\"alignnone wp-image-4046\" src=\"http:\/\/www.for-free-hands.de\/wp-content\/uploads\/2018\/03\/Two-Faces-300x300.jpg\" alt=\"\" width=\"201\" height=\"201\" srcset=\"http:\/\/www.for-free-hands.de\/wp-content\/uploads\/2018\/03\/Two-Faces-300x300.jpg 300w, http:\/\/www.for-free-hands.de\/wp-content\/uploads\/2018\/03\/Two-Faces-150x150.jpg 150w, http:\/\/www.for-free-hands.de\/wp-content\/uploads\/2018\/03\/Two-Faces-768x768.jpg 768w, http:\/\/www.for-free-hands.de\/wp-content\/uploads\/2018\/03\/Two-Faces-1024x1024.jpg 1024w, http:\/\/www.for-free-hands.de\/wp-content\/uploads\/2018\/03\/Two-Faces-80x80.jpg 80w, http:\/\/www.for-free-hands.de\/wp-content\/uploads\/2018\/03\/Two-Faces.jpg 1416w\" sizes=\"auto, (max-width: 201px) 100vw, 201px\" \/><\/a>\u00a0\u00a0<\/span><b style=\"color: #000000;\">Two Faces<\/b><\/p>\n<p><span style=\"color: #000000;\"> <\/div><div class=\"three-four last\"><\/span><\/p>\n<p><span style=\"color: #000000;\">\u201c\u00c9 un dato di fatto che con Hartmann e Brunn (pi\u00fa il percussionista Ned Irivng) la gente si sia ritrovata, nella quale musica ora si guardi continuamente alquanto ai bordi e intanto malgrado tutta la complessit\u00e1 diverte in modo semplice. <\/span><\/p>\n<p><span style=\"color: #000000;\">Dall&#8217;annidiata fusione degli Openers sul suono lieto delle caratteristiche si cimentano entrambi gli artisti a corda su un sofisticato funambolismo tra il Moderno dissonante e il Grooves terreno (\u201dDraculas Breakfast\u201d) e rintocca con \u201cGipsy Miles\u201d ponti tra lo Ska, musica zingara e Miles Davis\u2026 Se si ironizzassero un poco i modelli stilistici, senza intraprendere la sua gravit\u00e1, riuscirebbe nel quadrato del cerchio.\u201d <strong>(AKUSTIK Gitarre 4\/1999)<\/strong><\/span>\u00a0<span style=\"color: #000000;\"><\/div><\/span> <span style=\"color: #000000;\"> <div class=\"clear\"><\/div>\u00a0<\/span><\/p>\n","protected":false},"excerpt":{"rendered":"<p>Albert Camus ha scritto una volta: \u00a0 \u201eNon c&#8217;\u00e9 nessuna libert\u00e1 senza una comprensione reciproca.\u201c \u00a0&#8230; Per me questa frase descrive idealmente anche l&#8217;interazione nel&#8230;<\/p>\n","protected":false},"author":1,"featured_media":0,"parent":3586,"menu_order":0,"comment_status":"open","ping_status":"open","template":"","meta":{"footnotes":""},"class_list":["post-3385","page","type-page","status-publish","hentry"],"_links":{"self":[{"href":"http:\/\/www.for-free-hands.de\/it\/wp-json\/wp\/v2\/pages\/3385","targetHints":{"allow":["GET"]}}],"collection":[{"href":"http:\/\/www.for-free-hands.de\/it\/wp-json\/wp\/v2\/pages"}],"about":[{"href":"http:\/\/www.for-free-hands.de\/it\/wp-json\/wp\/v2\/types\/page"}],"author":[{"embeddable":true,"href":"http:\/\/www.for-free-hands.de\/it\/wp-json\/wp\/v2\/users\/1"}],"replies":[{"embeddable":true,"href":"http:\/\/www.for-free-hands.de\/it\/wp-json\/wp\/v2\/comments?post=3385"}],"version-history":[{"count":41,"href":"http:\/\/www.for-free-hands.de\/it\/wp-json\/wp\/v2\/pages\/3385\/revisions"}],"predecessor-version":[{"id":7671,"href":"http:\/\/www.for-free-hands.de\/it\/wp-json\/wp\/v2\/pages\/3385\/revisions\/7671"}],"up":[{"embeddable":true,"href":"http:\/\/www.for-free-hands.de\/it\/wp-json\/wp\/v2\/pages\/3586"}],"wp:attachment":[{"href":"http:\/\/www.for-free-hands.de\/it\/wp-json\/wp\/v2\/media?parent=3385"}],"curies":[{"name":"wp","href":"https:\/\/api.w.org\/{rel}","templated":true}]}}