{"id":2382,"date":"2015-05-15T13:37:11","date_gmt":"2015-05-15T11:37:11","guid":{"rendered":"http:\/\/www.for-free-hands.de\/?page_id=2382"},"modified":"2024-04-02T16:59:40","modified_gmt":"2024-04-02T14:59:40","slug":"links-3","status":"publish","type":"page","link":"http:\/\/www.for-free-hands.de\/it\/links-3\/","title":{"rendered":"Links"},"content":{"rendered":"<h2><a href=\"http:\/\/www.for-free-hands.de\/wp-content\/uploads\/2024\/04\/FFH-2024-06a-Slider.jpg\"><img loading=\"lazy\" decoding=\"async\" class=\"alignnone wp-image-6110\" src=\"http:\/\/www.for-free-hands.de\/wp-content\/uploads\/2024\/04\/FFH-2024-06a-Slider-300x168.jpg\" alt=\"\" width=\"599\" height=\"335\" srcset=\"http:\/\/www.for-free-hands.de\/wp-content\/uploads\/2024\/04\/FFH-2024-06a-Slider-300x168.jpg 300w, http:\/\/www.for-free-hands.de\/wp-content\/uploads\/2024\/04\/FFH-2024-06a-Slider-1024x574.jpg 1024w, http:\/\/www.for-free-hands.de\/wp-content\/uploads\/2024\/04\/FFH-2024-06a-Slider-768x431.jpg 768w, http:\/\/www.for-free-hands.de\/wp-content\/uploads\/2024\/04\/FFH-2024-06a-Slider-1536x861.jpg 1536w, http:\/\/www.for-free-hands.de\/wp-content\/uploads\/2024\/04\/FFH-2024-06a-Slider-2048x1149.jpg 2048w\" sizes=\"auto, (max-width: 599px) 100vw, 599px\" \/><\/a><\/h2>\n<h2><span style=\"text-decoration: underline;\"><strong>Musicisti:<\/strong><\/span><\/h2>\n<h3>Alaa Zouiten: <span style=\"text-decoration: underline;\"><span style=\"color: #000080;\"><a style=\"color: #000080; text-decoration: underline;\" href=\"https:\/\/alaazouiten.com\/\" target=\"_blank\" rel=\"noopener\">www.alaazouiten.com<\/a><\/span><\/span><\/h3>\n<h3>Vladimir Karparov:\u00a0<span style=\"text-decoration: underline;\"><span style=\"color: #000080;\"><a style=\"color: #000080; text-decoration: underline;\" href=\"http:\/\/www.vladimirkarparov.com\/\" target=\"_blank\" rel=\"noopener\">www.vladimirkarparov.com<\/a><\/span><\/span><\/h3>\n<h3>Roberto Badoglio:\u00a0<span style=\"text-decoration: underline;\"><span style=\"color: #000080;\"><a style=\"color: #000080; text-decoration: underline;\" href=\"http:\/\/www.robertobadoglio.com\" target=\"_blank\" rel=\"noopener\">www.robertobadoglio.com<\/a><\/span><\/span><\/h3>\n<h3>Manuel Podhostnik: <span style=\"text-decoration: underline;\"><span style=\"color: #000080;\"><a style=\"color: #000080; text-decoration: underline;\" href=\"https:\/\/www.instagram.com\/manuelpodhostnik\/\" target=\"_blank\" rel=\"noopener\">www.instagram.com\/manuelpodhostnik<\/a><\/span><\/span><\/h3>\n<h3>Andreas Brunn: <span style=\"text-decoration: underline;\"><span style=\"color: #000080;\"><a style=\"color: #000080; text-decoration: underline;\" href=\"https:\/\/www.akustik-art-kontakt.de\/andreas-brunn\/\" target=\"_blank\" rel=\"noopener\">www.akustik-art-kontakt.de\/andreas-brunn<\/a><\/span><\/span><\/h3>\n<h3>Berlin Schlagzeugschule:\u00a0<span style=\"text-decoration: underline;\"><span style=\"color: #000080;\"><a style=\"color: #000080; text-decoration: underline;\" href=\"http:\/\/www.drumschool-berlin.de\/\" target=\"_blank\" rel=\"noopener\">www.drumschool-berlin.de<\/a><\/span><\/span><\/h3>\n<h3>Berlin Musiker:\u00a0<span style=\"text-decoration: underline;\"><span style=\"color: #000080;\"><a style=\"color: #000080; text-decoration: underline;\" href=\"http:\/\/www.berlinmusiker.de\/\" target=\"_blank\" rel=\"noopener\">www.berlinmusiker.de<\/a><br \/>\n<\/span><\/span><\/h3>\n<h3>Viktoria Lasaroff, Balkanova S\u00e4ngerin:<strong>\u00a0<\/strong>\u00a0<span style=\"text-decoration: underline;\"><span style=\"color: #000080;\"><a style=\"color: #000080; text-decoration: underline;\" title=\"www.lasarova.com\" href=\"http:\/\/www.lasarova.com\/\" target=\"_blank\" rel=\"noopener\">www.lasarova.com<\/a><\/span><\/span><\/h3>\n<h2><span style=\"text-decoration: underline;\"><strong>Foto e design grafico:<\/strong><\/span><\/h2>\n<h3>Roberto Zanrosso: <span style=\"text-decoration: underline;\"><span style=\"color: #000080;\"><a style=\"color: #000080; text-decoration: underline;\" title=\"www.lisa-vanovitch.de\" href=\"https:\/\/www.zanrosso.photo\/\" target=\"_blank\" rel=\"noopener\">www.robertozanrosso.com<\/a><\/span><\/span><\/h3>\n<h3>Benjamin Metz: <a href=\"https:\/\/www.letsmetz.com\/\" target=\"_blank\" rel=\"noopener\"><span style=\"color: #000080;\">www.letsmetz.com<\/span><\/a><\/h3>\n<h3>Sevi Tsoni:\u00a0<span style=\"color: #000080;\"><a style=\"color: #000080;\" href=\"http:\/\/www.sevitsoni.com\" target=\"_blank\" rel=\"noopener\"><u>www.sevitsoni.com<\/u><\/a><\/span><\/h3>\n<h3>J\u00f6rg M\u00f6ller:\u00a0<span style=\"text-decoration: underline;\"><span style=\"color: #000080;\"><a style=\"color: #000080; text-decoration: underline;\" href=\"http:\/\/joerg-moeller-fotografie.de\/\" target=\"_blank\" rel=\"noopener\">joerg-moeller-fotografie.de<\/a><\/span><\/span><\/h3>\n<h2><span style=\"text-decoration: underline;\"><strong>Agenzia per artisti e management musicale:<\/strong><\/span><\/h2>\n<h3>Akustik Art Kontakt:\u00a0<span style=\"text-decoration: underline;\"><span style=\"color: #000080;\"><a style=\"color: #000080; text-decoration: underline;\" href=\"http:\/\/akustik-art-kontakt.de\/\" target=\"_blank\" rel=\"noopener\">akustik-art-kontakt.de<\/a><\/span><\/span><\/h3>\n<h3>Auris Musikmanagement:\u00a0<span style=\"text-decoration: underline;\"><span style=\"color: #000080;\"><a style=\"color: #000080; text-decoration: underline;\" href=\"http:\/\/www.auris-berlin.de\/\" target=\"_blank\" rel=\"noopener\">www.auris-berlin.de<\/a><\/span><\/span><\/h3>\n<h3>GigMit:\u00a0<span style=\"text-decoration: underline;\"><span style=\"color: #000080;\"><a style=\"color: #000080; text-decoration: underline;\" href=\"https:\/\/www.gigmit.com\/\" target=\"_blank\" rel=\"noopener\">www.gigmit.com<\/a><\/span><\/span><\/h3>\n<h2><strong>Produttori di chitarre, riparazioni<\/strong><br \/>\n<strong>e accessori:<\/strong><\/h2>\n<h3>Alex Markusch: <span style=\"color: #000080;\"><a style=\"color: #000080;\" href=\"https:\/\/alexguitars.de\/\" target=\"_blank\" rel=\"noopener\">www.alexguitars.de<\/a><\/span><\/h3>\n<h3>Leszek Bryk, Elektroniker und Produzent von Highend Pickups:\u00a0<span style=\"text-decoration: underline;\"><span style=\"color: #000080;\"><a style=\"color: #000080; text-decoration: underline;\" href=\"https:\/\/de.linkedin.com\/pub\/leszek-bryk\/69\/504\/40b\" target=\"_blank\" rel=\"noopener\">https:\/\/de.linkedin.com\/pub\/leszek-bryk\/69\/504\/40b<\/a><\/span><\/span><\/h3>\n<h2><strong><span style=\"text-decoration: underline;\"><span style=\"color: #000000; text-decoration: underline;\">Organizzatore di jazz:<\/span><\/span><\/strong><\/h2>\n<h3><span style=\"color: #000000;\">Zig Zag\u00a0Jazz Club:<\/span>\u00a0<span style=\"text-decoration: underline; color: #000080;\"><a style=\"color: #000080; text-decoration: underline;\" href=\"http:\/\/www.zigzag-jazzclub.berlin\" target=\"_blank\" rel=\"noopener\">www.zigzag-jazzclub.berlin<\/a><\/span><\/h3>\n<h3><span style=\"color: #000000;\">Kunstfabrik-Schlot Jazz Club:<\/span>\u00a0<span style=\"text-decoration: underline;\"><span style=\"color: #000080; text-decoration: underline;\"><a style=\"color: #000080; text-decoration: underline;\" href=\"http:\/\/www.kunstfabrik-schlot.de\/\" target=\"_blank\" rel=\"noopener\">www.kunstfabrik-schlot.de<\/a><\/span><\/span><\/h3>\n<h3><span style=\"color: #000000;\">JAZZMEILE Festival:<\/span>\u00a0<span style=\"text-decoration: underline; color: #000080;\"><a style=\"color: #000080; text-decoration: underline;\" href=\"http:\/\/www.jazzmeile.org\" target=\"_blank\" rel=\"noopener\">www.jazzmeile.org<\/a><\/span><\/h3>\n<h3><span style=\"color: #000000;\">Jazz Events in Europe:<\/span> <span style=\"color: #000080;\">\u00a0<span style=\"text-decoration: underline;\"><a style=\"color: #000080; text-decoration: underline;\" href=\"https:\/\/jazzwerkstatt.eu\/\" target=\"_blank\" rel=\"noopener\">www.jazzwerkstatt.eu<\/a><\/span><\/span><\/h3>\n<h3><span style=\"color: #000000;\">Jazz Diskurs:<\/span><strong>\u00a0<\/strong><span style=\"text-decoration: underline; color: #000080;\"><a style=\"color: #000080; text-decoration: underline;\" href=\"http:\/\/www.jazzdiskurs.de\" target=\"_blank\" rel=\"noopener\">www.jazzdiskurs.de<\/a><\/span><\/h3>\n<h2 style=\"color: #353430;\"><strong><span style=\"text-decoration: underline; color: #000000;\">Jazzmedia:<\/span><\/strong><\/h2>\n<h3><span style=\"color: #000000;\">Jazz Magazine &#8220;Jazzpodium&#8221;:<\/span>\u00a0<span style=\"color: #000080;\"><a style=\"color: #000080; text-decoration: underline;\" href=\"http:\/\/www.jazzpodium.de\" target=\"_blank\" rel=\"noopener\">www.jazzpodium.de<\/a><\/span><\/h3>\n<h3><span style=\"color: #000000;\">Jazz Zeitung:<\/span>\u00a0<span style=\"text-decoration: underline;\"><span style=\"color: #000080; text-decoration: underline;\"><a style=\"color: #000080; text-decoration: underline;\" href=\"http:\/\/www.jazzzeitung.de\/\" target=\"_blank\" rel=\"noopener\">www.jazzzeitung.de<\/a><\/span><\/span><\/h3>\n<h3><span style=\"color: #000000;\">Jazz Magazine &#8220;Jazz Thing&#8221;:<\/span>\u00a0\u00a0<span style=\"text-decoration: underline;\"><span style=\"color: #000080; text-decoration: underline;\"><a style=\"color: #000080; text-decoration: underline;\" href=\"http:\/\/www.jazzthing.de\/\" target=\"_blank\" rel=\"noopener\">www.jazzthing.de<\/a><\/span><\/span><\/h3>\n<h3><span style=\"color: #000000;\">Jazz Magazine &#8220;Jazz Echo&#8221;:<\/span>\u00a0<span style=\"text-decoration: underline;\"><span style=\"color: #000080; text-decoration: underline;\"><a style=\"color: #000080; text-decoration: underline;\" href=\"http:\/\/www.jazzecho.de\/\" target=\"_blank\" rel=\"noopener\">www.jazzecho.de<\/a><\/span><\/span><\/h3>\n<h3><span style=\"color: #000000;\">Deutsches Jazz Portal seit 1997:\u00a0\u00a0<span style=\"color: #000080;\"><a style=\"color: #000080;\" href=\"https:\/\/jazzpages.de\/\" target=\"_blank\" rel=\"noopener\"><span style=\"text-decoration: underline;\">jazzpages.de<\/span><\/a><\/span><\/span><\/h3>\n<h3 style=\"color: #353430;\"><span style=\"color: #000000;\">Jazzportal aus Belgien:\u00a0<span style=\"text-decoration: underline;\"><span style=\"color: #000080; text-decoration: underline;\"><a class=\"moz-txt-link-abbreviated\" style=\"color: #000080; text-decoration: underline;\" href=\"http:\/\/www.jazzhalo.be\">w.jazzhalo.be<\/a> <\/span><\/span><\/span><\/h3>\n<h2 style=\"color: #353430;\"><strong><span style=\"text-decoration: underline; color: #000000;\">Aziende produttrici di CD\/dischi:<\/span><\/strong><\/h2>\n<h3 style=\"color: #353430;\"><span style=\"color: #000080;\"><span style=\"color: #000000;\">Laika Records:<\/span><span style=\"text-decoration: underline;\">\u00a0<a style=\"color: #000080; text-decoration: underline;\" href=\"http:\/\/www.laika-records.com\/\" target=\"_blank\" rel=\"noopener\">www.laika-records.com<\/a><\/span><\/span><\/h3>\n<h3 style=\"color: #353430;\"><span style=\"color: #000080;\"><span style=\"color: #000000;\">Records Nordic:<\/span>\u00a0<span style=\"text-decoration: underline;\"><a style=\"color: #000080; text-decoration: underline;\" href=\"http:\/\/www.recordsnordic.de\" target=\"_blank\" rel=\"noopener\">www.recordsnordic.de<\/a><\/span><\/span><\/h3>\n<h2><span style=\"text-decoration: underline;\"><span style=\"color: #000000; text-decoration: underline;\"><strong>Altri link:<\/strong><\/span><\/span><\/h2>\n<h3><a href=\"http:\/\/www.for-free-hands.de\/wp-content\/uploads\/2019\/06\/IniMusik_logo_kurz_72dpi_color.jpg\"><img loading=\"lazy\" decoding=\"async\" class=\"alignnone wp-image-4652\" src=\"http:\/\/www.for-free-hands.de\/wp-content\/uploads\/2019\/06\/IniMusik_logo_kurz_72dpi_color-300x176.jpg\" alt=\"\" width=\"210\" height=\"123\" srcset=\"http:\/\/www.for-free-hands.de\/wp-content\/uploads\/2019\/06\/IniMusik_logo_kurz_72dpi_color-300x176.jpg 300w, http:\/\/www.for-free-hands.de\/wp-content\/uploads\/2019\/06\/IniMusik_logo_kurz_72dpi_color.jpg 685w\" sizes=\"auto, (max-width: 210px) 100vw, 210px\" \/><\/a><\/h3>\n<h3><span style=\"color: #000080;\"><u><a style=\"color: #000080;\" href=\"http:\/\/www.initiative-musik.de\">www.initiative-musik.de<\/a><\/u><\/span><\/h3>\n<h3 style=\"color: #353430;\"><span style=\"color: #000000;\">Deutsches Jazz Netzwerk:\u00a0<\/span><span style=\"text-decoration: underline;\"><span style=\"color: #000080; text-decoration: underline;\"><a style=\"color: #000080; text-decoration: underline;\" href=\"http:\/\/www.deutsche-jazzwoche.de\/\" target=\"_blank\" rel=\"noopener\">www.deutsche-jazzwoche.de<\/a><\/span><\/span><\/h3>\n<h3 style=\"color: #353430;\"><span style=\"color: #000000;\">Deutsche Jazz-F\u00f6rderation e.V.:\u00a0<\/span><span style=\"text-decoration: underline;\"><span style=\"color: #000080; text-decoration: underline;\"><a style=\"color: #000080; text-decoration: underline;\" href=\"http:\/\/www.djf.de\/\" target=\"_blank\" rel=\"noopener\">www.djf.de<\/a><\/span><\/span><\/h3>\n<h3 style=\"color: #353430;\"><span style=\"color: #000000;\">Das Institut beherbergt Europas gr\u00f6\u00dfte \u00f6ffentliche Jazzsammlung: \u00a0<\/span><span style=\"text-decoration: underline;\"><span style=\"color: #000080; text-decoration: underline;\"><a style=\"color: #000080; text-decoration: underline;\" href=\"http:\/\/www.darmstadt.de\/kultur\/musik\/jazz\/\" target=\"_blank\" rel=\"noopener\">www.darmstadt.de\/kultur\/musik\/jazz<\/a><\/span><\/span><\/h3>\n<h3 style=\"color: #353430;\"><span style=\"color: #000000;\">Jazz in Deutschland:\u00a0<\/span><span style=\"text-decoration: underline;\"><span style=\"color: #000080; text-decoration: underline;\"><a style=\"color: #000080; text-decoration: underline;\" href=\"http:\/\/www.jazznetz.de\/\" target=\"_blank\" rel=\"noopener\">www.jazznetz.de<\/a><\/span><\/span><\/h3>\n<h3 style=\"color: #353430;\"><span style=\"color: #000000;\">Infos f\u00fcr Jazzfans: \u00a0<\/span><span style=\"text-decoration: underline;\"><span style=\"color: #000080; text-decoration: underline;\"><a style=\"color: #000080; text-decoration: underline;\" href=\"http:\/\/www.filoweb.com\/jazz\/welcome.html\" target=\"_blank\" rel=\"noopener\">www.filoweb.com\/jazz\/welcome.html<\/a><\/span><\/span><\/h3>\n<h3 style=\"color: #353430;\"><span style=\"color: #000000;\">Verlag \u2013 B\u00fccher \u00fcber die gro\u00dfen Musiker des Jazz<\/span>:\u00a0<span style=\"text-decoration: underline;\"><span style=\"color: #000080; text-decoration: underline;\"><a style=\"color: #000080; text-decoration: underline;\" href=\"http:\/\/www.oreos.de\/\" target=\"_blank\" rel=\"noopener\">www.oreos.de<\/a><\/span><\/span><\/h3>\n<h3 style=\"color: #353430;\"><span style=\"color: #000000;\">Union deutscher\u00a0Jazzmusiker:\u00a0<\/span><span style=\"text-decoration: underline;\"><span style=\"color: #000080; text-decoration: underline;\"><a style=\"color: #000080; text-decoration: underline;\" href=\"http:\/\/www.udj.de\/\" target=\"_blank\" rel=\"noopener\">www.udj.de<\/a><\/span><\/span><\/h3>\n<h3 style=\"color: #353430;\"><span style=\"color: #000000;\">IG Jazz Berlin:\u00a0<\/span><span style=\"text-decoration: underline; color: #000080;\"><a style=\"color: #000080; text-decoration: underline;\" href=\"http:\/\/www.ig-jazz-berlin.de\" target=\"_blank\" rel=\"noopener\">www.ig-jazz-berlin.de<\/a><\/span><\/h3>\n<h3 style=\"color: #353430;\"><span style=\"color: #000000;\">Jazzinitiative potsdam:<span style=\"text-decoration: underline;\">\u00a0<\/span><\/span><span style=\"text-decoration: underline;\"><span style=\"color: #000080; text-decoration: underline;\"><a style=\"color: #000080; text-decoration: underline;\" href=\"http:\/\/www.jazzinitiativepotsdam.de\/\" target=\"_blank\" rel=\"noopener\">www.jazzinitiativepotsdam.de<\/a><\/span><\/span><\/h3>\n<h3 style=\"color: #353430;\"><span style=\"color: #000000;\">Verband f\u00fcr Lied, Folk und Weltmusik in Deutschland:<\/span>\u00a0<span style=\"text-decoration: underline;\"><span style=\"color: #000080; text-decoration: underline;\"><a style=\"color: #000080; text-decoration: underline;\" href=\"http:\/\/www.profolk.de\/\">www.profolk.de<\/a><\/span><\/span><\/h3>\n<h3><span style=\"color: #000000;\">Jazz Festivale und K\u00fcnstler information: <span style=\"text-decoration: underline;\"><span style=\"color: #000080; text-decoration: underline;\"><a style=\"color: #000080; text-decoration: underline;\" href=\"http:\/\/www.jazzbox.com\/\" target=\"_blank\" rel=\"noopener\">www.jazzbox.com<\/a><\/span><\/span><\/span><\/h3>\n<h3><span style=\"color: #000000;\">Deutscher Jazz Kalender:\u00a0<span style=\"text-decoration: underline;\"><span style=\"color: #000080; text-decoration: underline;\"><a style=\"color: #000080; text-decoration: underline;\" href=\"http:\/\/www.jazz-kalender.de\/\" target=\"_blank\" rel=\"noopener\">www.jazz-kalender.de<\/a><\/span><\/span><\/span><\/h3>\n<h2 style=\"color: #353430;\"><span style=\"text-decoration: underline; color: #000000;\"><strong>Catalogo dei link:<\/strong><\/span><\/h2>\n<h3 style=\"color: #353430;\"><span style=\"color: #000000;\">Kunst Finder:<\/span>\u00a0\u00a0<span style=\"text-decoration: underline;\"><span style=\"color: #000080; text-decoration: underline;\"><a style=\"color: #000080; text-decoration: underline;\" href=\"http:\/\/www.kunstfinder.de\/\" target=\"_blank\" rel=\"noopener\">www.kunstfinder.de<\/a><\/span><\/span><\/h3>\n","protected":false},"excerpt":{"rendered":"<p>Musicisti: Alaa Zouiten: www.alaazouiten.com Vladimir Karparov:\u00a0www.vladimirkarparov.com Roberto Badoglio:\u00a0www.robertobadoglio.com Manuel Podhostnik: www.instagram.com\/manuelpodhostnik Andreas Brunn: www.akustik-art-kontakt.de\/andreas-brunn Berlin Schlagzeugschule:\u00a0www.drumschool-berlin.de Berlin Musiker:\u00a0www.berlinmusiker.de Viktoria Lasaroff, Balkanova S\u00e4ngerin:\u00a0\u00a0www.lasarova.com Foto e design&#8230;<\/p>\n","protected":false},"author":1,"featured_media":0,"parent":0,"menu_order":0,"comment_status":"open","ping_status":"open","template":"","meta":{"footnotes":""},"class_list":["post-2382","page","type-page","status-publish","hentry"],"_links":{"self":[{"href":"http:\/\/www.for-free-hands.de\/it\/wp-json\/wp\/v2\/pages\/2382","targetHints":{"allow":["GET"]}}],"collection":[{"href":"http:\/\/www.for-free-hands.de\/it\/wp-json\/wp\/v2\/pages"}],"about":[{"href":"http:\/\/www.for-free-hands.de\/it\/wp-json\/wp\/v2\/types\/page"}],"author":[{"embeddable":true,"href":"http:\/\/www.for-free-hands.de\/it\/wp-json\/wp\/v2\/users\/1"}],"replies":[{"embeddable":true,"href":"http:\/\/www.for-free-hands.de\/it\/wp-json\/wp\/v2\/comments?post=2382"}],"version-history":[{"count":22,"href":"http:\/\/www.for-free-hands.de\/it\/wp-json\/wp\/v2\/pages\/2382\/revisions"}],"predecessor-version":[{"id":6191,"href":"http:\/\/www.for-free-hands.de\/it\/wp-json\/wp\/v2\/pages\/2382\/revisions\/6191"}],"wp:attachment":[{"href":"http:\/\/www.for-free-hands.de\/it\/wp-json\/wp\/v2\/media?parent=2382"}],"curies":[{"name":"wp","href":"https:\/\/api.w.org\/{rel}","templated":true}]}}