{"id":938,"date":"2014-06-12T17:09:19","date_gmt":"2014-06-12T15:09:19","guid":{"rendered":"http:\/\/www.for-free-hands.de\/?page_id=938"},"modified":"2014-07-18T17:10:01","modified_gmt":"2014-07-18T15:10:01","slug":"vladimir-karparov","status":"publish","type":"page","link":"http:\/\/www.for-free-hands.de\/fr\/le-groupe\/vladimir-karparov\/","title":{"rendered":"Vladimir Karparov"},"content":{"rendered":"<h1>Vladimir Karparov<\/h1>\n<div class=\"two-three first\"><\/p>\n<p><span style=\"color: #000000;\">A d\u00e9but\u00e9 ses \u00e9tudes \u00e1 l\u00b4Ecole Sup\u00e9rieure de Musique jazz et de Th\u00e9\u00e2tre de Hambourg en 1999. En 2002, Karparov s\u00b4installe \u00e0 Berlin et termine ses \u00e9tudes \u00e0 l\u00b4Ecole Sup\u00e9rieure de Musique Hans Eisler avec succ\u00e8s.<\/span><\/p>\n<p><span style=\"color: #000000;\">Ce saxophoniste a particip\u00e9 \u00e0 de nombreux festivals en Europe, Asie et Am\u00e9rique latine, et remporta \u00e9galement des prix. Vladimir Karparov a travaill\u00e9, entre autres, avec Theodosii Spassov, Jiggs Whigham, Gerard Presencer, Ivo Papasov, Kenny Wheeler, Okay Temiz, John Hollenbeck, Gebhard Ullmann, Peter Herbolzheimer, Martin Lubenov et Stoyan Yankoulov.<\/span><\/p>\n<p><\/div>\n<p><div class=\"one-three last\"><div class=\"gallery-wrap\" ><br \/>\n<br \/>\n<br \/>\n<br \/>\n<div class=\"clear\"><\/div><\/div><div class=\"clear\"><\/div><br \/>\n<\/div><br \/>\n<div class=\"clear\"><\/div><\/p>\n","protected":false},"excerpt":{"rendered":"<p>Vladimir Karparov<\/p>\n","protected":false},"author":1,"featured_media":0,"parent":926,"menu_order":0,"comment_status":"open","ping_status":"open","template":"","meta":{"footnotes":""},"class_list":["post-938","page","type-page","status-publish","hentry"],"_links":{"self":[{"href":"http:\/\/www.for-free-hands.de\/fr\/wp-json\/wp\/v2\/pages\/938","targetHints":{"allow":["GET"]}}],"collection":[{"href":"http:\/\/www.for-free-hands.de\/fr\/wp-json\/wp\/v2\/pages"}],"about":[{"href":"http:\/\/www.for-free-hands.de\/fr\/wp-json\/wp\/v2\/types\/page"}],"author":[{"embeddable":true,"href":"http:\/\/www.for-free-hands.de\/fr\/wp-json\/wp\/v2\/users\/1"}],"replies":[{"embeddable":true,"href":"http:\/\/www.for-free-hands.de\/fr\/wp-json\/wp\/v2\/comments?post=938"}],"version-history":[{"count":3,"href":"http:\/\/www.for-free-hands.de\/fr\/wp-json\/wp\/v2\/pages\/938\/revisions"}],"predecessor-version":[{"id":1058,"href":"http:\/\/www.for-free-hands.de\/fr\/wp-json\/wp\/v2\/pages\/938\/revisions\/1058"}],"up":[{"embeddable":true,"href":"http:\/\/www.for-free-hands.de\/fr\/wp-json\/wp\/v2\/pages\/926"}],"wp:attachment":[{"href":"http:\/\/www.for-free-hands.de\/fr\/wp-json\/wp\/v2\/media?parent=938"}],"curies":[{"name":"wp","href":"https:\/\/api.w.org\/{rel}","templated":true}]}}