{"id":936,"date":"2013-08-07T14:45:49","date_gmt":"2013-08-07T12:45:49","guid":{"rendered":"http:\/\/www.for-free-hands.de\/?page_id=936"},"modified":"2018-02-14T18:37:13","modified_gmt":"2018-02-14T16:37:13","slug":"roberto-badoglio","status":"publish","type":"page","link":"http:\/\/www.for-free-hands.de\/fr\/le-groupe\/roberto-badoglio\/","title":{"rendered":"Roberto Badoglio"},"content":{"rendered":"<h1>Roberto Badoglio<\/h1>\n<div class=\"two-three first\">\n<p><span style=\"color: #000000;\">Roberto Badoglio \u00e9tait n\u00e9 en 1984 et commen\u00e7ait \u00e0 jouer apr\u00e8s des \u00e9tudes de piano pour certaines ann\u00e9es de basse. A l&rsquo;\u00e2ge de 16 ans, il prenait le cours priv\u00e9 en France chez Dominique Di Piazza et \u00e0 New York chez Matthew Garrison et Skuli Sverrisson. En 2005\/06 il visitait Berklee le coll\u00e8ge of Music \u00e0 Boston o\u00f9 il avait aussi l&rsquo;occasion de faire des \u00e9tudes \u00e0 titre priv\u00e9 avec Posaunisten Hal Crook et de jouer avec la pianiste renomm\u00e9e Joanne Brackeen dans son ensemble.<\/span><\/p>\n<p><span style=\"color: #000000;\">Apr\u00e8s Berklee, il passait apr\u00e8s le centre-ville NY, le volume de la chanteuse de musique pop Adama se joignait et jouait \u00e0 l&rsquo;avenir dans la ville et sur Tourneen internationaux avec beaucoup de grands musiciens de la sc\u00e8ne new-yorkaise, comme Louis Cato, Marko Djordjevic, Brad et Eliot Mason, Hara Garacci. et beaucoup d&rsquo;autres. Pendant ce temps, il soulevait son premier album solo \u00ab\u00a0l&rsquo;\u00e9valuation de Re Time\u00a0\u00bb et le publiait en 2010.<\/span><\/p>\n<p><span style=\"color: #000000;\">Actuellement, Roberto vit \u00e0 Berlin et donne(conduit) le volume Beyond Turbines international avec Bj\u00f6ssi Kl\u00fctsch \u00e0 la guitare, Steve Hunt aux touches et Virgil Donati \u00e0 la batterie. En novembre 2015, ils ont publi\u00e9 leur album de d\u00e9buts \u00ab\u00a0Beyond Turbines\u00a0\u00bb. En 2017 il publiait son deuxi\u00e8me album solo \u00ab\u00a0Lapse Of Worry\u00a0\u00bb. Actuellement, il est aux projets diff\u00e9rents comme \u00ab\u00a0The silent le jazz l&rsquo;ensemble\u00a0\u00bb et le volume du saxophoniste Reiner Hess Raumschiff Jazz et \u00ab\u00a0Afrobeat\u00a0\u00bb le trio de Balafonisten Aly Keyta et fait avec l&rsquo;\u00e9lectronique projet de radio Nu la Guin\u00e9e int\u00e9ress\u00e9. Roberto Bassspiel se distingue par une main de droit extraordinaire la technique de quatre doigts extraordinaire qu&rsquo;il regarde comme un m\u00e9lange de Dominique Di Piazza, Matthew Garrison et Gary Willis.<\/span><\/p>\n<p><\/div><br \/>\n<div class=\"one-three last\"><div class=\"gallery-wrap\" ><br \/>\n<br \/>\n<br \/>\n<br \/>\n<div class=\"clear\"><\/div><\/div><div class=\"clear\"><\/div><br \/>\n<\/div><\/p>\n<div class=\"clear\"><\/div>\n","protected":false},"excerpt":{"rendered":"<p>Roberto Badoglio<\/p>\n","protected":false},"author":1,"featured_media":0,"parent":926,"menu_order":0,"comment_status":"open","ping_status":"open","template":"","meta":{"footnotes":""},"class_list":["post-936","page","type-page","status-publish","hentry"],"_links":{"self":[{"href":"http:\/\/www.for-free-hands.de\/fr\/wp-json\/wp\/v2\/pages\/936","targetHints":{"allow":["GET"]}}],"collection":[{"href":"http:\/\/www.for-free-hands.de\/fr\/wp-json\/wp\/v2\/pages"}],"about":[{"href":"http:\/\/www.for-free-hands.de\/fr\/wp-json\/wp\/v2\/types\/page"}],"author":[{"embeddable":true,"href":"http:\/\/www.for-free-hands.de\/fr\/wp-json\/wp\/v2\/users\/1"}],"replies":[{"embeddable":true,"href":"http:\/\/www.for-free-hands.de\/fr\/wp-json\/wp\/v2\/comments?post=936"}],"version-history":[{"count":6,"href":"http:\/\/www.for-free-hands.de\/fr\/wp-json\/wp\/v2\/pages\/936\/revisions"}],"predecessor-version":[{"id":3865,"href":"http:\/\/www.for-free-hands.de\/fr\/wp-json\/wp\/v2\/pages\/936\/revisions\/3865"}],"up":[{"embeddable":true,"href":"http:\/\/www.for-free-hands.de\/fr\/wp-json\/wp\/v2\/pages\/926"}],"wp:attachment":[{"href":"http:\/\/www.for-free-hands.de\/fr\/wp-json\/wp\/v2\/media?parent=936"}],"curies":[{"name":"wp","href":"https:\/\/api.w.org\/{rel}","templated":true}]}}