{"id":934,"date":"2014-06-12T17:04:00","date_gmt":"2014-06-12T15:04:00","guid":{"rendered":"http:\/\/www.for-free-hands.de\/?page_id=934"},"modified":"2024-03-26T18:11:23","modified_gmt":"2024-03-26T16:11:23","slug":"manuel-podhostnik","status":"publish","type":"page","link":"http:\/\/www.for-free-hands.de\/fr\/le-groupe\/manuel-podhostnik\/","title":{"rendered":"Manuel Podhostnik"},"content":{"rendered":"<h1><span style=\"color: #000000;\">Manuel Podhostnik<\/span><\/h1>\n<div class=\"two-three first\">\n<p><span style=\"color: #000000;\">Manuel Podhostnik, n\u00e9 en Slov\u00e9nie, est un artiste dont le voyage musical est fortement influenc\u00e9 par ses racines. Il puise son inspiration dans la riche diversit\u00e9 culturelle des Balkans. Ce lien r\u00e9gional se refl\u00e8te dans sa musique, dans laquelle il int\u00e8gre des \u00e9l\u00e9ments et des sons issus de la tradition musicale vari\u00e9e des Balkans. L&rsquo;expression artistique de Manuel Podhostnik est fortement influenc\u00e9e par la nature du jazz dans sa forme essentielle. Cette orientation lui permet de s&rsquo;exprimer de mani\u00e8re authentique en tant qu&rsquo;artiste. Son travail se caract\u00e9rise par l&rsquo;exploration, le d\u00e9veloppement et le d\u00e9passement des limites mentales sur la batterie.<\/span><\/p>\n<p><span style=\"color: #000000;\">Outre son travail en solo, Manuel Podhostnik a collabor\u00e9 avec une liste impressionnante d&rsquo;artistes internationaux, dont Doug Hammond, Tim Lefebvre, Marko Crncec, Jure Punk, Tadej Kampl, Roberto Badoglio et bien d&rsquo;autres. Cette collaboration indique un large \u00e9ventail d&rsquo;influences cr\u00e9atives et d\u00e9montre sa capacit\u00e9 \u00e0 interagir avec succ\u00e8s avec diff\u00e9rents styles musicaux et artistes.<\/span><\/p>\n<p><span style=\"color: #000000;\">En outre, Manuel Podhostnik est actif dans le domaine du design sonore pour les m\u00e9dias. Cette activit\u00e9 aux multiples facettes illustre sa polyvalence et son engagement dans diff\u00e9rents domaines de la production musicale.<\/span><\/p>\n<p><span style=\"color: #000000;\">En plus de ces activit\u00e9s, Manuel Podhostnik a \u00e9galement sorti un CD solo intitul\u00e9 \u00ab\u00a0Curiosity\u00a0\u00bb, qui souligne encore davantage son large \u00e9ventail en tant que musicien.<\/span><\/p>\n<p><\/div><br \/>\n<div class=\"one-three last\"><div class=\"gallery-wrap\" ><br \/>\n<br \/>\n<br \/>\n<br \/>\n<div class=\"clear\"><\/div><\/div><div class=\"clear\"><\/div><br \/>\n<\/div><\/p>\n<div class=\"clear\"><\/div>\n","protected":false},"excerpt":{"rendered":"<p>Manuel Podhostnik<\/p>\n","protected":false},"author":1,"featured_media":0,"parent":926,"menu_order":0,"comment_status":"open","ping_status":"open","template":"","meta":{"footnotes":""},"class_list":["post-934","page","type-page","status-publish","hentry"],"_links":{"self":[{"href":"http:\/\/www.for-free-hands.de\/fr\/wp-json\/wp\/v2\/pages\/934","targetHints":{"allow":["GET"]}}],"collection":[{"href":"http:\/\/www.for-free-hands.de\/fr\/wp-json\/wp\/v2\/pages"}],"about":[{"href":"http:\/\/www.for-free-hands.de\/fr\/wp-json\/wp\/v2\/types\/page"}],"author":[{"embeddable":true,"href":"http:\/\/www.for-free-hands.de\/fr\/wp-json\/wp\/v2\/users\/1"}],"replies":[{"embeddable":true,"href":"http:\/\/www.for-free-hands.de\/fr\/wp-json\/wp\/v2\/comments?post=934"}],"version-history":[{"count":9,"href":"http:\/\/www.for-free-hands.de\/fr\/wp-json\/wp\/v2\/pages\/934\/revisions"}],"predecessor-version":[{"id":6034,"href":"http:\/\/www.for-free-hands.de\/fr\/wp-json\/wp\/v2\/pages\/934\/revisions\/6034"}],"up":[{"embeddable":true,"href":"http:\/\/www.for-free-hands.de\/fr\/wp-json\/wp\/v2\/pages\/926"}],"wp:attachment":[{"href":"http:\/\/www.for-free-hands.de\/fr\/wp-json\/wp\/v2\/media?parent=934"}],"curies":[{"name":"wp","href":"https:\/\/api.w.org\/{rel}","templated":true}]}}