{"id":932,"date":"2014-06-12T17:02:42","date_gmt":"2014-06-12T15:02:42","guid":{"rendered":"http:\/\/www.for-free-hands.de\/?page_id=932"},"modified":"2014-07-18T17:06:42","modified_gmt":"2014-07-18T15:06:42","slug":"andreas-brunn","status":"publish","type":"page","link":"http:\/\/www.for-free-hands.de\/fr\/le-groupe\/andreas-brunn\/","title":{"rendered":"Andreas Brunn"},"content":{"rendered":"<h1>Andreas Brunn<\/h1>\n<div class=\"two-three first\">\n<p><span style=\"color: #000000;\">A \u00e9tudi\u00e9 la musique et la guitare \u00e0 l\u00b4Ecole Sup\u00e9rieure de Musique Franz List \u00e0 Weimar. Avec son morceau \u201eTwo Faces\u201c, il remporte le premier prix lors du concours de composition musicale organis\u00e9 par le magazine sp\u00e9cialis\u00e9 \u00ab\u00a0Akustik Gitarre\u00a0\u00bb.<\/span><\/p>\n<p><span style=\"color: #000000;\">Ce guitariste a particip\u00e9 \u00e0 de nombreux festivals europ\u00e9ens et asiatiques et a travaill\u00e9, entre autres, avec Uli Bartel, Mack Goldsbury, Ralf Siedhoff, Ferenc Snetberger, Stojan Yankoulov, Ateshan Husseinov et Petri Hakala. En 2003, il obtient une bourse du minist\u00e8re de la culture de Berlin pour \u00e9tudier en Bulgarie et en 2008, une bourse d\u00b4\u00e9tudes pour un s\u00e9jour en Finlande.\u00a0<\/span><br \/>\n<\/div><br \/>\n<div class=\"one-three last\"><div class=\"gallery-wrap\" ><br \/>\n<br \/>\n<br \/>\n<br \/>\n<div class=\"clear\"><\/div><\/div><div class=\"clear\"><\/div><br \/>\n<\/div><\/p>\n<div class=\"clear\"><\/div>\n","protected":false},"excerpt":{"rendered":"<p>Andreas Brunn<\/p>\n","protected":false},"author":1,"featured_media":0,"parent":926,"menu_order":0,"comment_status":"open","ping_status":"open","template":"","meta":{"footnotes":""},"class_list":["post-932","page","type-page","status-publish","hentry"],"_links":{"self":[{"href":"http:\/\/www.for-free-hands.de\/fr\/wp-json\/wp\/v2\/pages\/932","targetHints":{"allow":["GET"]}}],"collection":[{"href":"http:\/\/www.for-free-hands.de\/fr\/wp-json\/wp\/v2\/pages"}],"about":[{"href":"http:\/\/www.for-free-hands.de\/fr\/wp-json\/wp\/v2\/types\/page"}],"author":[{"embeddable":true,"href":"http:\/\/www.for-free-hands.de\/fr\/wp-json\/wp\/v2\/users\/1"}],"replies":[{"embeddable":true,"href":"http:\/\/www.for-free-hands.de\/fr\/wp-json\/wp\/v2\/comments?post=932"}],"version-history":[{"count":3,"href":"http:\/\/www.for-free-hands.de\/fr\/wp-json\/wp\/v2\/pages\/932\/revisions"}],"predecessor-version":[{"id":1057,"href":"http:\/\/www.for-free-hands.de\/fr\/wp-json\/wp\/v2\/pages\/932\/revisions\/1057"}],"up":[{"embeddable":true,"href":"http:\/\/www.for-free-hands.de\/fr\/wp-json\/wp\/v2\/pages\/926"}],"wp:attachment":[{"href":"http:\/\/www.for-free-hands.de\/fr\/wp-json\/wp\/v2\/media?parent=932"}],"curies":[{"name":"wp","href":"https:\/\/api.w.org\/{rel}","templated":true}]}}