{"id":926,"date":"2014-06-12T16:58:10","date_gmt":"2014-06-12T14:58:10","guid":{"rendered":"http:\/\/www.for-free-hands.de\/?page_id=926"},"modified":"2024-04-02T11:32:50","modified_gmt":"2024-04-02T09:32:50","slug":"le-groupe","status":"publish","type":"page","link":"http:\/\/www.for-free-hands.de\/fr\/le-groupe\/","title":{"rendered":"Le groupe"},"content":{"rendered":"<div class=\"one-four first\"><\/p>\n<p><a href=\"http:\/\/www.for-free-hands.de\/relaunch\/andreas-brunn\/\"><img loading=\"lazy\" decoding=\"async\" class=\"alignnone wp-image-3092\" src=\"http:\/\/www.for-free-hands.de\/wp-content\/uploads\/2013\/08\/Andreas-Akustik-2016-bw-681x1024.jpg\" alt=\"\" width=\"230\" height=\"346\" srcset=\"http:\/\/www.for-free-hands.de\/wp-content\/uploads\/2013\/08\/Andreas-Akustik-2016-bw-681x1024.jpg 681w, http:\/\/www.for-free-hands.de\/wp-content\/uploads\/2013\/08\/Andreas-Akustik-2016-bw-200x300.jpg 200w, http:\/\/www.for-free-hands.de\/wp-content\/uploads\/2013\/08\/Andreas-Akustik-2016-bw-768x1154.jpg 768w, http:\/\/www.for-free-hands.de\/wp-content\/uploads\/2013\/08\/Andreas-Akustik-2016-bw.jpg 1181w\" sizes=\"auto, (max-width: 230px) 100vw, 230px\" \/><\/a><\/p>\n<h4><span style=\"color: #000000;\"><a title=\"Andreas Brunn\" href=\"http:\/\/www.for-free-hands.de\/fr\/le-groupe\/andreas-brunn\"><span style=\"color: #000000;\"><strong>Andreas Brunn<\/strong><\/span><\/a><\/span><\/h4>\n<p><span style=\"color: #000000;\">Il a \u00e9tudi\u00e9 la guitare et la th\u00e9orie musicale \u00e0 l&rsquo;\u00c9cole sup\u00e9rieure de musique Franz Liszt de Weimar. Il a remport\u00e9 le premier prix du concours de composition pour guitare Open Strings organis\u00e9 par le magazine sp\u00e9cialis\u00e9 Akustik Gitarre avec sa composition Two Faces.<\/span><\/p>\n<p><a href=\"http:\/\/www.for-free-hands.de\/fr\/le-groupe\/andreas-brunn\/\" class=\"button-small\" style=\"background-color:#1392d4;color:#ffffff;\" target=\"_self\"><span>En voir plus<\/span><\/a><br \/>\n<\/div>\n<div class=\"one-four\"><\/p>\n<p><a href=\"http:\/\/www.for-free-hands.de\/relaunch\/vladimir-karparov\/\"><img loading=\"lazy\" decoding=\"async\" class=\"alignnone wp-image-3115\" src=\"http:\/\/www.for-free-hands.de\/wp-content\/uploads\/2014\/06\/Vladimir-1-681x1024.jpg\" alt=\"\" width=\"230\" height=\"346\" srcset=\"http:\/\/www.for-free-hands.de\/wp-content\/uploads\/2014\/06\/Vladimir-1-681x1024.jpg 681w, http:\/\/www.for-free-hands.de\/wp-content\/uploads\/2014\/06\/Vladimir-1-200x300.jpg 200w, http:\/\/www.for-free-hands.de\/wp-content\/uploads\/2014\/06\/Vladimir-1-768x1154.jpg 768w\" sizes=\"auto, (max-width: 230px) 100vw, 230px\" \/><\/a><\/p>\n<h4><strong><span style=\"color: #000000;\"><a style=\"color: #000000;\" title=\"Vladimir Karparov\" href=\"http:\/\/www.for-free-hands.de\/fr\/le-groupe\/vladimir-karparov\">Vladimir Karparov<\/a><\/span><\/strong><\/h4>\n<p><span style=\"color: #000000;\">A commenc\u00e9 \u00e0 \u00e9tudier le jazz \u00e0 la Hochschule f\u00fcr Musik und Theater de Hambourg en 1999. Le saxophoniste s&rsquo;est produit en concert et a remport\u00e9 des prix dans des festivals europ\u00e9ens, asiatiques et latino-am\u00e9ricains. <\/span><\/p>\n<p><a href=\"http:\/\/www.for-free-hands.de\/fr\/le-groupe\/vladimir-karparov\/\" class=\"button-small\" style=\"background-color:#1392d4;color:#ffffff;\" target=\"_self\"><span>En voir plus<\/span><\/a><br \/>\n<\/div>\n<div class=\"one-four\"><\/p>\n<p><a href=\"http:\/\/www.for-free-hands.de\/wp-content\/uploads\/2024\/03\/Manuel-BW-Neu-1.jpg\"><img loading=\"lazy\" decoding=\"async\" class=\"alignnone wp-image-5983\" src=\"http:\/\/www.for-free-hands.de\/wp-content\/uploads\/2024\/03\/Manuel-BW-Neu-1-203x300.jpg\" alt=\"\" width=\"242\" height=\"358\" srcset=\"http:\/\/www.for-free-hands.de\/wp-content\/uploads\/2024\/03\/Manuel-BW-Neu-1-203x300.jpg 203w, http:\/\/www.for-free-hands.de\/wp-content\/uploads\/2024\/03\/Manuel-BW-Neu-1.jpg 333w\" sizes=\"auto, (max-width: 242px) 100vw, 242px\" \/><\/a><\/p>\n<h4><span style=\"color: #000000;\"><a title=\"Dimitris Christides\" href=\"http:\/\/www.for-free-hands.de\/fr\/le-groupe\/manuel-podhostnik\/\"><span style=\"color: #000000;\"><strong>Manuel Podhostnik<\/strong><\/span><\/a><\/span><\/h4>\n<p><span style=\"color: #000000;\">Outre son travail en solo, Manuel Podhostnik a collabor\u00e9 avec une liste impressionnante d&rsquo;artistes internationaux, dont Doug Hammond, Tim Lefebvre, Marko Crncec, Jure Punk, Tadej Kampl, Roberto Badoglio et bien d&rsquo;autres. Cette collaboration montre sa capacit\u00e9 \u00e0 interagir avec succ\u00e8s avec diff\u00e9rents styles musicaux et artistes.<\/span><\/p>\n<p><a href=\"http:\/\/www.for-free-hands.de\/fr\/le-groupe\/manuel-podhostnik\/\" class=\"button-small\" style=\"background-color:#1392d4;color:#ffffff;\" target=\"_self\"><span>En voir plus<\/span><\/a><br \/>\n<\/div>\n<div class=\"one-four last\"><\/p>\n<p><a href=\"http:\/\/www.for-free-hands.de\/wp-content\/uploads\/2024\/03\/Rob-bw-Neu.jpg\"><img loading=\"lazy\" decoding=\"async\" class=\"alignnone wp-image-5974\" src=\"http:\/\/www.for-free-hands.de\/wp-content\/uploads\/2024\/03\/Rob-bw-Neu-203x300.jpg\" alt=\"\" width=\"243\" height=\"359\" srcset=\"http:\/\/www.for-free-hands.de\/wp-content\/uploads\/2024\/03\/Rob-bw-Neu-203x300.jpg 203w, http:\/\/www.for-free-hands.de\/wp-content\/uploads\/2024\/03\/Rob-bw-Neu.jpg 333w\" sizes=\"auto, (max-width: 243px) 100vw, 243px\" \/><\/a><\/p>\n<h4><span style=\"color: #000000;\"><a title=\"George Donchev\" href=\"http:\/\/www.for-free-hands.de\/fr\/le-groupe\/roberto-badoglio\"><span style=\"color: #000000;\"><strong>Roberto Badoglio<\/strong><\/span><\/a><\/span><\/h4>\n<p><span style=\"color: #000000;\">Roberto Badoglio a pris des cours priv\u00e9s \u00e0 l&rsquo;\u00e2ge de 16 ans en France avec Dominique Di Piazza et \u00e0 New York avec Matthew Garrison et Skuli Sverrisson. En 2005\/06, il a fr\u00e9quent\u00e9 le Berklee College of Music \u00e0 Boston. Apr\u00e8s Berklee, il s&rsquo;est install\u00e9 \u00e0 NY City, a rejoint le groupe de la chanteuse pop Adama et a fait des tourn\u00e9es internationales avec de nombreux grands musiciens de la sc\u00e8ne new-yorkaise, comme Louis Cato, Marko Djordjevic, Brad et Eliot Mason.<\/span><\/p>\n<p><a href=\"http:\/\/www.for-free-hands.de\/fr\/le-groupe\/roberto-badoglio\/\" class=\"button-small\" style=\"background-color:#1392d4;color:#ffffff;\" target=\"_self\"><span>En voir plus<\/span><\/a><br \/>\n<\/div>\n<div class=\"clear\"><\/div>\n<p><span style=\"color: #000000;\"><b><a href=\"http:\/\/www.for-free-hands.de\/wp-content\/uploads\/2024\/03\/Alaa-Neu.jpg\"><img loading=\"lazy\" decoding=\"async\" class=\"alignnone wp-image-5987\" src=\"http:\/\/www.for-free-hands.de\/wp-content\/uploads\/2024\/03\/Alaa-Neu-300x193.jpg\" alt=\"\" width=\"401\" height=\"258\" srcset=\"http:\/\/www.for-free-hands.de\/wp-content\/uploads\/2024\/03\/Alaa-Neu-300x193.jpg 300w, http:\/\/www.for-free-hands.de\/wp-content\/uploads\/2024\/03\/Alaa-Neu-768x494.jpg 768w, http:\/\/www.for-free-hands.de\/wp-content\/uploads\/2024\/03\/Alaa-Neu.jpg 960w\" sizes=\"auto, (max-width: 401px) 100vw, 401px\" \/><\/a><\/b><\/span><\/p>\n<h4><strong><a href=\"http:\/\/www.for-free-hands.de\/fr\/alaa-zouiten\/\"><span style=\"color: #000000;\">Alaa Zouiten\u00a0<\/span><\/a><\/strong><\/h4>\n<p><span style=\"color: #000000;\">Invit\u00e9 sur notre nouveau CD \u00ab\u00a0The passing on of the fire\u00a0\u00bb et lors de nombreux concerts!Alaa Zouiten est n\u00e9 \u00e0 Casablanca, au Maroc. C&rsquo;est l\u00e0 qu&rsquo;il a commenc\u00e9 sa carri\u00e8re musicale en tant que ma\u00eetre de l&rsquo;oud, le luth arabe, et qu&rsquo;il a suivi une formation au Conservatoire national de Marrakech avant de devenir sideman du groupe de fusion \u00ab\u00a0Jbara\u00a0\u00bb. Avec ce groupe, il a jou\u00e9 dans de nombreux festivals marocains, dont le festival Essaouira Gnaoua, le Grand Festival de Casablanca et le Mawazine \u00e0 Rabat.\u00a0<\/span><\/p>\n<a href=\"http:\/\/www.for-free-hands.de\/fr\/alaa-zouiten\/\/\" class=\"button-small\" style=\"background-color:#1392d4;color:#ffffff;\" target=\"_self\"><span>En voir plus<\/span><\/a>\n","protected":false},"excerpt":{"rendered":"<p>Alaa Zouiten\u00a0 Invit\u00e9 sur notre nouveau CD \u00ab\u00a0The passing on of the fire\u00a0\u00bb et lors de nombreux concerts!Alaa Zouiten est n\u00e9 \u00e0 Casablanca, au Maroc&#8230;.<\/p>\n","protected":false},"author":1,"featured_media":0,"parent":0,"menu_order":0,"comment_status":"open","ping_status":"open","template":"","meta":{"footnotes":""},"class_list":["post-926","page","type-page","status-publish","hentry"],"_links":{"self":[{"href":"http:\/\/www.for-free-hands.de\/fr\/wp-json\/wp\/v2\/pages\/926","targetHints":{"allow":["GET"]}}],"collection":[{"href":"http:\/\/www.for-free-hands.de\/fr\/wp-json\/wp\/v2\/pages"}],"about":[{"href":"http:\/\/www.for-free-hands.de\/fr\/wp-json\/wp\/v2\/types\/page"}],"author":[{"embeddable":true,"href":"http:\/\/www.for-free-hands.de\/fr\/wp-json\/wp\/v2\/users\/1"}],"replies":[{"embeddable":true,"href":"http:\/\/www.for-free-hands.de\/fr\/wp-json\/wp\/v2\/comments?post=926"}],"version-history":[{"count":34,"href":"http:\/\/www.for-free-hands.de\/fr\/wp-json\/wp\/v2\/pages\/926\/revisions"}],"predecessor-version":[{"id":6071,"href":"http:\/\/www.for-free-hands.de\/fr\/wp-json\/wp\/v2\/pages\/926\/revisions\/6071"}],"wp:attachment":[{"href":"http:\/\/www.for-free-hands.de\/fr\/wp-json\/wp\/v2\/media?parent=926"}],"curies":[{"name":"wp","href":"https:\/\/api.w.org\/{rel}","templated":true}]}}