{"id":722,"date":"2018-03-14T12:34:18","date_gmt":"2018-03-14T10:34:18","guid":{"rendered":"http:\/\/www.for-free-hands.de\/relaunch\/?page_id=722"},"modified":"2023-10-30T20:37:39","modified_gmt":"2023-10-30T18:37:39","slug":"discographie","status":"publish","type":"page","link":"http:\/\/www.for-free-hands.de\/fr\/mediatheque\/discographie\/","title":{"rendered":"Discographie"},"content":{"rendered":"<p><span style=\"color: #000000;\">Albert camus a \u00e9crit: <strong>\u201eIl n&rsquo;y a pas de libert\u00e9 sans compr\u00e9hension mutuelle \u201c <\/strong><\/span><span style=\"color: #000000;\">&#8230; Cette citation repr\u00e9sente pour moi la facon id\u00e9ale de percevoir l&rsquo;essence du jazz et l&rsquo;\u00e9n\u00e9rgie qui s&rsquo;en d\u00e9gage. Si \u00a0nous apprenons \u00e0 mieux nous connaitre, tout devient alors possible! Pour les musiciens de jazz la voie est ouverte pour cr\u00e9er ces moments d&rsquo;intensit\u00e9 qui m\u00e8nent \u00e0 une effervescence d&rsquo;interactions collective.<\/span><\/p>\n<p><span style=\"color: #000000;\"><div class=\"one-four first\"><a href=\"http:\/\/www.for-free-hands.de\/wp-content\/uploads\/2023\/10\/FFH-Digipac-front.jpg\"><img loading=\"lazy\" decoding=\"async\" class=\"alignnone wp-image-5601 \" src=\"http:\/\/www.for-free-hands.de\/wp-content\/uploads\/2023\/10\/FFH-Digipac-front-300x257.jpg\" alt=\"\" width=\"225\" height=\"193\" srcset=\"http:\/\/www.for-free-hands.de\/wp-content\/uploads\/2023\/10\/FFH-Digipac-front-300x257.jpg 300w, http:\/\/www.for-free-hands.de\/wp-content\/uploads\/2023\/10\/FFH-Digipac-front.jpg 577w\" sizes=\"auto, (max-width: 225px) 100vw, 225px\" \/> <\/a><strong>The passing on of the fire<\/strong><\/span><br \/>\n<span style=\"color: #000000;\"><\/div><div class=\"three-four last\"> <\/span><\/p>\n<p><span style=\"color: #000000;\">Notre CD FFH \u00ab\u00a0The passing on of the fire\u00a0\u00bb a \u00e9t\u00e9 d\u00e9but octobre le CD de la semaine chez <span style=\"color: #000080;\"><strong><a style=\"color: #000080;\" href=\"https:\/\/www.jazz-fun.de\/for-free-hands-feat-alaa-zouiten-the-passing-on-of-the-fire.html\" target=\"_blank\" rel=\"noopener\">jazz-fun.de<\/a><\/strong>:<\/span>\u00a0\u00ab\u00a0Sur une \u0153uvre truff\u00e9e de mat\u00e9riel frais, Andreas Brunn se sert d&rsquo;un large arsenal instrumental. Il en r\u00e9sulte un superbe album \u00e0 la fronti\u00e8re du jazz et de la fusion, avec des envol\u00e9es jazz-rock. J&rsquo;aime les solos agiles du guitariste en interaction avec le saxophone, soutenu par le oud d&rsquo;Alaa Zouiten. Le jeu de batterie passionn\u00e9 de Diego Pi\u00f1era conf\u00e8re \u00e9galement \u00e0 l&rsquo;ensemble \u00e9nergie et agilit\u00e9. Un grand album, nous sommes ravis!\u00a0\u00bb<\/span><\/p>\n<p><span style=\"color: #000000;\"><a href=\"http:\/\/www.for-free-hands.de\/fr\/mediatheque\/discographie\/the-passing-on-of-the-fire\/\" class=\"button-small\" style=\"background-color:#1392d4;color:#ffffff;\" target=\"_self\"><span>plus d\u00b4informations<\/span><\/a><\/span><br \/>\n<span style=\"color: #000000;\"><\/div><\/span><br \/>\n<span style=\"color: #000000;\"> <div class=\"clear\"><\/div><\/span><br \/>\n<span style=\"color: #000000;\">\u00a0<div class=\"one-four first\"><a href=\"http:\/\/www.for-free-hands.de\/wp-content\/uploads\/2018\/03\/Kaleidoscope.jpg\"><img loading=\"lazy\" decoding=\"async\" class=\"alignnone wp-image-4045\" src=\"http:\/\/www.for-free-hands.de\/wp-content\/uploads\/2018\/03\/Kaleidoscope-300x272.jpg\" alt=\"\" width=\"250\" height=\"227\" srcset=\"http:\/\/www.for-free-hands.de\/wp-content\/uploads\/2018\/03\/Kaleidoscope-300x272.jpg 300w, http:\/\/www.for-free-hands.de\/wp-content\/uploads\/2018\/03\/Kaleidoscope-768x696.jpg 768w, http:\/\/www.for-free-hands.de\/wp-content\/uploads\/2018\/03\/Kaleidoscope-1024x928.jpg 1024w, http:\/\/www.for-free-hands.de\/wp-content\/uploads\/2018\/03\/Kaleidoscope.jpg 1632w\" sizes=\"auto, (max-width: 250px) 100vw, 250px\" \/><\/a><strong>Kaleidoscope Freedom<\/strong><\/span><\/p>\n<p><span style=\"color: #000000;\"><\/div><div class=\"three-four last\"> \u00a0<\/span><\/p>\n<p><span style=\"color: #000000;\"><strong>JAZZ thing &#8211; Critique de CD<\/strong> : \u00a0\u00bb &#8230; Celui qui sait compter est clairement avantag\u00e9, et les fractions ne font pas de mal non plus. 5\/8, 7\/8 &amp; 13\/16, tel est le tissu rythmique que tisse le quatuor berlinois multiculturel For Free Hands, et il regorge de tours et de d\u00e9tours surprenants &#8230; Mais ce qui est d\u00e9cisif, c&rsquo;est la joie de jouer d\u00e9bordante et l&rsquo;assurance \u00e9vidente avec laquelle le quartet aborde les diff\u00e9rentes facettes du jazz \u00e9lectrifi\u00e9 et les charge d&rsquo;\u00e9nergie. &#8230;\u00a0\u00bb <strong>Stephan Hentz<span style=\"color: #000000;\">. (2015)<\/span><\/strong><\/span><\/p>\n<p><span style=\"color: #000000;\"><\/div><\/span><br \/>\n<span style=\"color: #000000;\"> <div class=\"clear\"><\/div><\/span><\/p>\n<p><span style=\"color: #000000;\"><div class=\"one-four first\"><a href=\"http:\/\/www.for-free-hands.de\/wp-content\/uploads\/2013\/08\/Transversal.jpg\"><img loading=\"lazy\" decoding=\"async\" class=\"alignnone wp-image-4040\" src=\"http:\/\/www.for-free-hands.de\/wp-content\/uploads\/2013\/08\/Transversal-300x274.jpg\" alt=\"\" width=\"250\" height=\"228\" srcset=\"http:\/\/www.for-free-hands.de\/wp-content\/uploads\/2013\/08\/Transversal-300x274.jpg 300w, http:\/\/www.for-free-hands.de\/wp-content\/uploads\/2013\/08\/Transversal.jpg 396w\" sizes=\"auto, (max-width: 250px) 100vw, 250px\" \/><\/a><b>Transversal<\/b><\/span><\/p>\n<p><span style=\"color: #000000;\"><b>\u00a0<\/b><\/span><span style=\"color: #000000;\"><\/div>\u00a0<\/span><div class=\"three-four last\"> \u00a0<span style=\"color: #000000;\">\u00ab\u00a0<strong>FOR FREE HANDS \u2013 TRANSVERSAL \u00ab\u00a0<\/strong>Andreas Brunn alterne constamment son style aux fronti\u00e8res de la musique et des styles- entre un Jazz d&rsquo;avant garde, du folk balkanique, du rock, de la pop, et des comp\u00e9tences classiques, souvent jou\u00e9 sur sa 7 cordes, mais aussi sur sa guitare \u00e9l\u00e9ctrique, de mani\u00e8re \u00e0 utiliser le plus d&rsquo;influences possible.<br \/>\nTous les musiciens de For Free Hands sont des experts du rythme. Il suffit d&rsquo;entendre \u201cMagic Friday\u201d, (Vendredi magique c.\u00e0.d le vendredi 13): on comprend alors comment la guitare \u00e9pelle m\u00e9taphoriquement \u00ab\u00a0transversal\u00a0\u00bb dans un rythme de 13\/16. L&rsquo;influence des Balkans peut presque tout le temps \u00eatre ressentie et est d&rsquo;autant plus fascinante avec le m\u00e9tissage que lui apporte le Jazz. La cl\u00e9 de la musique de FFH repose dans ce m\u00e9tissage: Ils sont d\u00e9termin\u00e9s \u00e0 garder les racines du Jazz moderne en se lanceant dans l&rsquo;experimentation d&rsquo;un Jazz libre, le tout d&rsquo;une mani\u00e8re divertissante et s\u00e9rieuse, musicalement parlant.\u00a0\u00bb <strong>(Alexander Schmitz, Jazzpodium 05\/2007)<\/strong><\/span><\/p>\n<p><span style=\"color: #000000;\"><\/div><\/span><\/p>\n<p><span style=\"color: #000000;\"><div class=\"clear\"><\/div><\/span><\/p>\n<p><span style=\"color: #000000;\"> <div class=\"one-four first\"><a href=\"http:\/\/www.for-free-hands.de\/wp-content\/uploads\/2018\/03\/Eastern-Moods.jpg\"><img loading=\"lazy\" decoding=\"async\" class=\"alignnone wp-image-4044\" src=\"http:\/\/www.for-free-hands.de\/wp-content\/uploads\/2018\/03\/Eastern-Moods.jpg\" alt=\"\" width=\"250\" height=\"250\" srcset=\"http:\/\/www.for-free-hands.de\/wp-content\/uploads\/2018\/03\/Eastern-Moods.jpg 941w, http:\/\/www.for-free-hands.de\/wp-content\/uploads\/2018\/03\/Eastern-Moods-150x150.jpg 150w, http:\/\/www.for-free-hands.de\/wp-content\/uploads\/2018\/03\/Eastern-Moods-300x300.jpg 300w, http:\/\/www.for-free-hands.de\/wp-content\/uploads\/2018\/03\/Eastern-Moods-768x769.jpg 768w, http:\/\/www.for-free-hands.de\/wp-content\/uploads\/2018\/03\/Eastern-Moods-80x80.jpg 80w\" sizes=\"auto, (max-width: 250px) 100vw, 250px\" \/><\/a><b>Eastern Moods<\/b><\/span><\/p>\n<p><\/div><div class=\"three-four last\"><span style=\"color: #000000;\"> \u00a0\u201cPour ceux qui sont tent\u00e9s d&rsquo;associer le titre \u2018Eastern Moods\u2019 avec des derviches de la danse, au premier regard, le son lourd mais tout de meme melodieux de l&rsquo;introduction, qui se poursuit pendant quelques instants jusqu&rsquo;\u00e0 finalement prendre forme dans une explosion de rythmes, peut en surprendre plus d&rsquo;un. M\u00eame dans la seconde chanson, compos\u00e9e par le batteur Maurice de Martin, la musique ne montre aucun signe d&#8217;empressement et \u00e9vite l&rsquo;utilisation de tout st\u00e9r\u00e9otype de la musique des Balkans. Dans la chanson \u201cDracula\u2019s Breakfast\u201d, le Jazz rencontre des rythmes typiques de l&rsquo;est, un rendez vous fascinant, qui\u00a0\u00a0pourrait pour certains auditeurs occidentaux atteindre la limite du sens qu&rsquo;ils se font de l&rsquo;harmonie. La chanson qui suit, Brunn &amp; Co. concentre leur attention sur une composition de McLaughin, dans le seul but d&rsquo;immerger le public dans les rythmes chaleureux de la musique traditionnel bulgare. \u2026 \u00c9videmment, personne ne penserait \u00e0 caract\u00e9riser les sons pr\u00e9sent\u00e9s ici comme \u00ab\u00a0facile \u00e0 dig\u00e9rer\u00a0\u00bb, mais le charme aust\u00e8re qu&rsquo;ils diffusent, la grande vari\u00e9t\u00e9 d&rsquo;id\u00e9es et de structures qu&rsquo;ils montrent, en plus de la comp\u00e9tence remarquable des musiciens, qui est en tout temps audible pendant la performance, permet la contituit\u00e9 de la fusion musicale atypique de ce groupe \u00a0\u00e0 \u00eatre en accord avec l&rsquo;air du temps pendant un temps consid\u00e9rablement long. <strong>(AKUSTIK Gitarre 8\/2001<\/strong>,<strong> Michael Lohr)<\/strong><\/span><\/p>\n<p><span style=\"color: #000000;\"><\/div> <\/span><\/p>\n<p><span style=\"color: #000000;\"><div class=\"clear\"><\/div><\/span><\/p>\n<p><span style=\"color: #000000;\"> <div class=\"one-four first\"><a href=\"http:\/\/www.for-free-hands.de\/wp-content\/uploads\/2018\/03\/Two-Faces.jpg\"><img loading=\"lazy\" decoding=\"async\" class=\"alignnone wp-image-4046\" src=\"http:\/\/www.for-free-hands.de\/wp-content\/uploads\/2018\/03\/Two-Faces-300x300.jpg\" alt=\"\" width=\"250\" height=\"250\" srcset=\"http:\/\/www.for-free-hands.de\/wp-content\/uploads\/2018\/03\/Two-Faces-300x300.jpg 300w, http:\/\/www.for-free-hands.de\/wp-content\/uploads\/2018\/03\/Two-Faces-150x150.jpg 150w, http:\/\/www.for-free-hands.de\/wp-content\/uploads\/2018\/03\/Two-Faces-768x768.jpg 768w, http:\/\/www.for-free-hands.de\/wp-content\/uploads\/2018\/03\/Two-Faces-1024x1024.jpg 1024w, http:\/\/www.for-free-hands.de\/wp-content\/uploads\/2018\/03\/Two-Faces-80x80.jpg 80w, http:\/\/www.for-free-hands.de\/wp-content\/uploads\/2018\/03\/Two-Faces.jpg 1416w\" sizes=\"auto, (max-width: 250px) 100vw, 250px\" \/><\/a> <b>Two Faces<\/b><\/span><\/p>\n<p><span style=\"color: #000000;\"><\/div><div class=\"three-four last\"> \u00a0<\/span><\/p>\n<p><span style=\"color: #000000;\">\u201cLa moindre des choses est de dire, que <strong>Hartmann and Brunn<\/strong> (plus le batteur <strong>Ned Irving<\/strong>) se sont bien trouv\u00e9s, car leur musique aux diverses influences et d&rsquo;une complexit\u00e9 omnipr\u00e9sente reste dans tous les cas un plaisir pour les oreilles. \u00a0Entre leurs dissonances modernes et leurs grove naturel (\u201cDraculas Breakfast\u201d) et des titres comme \u201cGypsy Miles\u201d ils ont r\u00e9ussi \u00e0 batir des ponts avec le Ska, la musique Gypsy et le style de Miles Davis. Avec un peu d&rsquo;ironie des styles, ils ont r\u00e9ussi \u00e0 op\u00e9rer la quadrature du cercle.\u201d <strong>(AKUSTIK Gitarre 4\/1999)<\/strong><\/span><\/p>\n<p><span style=\"color: #000000;\"><\/div><\/span><\/p>\n<p><span style=\"color: #000000;\"> <div class=\"clear\"><\/div><\/span><\/p>\n","protected":false},"excerpt":{"rendered":"<p>Albert camus a \u00e9crit: \u201eIl n&rsquo;y a pas de libert\u00e9 sans compr\u00e9hension mutuelle \u201c &#8230; Cette citation repr\u00e9sente pour moi la facon id\u00e9ale de percevoir&#8230;<\/p>\n","protected":false},"author":1,"featured_media":0,"parent":903,"menu_order":0,"comment_status":"open","ping_status":"open","template":"","meta":{"footnotes":""},"class_list":["post-722","page","type-page","status-publish","hentry"],"_links":{"self":[{"href":"http:\/\/www.for-free-hands.de\/fr\/wp-json\/wp\/v2\/pages\/722","targetHints":{"allow":["GET"]}}],"collection":[{"href":"http:\/\/www.for-free-hands.de\/fr\/wp-json\/wp\/v2\/pages"}],"about":[{"href":"http:\/\/www.for-free-hands.de\/fr\/wp-json\/wp\/v2\/types\/page"}],"author":[{"embeddable":true,"href":"http:\/\/www.for-free-hands.de\/fr\/wp-json\/wp\/v2\/users\/1"}],"replies":[{"embeddable":true,"href":"http:\/\/www.for-free-hands.de\/fr\/wp-json\/wp\/v2\/comments?post=722"}],"version-history":[{"count":80,"href":"http:\/\/www.for-free-hands.de\/fr\/wp-json\/wp\/v2\/pages\/722\/revisions"}],"predecessor-version":[{"id":5744,"href":"http:\/\/www.for-free-hands.de\/fr\/wp-json\/wp\/v2\/pages\/722\/revisions\/5744"}],"up":[{"embeddable":true,"href":"http:\/\/www.for-free-hands.de\/fr\/wp-json\/wp\/v2\/pages\/903"}],"wp:attachment":[{"href":"http:\/\/www.for-free-hands.de\/fr\/wp-json\/wp\/v2\/media?parent=722"}],"curies":[{"name":"wp","href":"https:\/\/api.w.org\/{rel}","templated":true}]}}