{"id":6041,"date":"2024-03-26T18:22:49","date_gmt":"2024-03-26T16:22:49","guid":{"rendered":"http:\/\/www.for-free-hands.de\/?page_id=6041"},"modified":"2024-04-02T11:21:17","modified_gmt":"2024-04-02T09:21:17","slug":"alaa-zouiten","status":"publish","type":"page","link":"http:\/\/www.for-free-hands.de\/fr\/alaa-zouiten\/","title":{"rendered":""},"content":{"rendered":"<h1><span style=\"color: #000000;\">Alaa Zouiten<\/span><\/h1>\n<div class=\"two-three first\">\n<p><span style=\"color: #000000;\">Alaa Zouiten est n\u00e9 \u00e0 Casablanca, au Maroc. C&rsquo;est l\u00e0 qu&rsquo;il a commenc\u00e9 sa carri\u00e8re musicale en tant que ma\u00eetre de l&rsquo;oud, le luth arabe, et qu&rsquo;il a suivi une formation au Conservatoire national de Marrakech avant de devenir sideman du groupe de fusion \u00ab\u00a0Jbara\u00a0\u00bb. Avec le groupe, il a jou\u00e9 dans de nombreux festivals marocains, dont le festival Essaouira Gnaoua, le Grand Festival de Casablanca et le Mawazine \u00e0 Rabat.<\/span><\/p>\n<p><span style=\"color: #000000;\">Il a approfondi ses connaissances en th\u00e9orie musicale \u00e0 l&rsquo;universit\u00e9 d&rsquo;Erfurt, en Allemagne, en \u00e9tudiant la m\u00e9diation musicale et la philosophie. Pendant ses \u00e9tudes, il a collabor\u00e9 avec de nombreux musiciens de jazz* et a explor\u00e9 avec eux, de mani\u00e8re ludique, les espaces libres entre les sonorit\u00e9s traditionnelles du Maghreb, de l&rsquo;Andalousie et du jazz, ce qui a donn\u00e9 naissance \u00e0 l'\u00a0\u00bbAlaa Zouiten Ensemble\u00a0\u00bb, qui a sorti son premier album \u00ab\u00a0Hada Makan\u00a0\u00bb en 2012. Il a ensuite poursuivi ses \u00e9tudes de musicologie (M.A. Transcultural Music Studies) \u00e0 la Franz Liszt Hochschule f\u00fcr Musik de Weimar.<\/span><\/p>\n<p><span style=\"color: #000000;\">Gr\u00e2ce \u00e0 une bourse de l&rsquo;Arab Fund for Arts and Culture, Alaa Zouiten travaille en 2015 sur son deuxi\u00e8me album \u00ab\u00a0Talking Oud\u00a0\u00bb. Dans ces compositions, il exp\u00e9rimente les possibilit\u00e9s stylistiques, techniques et esth\u00e9tiques de l&rsquo;oud. Le r\u00e9sultat est un m\u00e9lange fascinant de jazz arabe, andalou et de rock.<\/span><\/p>\n<p><span style=\"color: #000000;\">Ce potentiel est \u00e0 la base de la collaboration d&rsquo;Alaa Zouiten avec des musiciens* de haut niveau dans des projets de fusion tr\u00e8s diff\u00e9rents de Berlin, ville cosmopolite sur le plan musical.<\/span><\/p>\n<p><span style=\"color: #000000;\">Alaa Zouiten est \u00e9galement le commissaire de l'\u00a0\u00bbArab Song Jam\u00a0\u00bb et du \u00ab\u00a0Gnaoua Festival\u00a0\u00bb \u00e0 Berlin.<\/span><\/p>\n<p><\/div><br \/>\n<div class=\"one-three last\"><div class=\"gallery-wrap\" ><br \/>\n<br \/>\n<br \/>\n<br \/>\n<div class=\"clear\"><\/div><\/div><div class=\"clear\"><\/div><br \/>\n<\/div><\/p>\n<div class=\"clear\"><\/div>\n","protected":false},"excerpt":{"rendered":"<p>Alaa Zouiten<\/p>\n","protected":false},"author":1,"featured_media":0,"parent":0,"menu_order":0,"comment_status":"closed","ping_status":"closed","template":"","meta":{"footnotes":""},"class_list":["post-6041","page","type-page","status-publish","hentry"],"_links":{"self":[{"href":"http:\/\/www.for-free-hands.de\/fr\/wp-json\/wp\/v2\/pages\/6041","targetHints":{"allow":["GET"]}}],"collection":[{"href":"http:\/\/www.for-free-hands.de\/fr\/wp-json\/wp\/v2\/pages"}],"about":[{"href":"http:\/\/www.for-free-hands.de\/fr\/wp-json\/wp\/v2\/types\/page"}],"author":[{"embeddable":true,"href":"http:\/\/www.for-free-hands.de\/fr\/wp-json\/wp\/v2\/users\/1"}],"replies":[{"embeddable":true,"href":"http:\/\/www.for-free-hands.de\/fr\/wp-json\/wp\/v2\/comments?post=6041"}],"version-history":[{"count":2,"href":"http:\/\/www.for-free-hands.de\/fr\/wp-json\/wp\/v2\/pages\/6041\/revisions"}],"predecessor-version":[{"id":6055,"href":"http:\/\/www.for-free-hands.de\/fr\/wp-json\/wp\/v2\/pages\/6041\/revisions\/6055"}],"wp:attachment":[{"href":"http:\/\/www.for-free-hands.de\/fr\/wp-json\/wp\/v2\/media?parent=6041"}],"curies":[{"name":"wp","href":"https:\/\/api.w.org\/{rel}","templated":true}]}}