{"id":4106,"date":"2018-03-16T15:42:39","date_gmt":"2018-03-16T13:42:39","guid":{"rendered":"http:\/\/www.for-free-hands.de\/?page_id=4106"},"modified":"2023-10-30T22:01:41","modified_gmt":"2023-10-30T20:01:41","slug":"references","status":"publish","type":"page","link":"http:\/\/www.for-free-hands.de\/fr\/references\/","title":{"rendered":"R\u00e9f\u00e9rences"},"content":{"rendered":"<p><a href=\"http:\/\/www.for-free-hands.de\/wp-content\/uploads\/2019\/05\/IMG_20190427_232311-1.jpg\"><img loading=\"lazy\" decoding=\"async\" class=\"alignnone wp-image-4492\" src=\"http:\/\/www.for-free-hands.de\/wp-content\/uploads\/2019\/05\/IMG_20190427_232311-1-300x225.jpg\" alt=\"\" width=\"449\" height=\"338\" srcset=\"http:\/\/www.for-free-hands.de\/wp-content\/uploads\/2019\/05\/IMG_20190427_232311-1-300x225.jpg 300w, http:\/\/www.for-free-hands.de\/wp-content\/uploads\/2019\/05\/IMG_20190427_232311-1-768x576.jpg 768w\" sizes=\"auto, (max-width: 449px) 100vw, 449px\" \/><\/a><\/p>\n<p><span style=\"color: #000000;\"><strong>For Free Hands @ Festival de jazz \u201eSoberao jazz\u201c 27.04.2019<\/strong><\/span><\/p>\n<p><span style=\"color: #000000;\">Soutenu par l&rsquo;Initiative Musik Project Company Ltd., financ\u00e9 par le Commissaire du gouvernement f\u00e9d\u00e9ral charg\u00e9 de la culture et des <\/span><br \/>\n<span style=\"color: #000000;\">m\u00e9dias, sur projet d&rsquo;une r\u00e9solution adopt\u00e9e par le Bundestag allemand.<\/span><\/p>\n<p><a href=\"http:\/\/www.for-free-hands.de\/wp-content\/uploads\/2019\/06\/IniMusik_logo_kurz_72dpi_color.jpg\"><img loading=\"lazy\" decoding=\"async\" class=\"alignnone wp-image-4652\" src=\"http:\/\/www.for-free-hands.de\/wp-content\/uploads\/2019\/06\/IniMusik_logo_kurz_72dpi_color-300x176.jpg\" sizes=\"auto, (max-width: 189px) 100vw, 189px\" srcset=\"http:\/\/www.for-free-hands.de\/wp-content\/uploads\/2019\/06\/IniMusik_logo_kurz_72dpi_color-300x176.jpg 300w, http:\/\/www.for-free-hands.de\/wp-content\/uploads\/2019\/06\/IniMusik_logo_kurz_72dpi_color.jpg 685w\" alt=\"\" width=\"189\" height=\"111\" \/><\/a><\/p>\n<p><span style=\"color: #000080;\"><strong><a style=\"color: #000080;\" href=\"http:\/\/www.initiative-musik.de\/\" target=\"_blank\" rel=\"noopener\">www.initiative-musik.de<\/a><\/strong><\/span><\/p>\n<p><span style=\"color: #000000;\"><strong>Festivals <\/strong>(entre autres): Burghausener Jazzherbst, Ostsee Jazzfestival Rostock, Jazzfest Worms, Clubfestival der IG Jazz Wien, Jazzrallye D\u00fcsseldorf, Jazzfestival Tangente (Liechtenstein), Leverkusener Jazztagen, PORI JAZZ Festival (Finland), Jazzfestival Gniesno (Poland), Jazzfestival F\u00fcrstenwalde, Jenaer Jazzfr\u00fchling, Festival de la Cite Lausanne (Switzerland), Summer Jazz Festival Krakow (Poland), Bansko Jazz Festival (Bulgaria), Ni\u0161ville Jazzfestival (Serbia), Th\u00fcringer Jazzmeile, Jazzfestival Munilla (Spanien), Jazzfestival Malaga (Spanien) Jazztime Festival Hildesheim, Jazz Units, Jazz au Chellah (Marokko),\u00a0ORIENT + OKZIDENT Festival &#8211; Kulturbrauerei Berlin<\/span><\/p>\n<p><a href=\"http:\/\/www.for-free-hands.de\/wp-content\/uploads\/2018\/03\/DSC_1082.jpg\"><img loading=\"lazy\" decoding=\"async\" class=\"alignnone wp-image-4098\" src=\"http:\/\/www.for-free-hands.de\/wp-content\/uploads\/2018\/03\/DSC_1082-300x146.jpg\" alt=\"\" width=\"450\" height=\"220\" srcset=\"http:\/\/www.for-free-hands.de\/wp-content\/uploads\/2018\/03\/DSC_1082-300x146.jpg 300w, http:\/\/www.for-free-hands.de\/wp-content\/uploads\/2018\/03\/DSC_1082-768x374.jpg 768w, http:\/\/www.for-free-hands.de\/wp-content\/uploads\/2018\/03\/DSC_1082-1024x499.jpg 1024w\" sizes=\"auto, (max-width: 450px) 100vw, 450px\" \/><\/a><\/p>\n<p><span style=\"color: #000000;\"><strong>For Free Hands @\u00a0ORIENT + OKZIDENT Festival<\/strong> &#8211; Kulturbrauerei Berlin, Oktober 2016, featuring: Alaa Zouiten (MAR) &amp; Floros Florides (GR)<\/span><\/p>\n<p><a href=\"http:\/\/www.for-free-hands.de\/wp-content\/uploads\/2018\/03\/FFH-Rabat-Cut.jpg\"><img loading=\"lazy\" decoding=\"async\" class=\"alignnone wp-image-4099\" src=\"http:\/\/www.for-free-hands.de\/wp-content\/uploads\/2018\/03\/FFH-Rabat-Cut-300x212.jpg\" alt=\"\" width=\"364\" height=\"257\" srcset=\"http:\/\/www.for-free-hands.de\/wp-content\/uploads\/2018\/03\/FFH-Rabat-Cut-300x212.jpg 300w, http:\/\/www.for-free-hands.de\/wp-content\/uploads\/2018\/03\/FFH-Rabat-Cut-768x543.jpg 768w, http:\/\/www.for-free-hands.de\/wp-content\/uploads\/2018\/03\/FFH-Rabat-Cut-1024x724.jpg 1024w\" sizes=\"auto, (max-width: 364px) 100vw, 364px\" \/><\/a><\/p>\n<p><span style=\"color: #000000;\"><strong>For Free Hands &amp; Alaa Zouiten (MAR) @\u00a0Jazz au Chellah<\/strong>\u00a0<strong>(Marokko) 2015<\/strong><\/span><\/p>\n<p><span style=\"color: #000000;\"><strong>Clubs<\/strong> (entre autres): Wien (A) &#8211; Porgy &amp; Bess, Berlin &#8211; Jazzclub Schlot, Uppsala (SE) &#8211; Jazzclub, Berlin &#8211; ZigZag JazzClub, \u00dast\u00ed nad Labem (CZ) &#8211; Jazzclub, Bad Ischl (A) &#8211; Jazzfreunde Bad Ischl, Berlin &#8211; Quasimodo, Krems (A) &#8211; ThatsJazz, Lindau &#8211; Jazzclub, Hamburg &#8211; Elbphilharmonie Kulturcaf\u00e9, \u00a0St.Wendel &#8211; Jazzf\u00f6rderkreis St. Wendel e.V, Chemnitz &#8211; Jazzclub, Leverkusen &#8211; Jazz Lev e.V., Berlin &#8211; b-flat, Dinslaken &#8211; Jazzinitiative, K\u00fchlungsborn &#8211; Kunsthalle, Ratzeburg &#8211; Jazz e.V., Berlin &#8211; Werkstatt der Kulturen, Warendorf &#8211; Theater am Wall, F\u00fcrstenwalde &#8211; Kulturfabrik, Burgthann &#8211; Jazzclub, Freiberg &#8211; IG Jazz, Gschwend &#8211; Bilderhaus, Rostock &#8211; Jazzdiskurs, Kirchheim &#8211; Club Bastion, Jena &#8211; Theaterhaus, Bad Marienberg &#8211; Jazz We Can, Cottbus &#8211; Gladhouse,\u00a0 Hamburg &#8211; Elbphilharmonie Kulturcaf\u00e9<\/span><\/p>\n<p><a href=\"http:\/\/www.for-free-hands.de\/wp-content\/uploads\/2018\/03\/Vlado_Irina_Rasmus.jpg\"><img loading=\"lazy\" decoding=\"async\" class=\"alignnone size-medium wp-image-4131\" src=\"http:\/\/www.for-free-hands.de\/wp-content\/uploads\/2018\/03\/Vlado_Irina_Rasmus-300x205.jpg\" alt=\"\" width=\"300\" height=\"205\" srcset=\"http:\/\/www.for-free-hands.de\/wp-content\/uploads\/2018\/03\/Vlado_Irina_Rasmus-300x205.jpg 300w, http:\/\/www.for-free-hands.de\/wp-content\/uploads\/2018\/03\/Vlado_Irina_Rasmus-768x525.jpg 768w, http:\/\/www.for-free-hands.de\/wp-content\/uploads\/2018\/03\/Vlado_Irina_Rasmus-1024x700.jpg 1024w, http:\/\/www.for-free-hands.de\/wp-content\/uploads\/2018\/03\/Vlado_Irina_Rasmus.jpg 1037w\" sizes=\"auto, (max-width: 300px) 100vw, 300px\" \/><\/a><\/p>\n<p><span style=\"color: #000000;\"><strong>For Free Hands<\/strong> \u00e9tait deux fois l\u2019ensemble de professeurs de la \u00ab\u00a0<a href=\"http:\/\/akustik-art-kontakt.de\/ymc\/\" target=\"_blank\" rel=\"noopener\"><span style=\"color: #000080;\"><strong>Young Music Caravan Europe<\/strong><\/span><\/a>\u00ab\u00a0, 7 700 km en tourn\u00e9e, et a donn\u00e9 25 concerts dans de nombreux festivals.<\/span><\/p>\n<p><a href=\"http:\/\/www.for-free-hands.de\/wp-content\/uploads\/2018\/03\/Maja_Lotta_Pedro.jpg\"><img loading=\"lazy\" decoding=\"async\" class=\"alignnone size-medium wp-image-4132\" src=\"http:\/\/www.for-free-hands.de\/wp-content\/uploads\/2018\/03\/Maja_Lotta_Pedro-300x200.jpg\" alt=\"\" width=\"300\" height=\"200\" srcset=\"http:\/\/www.for-free-hands.de\/wp-content\/uploads\/2018\/03\/Maja_Lotta_Pedro-300x200.jpg 300w, http:\/\/www.for-free-hands.de\/wp-content\/uploads\/2018\/03\/Maja_Lotta_Pedro-768x512.jpg 768w, http:\/\/www.for-free-hands.de\/wp-content\/uploads\/2018\/03\/Maja_Lotta_Pedro.jpg 850w\" sizes=\"auto, (max-width: 300px) 100vw, 300px\" \/><\/a><\/p>\n","protected":false},"excerpt":{"rendered":"<p>For Free Hands @ Festival de jazz \u201eSoberao jazz\u201c 27.04.2019 Soutenu par l&rsquo;Initiative Musik Project Company Ltd., financ\u00e9 par le Commissaire du gouvernement f\u00e9d\u00e9ral charg\u00e9&#8230;<\/p>\n","protected":false},"author":1,"featured_media":0,"parent":0,"menu_order":0,"comment_status":"closed","ping_status":"closed","template":"","meta":{"footnotes":""},"class_list":["post-4106","page","type-page","status-publish","hentry"],"_links":{"self":[{"href":"http:\/\/www.for-free-hands.de\/fr\/wp-json\/wp\/v2\/pages\/4106","targetHints":{"allow":["GET"]}}],"collection":[{"href":"http:\/\/www.for-free-hands.de\/fr\/wp-json\/wp\/v2\/pages"}],"about":[{"href":"http:\/\/www.for-free-hands.de\/fr\/wp-json\/wp\/v2\/types\/page"}],"author":[{"embeddable":true,"href":"http:\/\/www.for-free-hands.de\/fr\/wp-json\/wp\/v2\/users\/1"}],"replies":[{"embeddable":true,"href":"http:\/\/www.for-free-hands.de\/fr\/wp-json\/wp\/v2\/comments?post=4106"}],"version-history":[{"count":10,"href":"http:\/\/www.for-free-hands.de\/fr\/wp-json\/wp\/v2\/pages\/4106\/revisions"}],"predecessor-version":[{"id":5775,"href":"http:\/\/www.for-free-hands.de\/fr\/wp-json\/wp\/v2\/pages\/4106\/revisions\/5775"}],"wp:attachment":[{"href":"http:\/\/www.for-free-hands.de\/fr\/wp-json\/wp\/v2\/media?parent=4106"}],"curies":[{"name":"wp","href":"https:\/\/api.w.org\/{rel}","templated":true}]}}