{"id":3816,"date":"2018-02-13T07:56:19","date_gmt":"2018-02-13T05:56:19","guid":{"rendered":"http:\/\/www.for-free-hands.de\/?page_id=3816"},"modified":"2026-03-29T23:43:39","modified_gmt":"2026-03-29T21:43:39","slug":"715-2-2","status":"publish","type":"page","link":"http:\/\/www.for-free-hands.de\/fr\/","title":{"rendered":"Page d&rsquo;acceuil"},"content":{"rendered":"<p><iframe loading=\"lazy\" style=\"border-radius: 12px;\" src=\"https:\/\/open.spotify.com\/embed\/artist\/5Jcidr3syhTX2AMA28PzJX?utm_source=generator\" width=\"100%\" height=\"352\" frameborder=\"0\" allowfullscreen=\"allowfullscreen\" data-mce-fragment=\"1\"><span data-mce-type=\"bookmark\" style=\"display: inline-block; width: 0px; overflow: hidden; line-height: 0;\" class=\"mce_SELRES_start\">\ufeff<\/span><\/iframe><\/p>\n<p><div class=\"one-four first\"><div class=\"box-blue\"><div class=\"box\"><h4 class=\"box-title\"><a href=\"http:\/\/www.for-free-hands.de\/ndr-play-jazz-paesentiert-die-neue-free-hands-cd\/\"><span style=\"color: #000080;\"><strong>FOR FREE HANDS<\/strong><\/span><\/a><\/h4><\/p>\n<p><a href=\"http:\/\/www.for-free-hands.de\/fr\/ndr-play-jazz-presente-le-nouvel-album-de-free-hands\/\"><img loading=\"lazy\" decoding=\"async\" class=\"alignnone wp-image-3092\" src=\"http:\/\/www.for-free-hands.de\/wp-content\/uploads\/2013\/08\/Andreas-Akustik-2016-bw-681x1024.jpg\" alt=\"\" width=\"189\" height=\"286\" \/><\/a><\/p>\n<p><span style=\"color: #000000;\">Notre album <strong>\u00ab\u00a0The passing on of the fire\u00a0\u00bb<\/strong> vient le <strong>CD de la semaine<\/strong> chez <strong><a href=\"https:\/\/www.jazz-fun.de\/for-free-hands-feat-alaa-zouiten-the-passing-on-of-the-fire.html\" target=\"_blank\" rel=\"noopener\"><span style=\"color: #000080;\">jazz-fun.de<\/span><\/a><\/strong> &#8211; Le c\u00e9l\u00e8bre portail de jazz estime : \u00ab\u00a0Sur une \u0153uvre truff\u00e9e de mat\u00e9riel frais, Andreas Brunn se sert d&rsquo;un large arsenal instrumental. Il en r\u00e9sulte un superbe album \u00e0 la fronti\u00e8re du jazz et de la fusion, avec des envol\u00e9es jazz-rock. J&rsquo;aime les solos agiles du guitariste en interaction avec le saxophone, soutenu par le oud d&rsquo;Alaa Zouiten. Un grand album, nous sommes ravis\u00a0\u00bb !<\/span><\/p>\n<p><\/div><\/div><\/div><div class=\"one-four\"><div class=\"box-blue\"><div class=\"box\"><h4 class=\"box-title\"><a href=\"http:\/\/www.for-free-hands.de\/fr\/le-groupe\/\"><span style=\"color: #000080;\"><strong>LE GROUPE<\/strong><\/span><\/a><\/h4><\/p>\n<p><a href=\"http:\/\/www.for-free-hands.de\/wp-content\/uploads\/2024\/03\/ManuelRoberto-Portrait-BW-2.jpg\"><img loading=\"lazy\" decoding=\"async\" class=\"alignnone size-medium wp-image-5935\" src=\"http:\/\/www.for-free-hands.de\/wp-content\/uploads\/2024\/03\/ManuelRoberto-Portrait-BW-2-207x300.jpg\" alt=\"\" width=\"207\" height=\"300\" srcset=\"http:\/\/www.for-free-hands.de\/wp-content\/uploads\/2024\/03\/ManuelRoberto-Portrait-BW-2-207x300.jpg 207w, http:\/\/www.for-free-hands.de\/wp-content\/uploads\/2024\/03\/ManuelRoberto-Portrait-BW-2-705x1024.jpg 705w, http:\/\/www.for-free-hands.de\/wp-content\/uploads\/2024\/03\/ManuelRoberto-Portrait-BW-2-768x1115.jpg 768w, http:\/\/www.for-free-hands.de\/wp-content\/uploads\/2024\/03\/ManuelRoberto-Portrait-BW-2.jpg 774w\" sizes=\"auto, (max-width: 207px) 100vw, 207px\" \/><\/a><\/p>\n<p><span style=\"color: #000000;\">Avec <span style=\"color: #000080;\"><strong><a style=\"color: #000080;\" href=\"https:\/\/www.instagram.com\/manuelpodhostnik\/\">Manuel Podhostnik<\/a><\/strong><\/span> (SLO), <span style=\"color: #000080;\"><strong><a style=\"color: #000080;\" href=\"http:\/\/www.robertobadoglio.com\/\">Roberto Badoglio<\/a><\/strong><\/span> (I), <span style=\"color: #000080;\"><strong><a style=\"color: #000080;\" href=\"https:\/\/www.vladimirkarparov.com\/\">Vladimir Karparov<\/a><\/strong><\/span> (BG) et <strong><span style=\"color: #000080;\"><a style=\"color: #000080;\" href=\"https:\/\/www.akustik-art-kontakt.de\/andreas-brunn-presse\/\" target=\"_blank\" rel=\"noopener\">Andreas Brunn<\/a><\/span><\/strong> (D), <strong><a href=\"http:\/\/www.for-free-hands.de\/kuenstler\/\" target=\"_blank\" rel=\"noopener\"><span style=\"color: #000080;\">FOR FREE HANDS<\/span><\/a> <\/strong>est per\u00e7u comme faisant partie de la communaut\u00e9 internationale de jazz vivant \u00e0 Berlin. <strong><u><a href=\"http:\/\/www.alaazouiten.com\/\"><span style=\"color: #000080;\">Alaa Zouiten<\/span><\/a><\/u><\/strong> (MAR) est un autre instrumentiste tr\u00e8s int\u00e9ressant qui repr\u00e9sente \u00e0 la fois les traditions musicales du Maroc et les sonorit\u00e9s modernes de l&rsquo;oud.<\/span><br \/>\n<span style=\"color: #000000;\"><span style=\"color: #000080;\"><strong>URBAN JAZZ &amp; WORLD FUSION<\/strong><\/span><\/span><\/p>\n<p><\/div><\/div><\/div><div class=\"one-four\"><div class=\"box-blue\"><div class=\"box\"><h4 class=\"box-title\"><a href=\"http:\/\/www.for-free-hands.de\/fr\/mediatheque\/discographie\/kaleidoscope-freedom\/\"><span style=\"color: #000080;\"><strong>R\u00c9COMPENSES RECUES<\/strong><\/span><\/a><\/h4><\/p>\n<p><a href=\"http:\/\/www.for-free-hands.de\/fr\/mediatheque\/discographie\/kaleidoscope-freedom\/\"><img loading=\"lazy\" decoding=\"async\" class=\"alignnone wp-image-3115\" src=\"http:\/\/www.for-free-hands.de\/wp-content\/uploads\/2014\/06\/Vladimir-1-681x1024.jpg\" alt=\"\" width=\"182\" height=\"273\" srcset=\"http:\/\/www.for-free-hands.de\/wp-content\/uploads\/2014\/06\/Vladimir-1-681x1024.jpg 681w, http:\/\/www.for-free-hands.de\/wp-content\/uploads\/2014\/06\/Vladimir-1-200x300.jpg 200w, http:\/\/www.for-free-hands.de\/wp-content\/uploads\/2014\/06\/Vladimir-1-768x1154.jpg 768w\" sizes=\"auto, (max-width: 182px) 100vw, 182px\" \/><\/a><\/p>\n<p><span style=\"color: #000000;\"><span style=\"color: #000080;\"><strong><a style=\"color: #000080;\" href=\"http:\/\/www.for-free-hands.de\/fr\/mediatheque\/discographie\/the-passing-on-of-the-fire\/\" target=\"_blank\" rel=\"noopener\">R\u00e9compens\u00e9<\/a><\/strong><\/span> par le <strong>Studiopreis Jazz du Berliner Kultursenat<\/strong>. Notre <strong>CD magnifique \u00ab\u00a0The passing on of the fire\u00a0\u00bb<\/strong> a \u00e9t\u00e9 publi\u00e9 en septembre 2023\u00a0par notre maison de disques <span style=\"color: #000080;\"><strong><a style=\"color: #000080;\" href=\"http:\/\/www.laika-records.com\/\" target=\"_blank\" rel=\"noopener\">LAIKA Records<\/a><\/strong><\/span>. Dans notre formation actuelle, des <span style=\"color: #000080;\"><strong><a style=\"color: #000080;\" href=\"https:\/\/youtu.be\/iWRujlR3fkI\" target=\"_blank\" rel=\"noopener\">musiciens de 5 nations<\/a><\/strong><\/span> jouent ensemble &#8211; <strong>Berlin . Sofia . Rome . Ljubljana . Rabat !<\/strong><\/span><\/p>\n<p><\/div><\/div><\/div><div class=\"one-four last\"><div class=\"box-blue\"><div class=\"box\"><h4 class=\"box-title\"><strong><span style=\"color: #000080;\">PROCHAINE DATE DE CONCERT<\/span><\/strong><\/h4><\/p>\n<div id=\"page\">\n<div id=\"page\"><span style=\"color: #000080;\"><a style=\"color: #000080;\" href=\"https:\/\/www.akustik-art-kontakt.de\/masuda-brunn\/\" target=\"_blank\" rel=\"noopener\"><strong>Masuda &amp; Brunn<\/strong><\/a><\/span><br \/>\n<strong>@\u00a0<span style=\"color: #000080;\"><a style=\"color: #000080;\" href=\"https:\/\/www.cafe-tasso.de\/\">Caf\u00e9 Tasso<\/a><\/span><\/strong><br \/>\n<strong>Sa. 15.05.26 20:00<\/strong><br \/>\n<strong>Frankfurter Allee 11, 10247 Berlin<\/strong><\/div>\n<div><\/div>\n<div>\n<div><\/div><\/div><\/div>\n<div>\n<div class=\"entry\">\n<p><\/div><div class=\"clear\"><\/div><\/p>\n<\/div>\n<\/div>\n<\/div>\n<\/div>\n","protected":false},"excerpt":{"rendered":"<p>\ufeff<\/p>\n","protected":false},"author":1,"featured_media":0,"parent":0,"menu_order":0,"comment_status":"closed","ping_status":"closed","template":"","meta":{"footnotes":""},"class_list":["post-3816","page","type-page","status-publish","hentry"],"_links":{"self":[{"href":"http:\/\/www.for-free-hands.de\/fr\/wp-json\/wp\/v2\/pages\/3816","targetHints":{"allow":["GET"]}}],"collection":[{"href":"http:\/\/www.for-free-hands.de\/fr\/wp-json\/wp\/v2\/pages"}],"about":[{"href":"http:\/\/www.for-free-hands.de\/fr\/wp-json\/wp\/v2\/types\/page"}],"author":[{"embeddable":true,"href":"http:\/\/www.for-free-hands.de\/fr\/wp-json\/wp\/v2\/users\/1"}],"replies":[{"embeddable":true,"href":"http:\/\/www.for-free-hands.de\/fr\/wp-json\/wp\/v2\/comments?post=3816"}],"version-history":[{"count":118,"href":"http:\/\/www.for-free-hands.de\/fr\/wp-json\/wp\/v2\/pages\/3816\/revisions"}],"predecessor-version":[{"id":7779,"href":"http:\/\/www.for-free-hands.de\/fr\/wp-json\/wp\/v2\/pages\/3816\/revisions\/7779"}],"wp:attachment":[{"href":"http:\/\/www.for-free-hands.de\/fr\/wp-json\/wp\/v2\/media?parent=3816"}],"curies":[{"name":"wp","href":"https:\/\/api.w.org\/{rel}","templated":true}]}}