{"id":2426,"date":"2017-04-11T11:04:56","date_gmt":"2017-04-11T09:04:56","guid":{"rendered":"http:\/\/www.for-free-hands.de\/?page_id=2426"},"modified":"2024-04-03T12:23:42","modified_gmt":"2024-04-03T10:23:42","slug":"presse-3","status":"publish","type":"page","link":"http:\/\/www.for-free-hands.de\/fr\/presse-3\/","title":{"rendered":"Presse"},"content":{"rendered":"<p><a href=\"http:\/\/www.for-free-hands.de\/wp-content\/uploads\/2023\/04\/Live-2023-scaled.jpg\"><img loading=\"lazy\" decoding=\"async\" class=\"alignnone size-medium wp-image-5385\" src=\"http:\/\/www.for-free-hands.de\/wp-content\/uploads\/2023\/04\/Live-2023-300x200.jpg\" alt=\"\" width=\"300\" height=\"200\" srcset=\"http:\/\/www.for-free-hands.de\/wp-content\/uploads\/2023\/04\/Live-2023-300x200.jpg 300w, http:\/\/www.for-free-hands.de\/wp-content\/uploads\/2023\/04\/Live-2023-1024x681.jpg 1024w, http:\/\/www.for-free-hands.de\/wp-content\/uploads\/2023\/04\/Live-2023-768x511.jpg 768w, http:\/\/www.for-free-hands.de\/wp-content\/uploads\/2023\/04\/Live-2023-1536x1022.jpg 1536w, http:\/\/www.for-free-hands.de\/wp-content\/uploads\/2023\/04\/Live-2023-2048x1363.jpg 2048w\" sizes=\"auto, (max-width: 300px) 100vw, 300px\" \/><\/a><a href=\"http:\/\/www.for-free-hands.de\/wp-content\/uploads\/2023\/10\/FFH-Andreas-Live-scaled.jpg\"><img loading=\"lazy\" decoding=\"async\" class=\"alignnone wp-image-5826\" src=\"http:\/\/www.for-free-hands.de\/wp-content\/uploads\/2023\/10\/FFH-Andreas-Live-300x194.jpg\" alt=\"\" width=\"309\" height=\"200\" srcset=\"http:\/\/www.for-free-hands.de\/wp-content\/uploads\/2023\/10\/FFH-Andreas-Live-300x194.jpg 300w, http:\/\/www.for-free-hands.de\/wp-content\/uploads\/2023\/10\/FFH-Andreas-Live-1024x661.jpg 1024w, http:\/\/www.for-free-hands.de\/wp-content\/uploads\/2023\/10\/FFH-Andreas-Live-768x496.jpg 768w, http:\/\/www.for-free-hands.de\/wp-content\/uploads\/2023\/10\/FFH-Andreas-Live-1536x991.jpg 1536w, http:\/\/www.for-free-hands.de\/wp-content\/uploads\/2023\/10\/FFH-Andreas-Live-2048x1322.jpg 2048w\" sizes=\"auto, (max-width: 309px) 100vw, 309px\" \/> <\/a><a href=\"http:\/\/www.for-free-hands.de\/wp-content\/uploads\/2023\/10\/Jazzpodium-Deckblatt.jpg\"><img loading=\"lazy\" decoding=\"async\" class=\"alignnone wp-image-5828\" src=\"http:\/\/www.for-free-hands.de\/wp-content\/uploads\/2023\/10\/Jazzpodium-Deckblatt-212x300.jpg\" alt=\"\" width=\"172\" height=\"243\" srcset=\"http:\/\/www.for-free-hands.de\/wp-content\/uploads\/2023\/10\/Jazzpodium-Deckblatt-212x300.jpg 212w, http:\/\/www.for-free-hands.de\/wp-content\/uploads\/2023\/10\/Jazzpodium-Deckblatt.jpg 660w\" sizes=\"auto, (max-width: 172px) 100vw, 172px\" \/><\/a><a href=\"http:\/\/www.for-free-hands.de\/wp-content\/uploads\/2023\/10\/FOR-FFREE-HANDS-@-JazzPodiu.jpg\"><img loading=\"lazy\" decoding=\"async\" class=\"alignnone wp-image-5829\" src=\"http:\/\/www.for-free-hands.de\/wp-content\/uploads\/2023\/10\/FOR-FFREE-HANDS-@-JazzPodiu-206x300.jpg\" alt=\"\" width=\"163\" height=\"237\" srcset=\"http:\/\/www.for-free-hands.de\/wp-content\/uploads\/2023\/10\/FOR-FFREE-HANDS-@-JazzPodiu-206x300.jpg 206w, http:\/\/www.for-free-hands.de\/wp-content\/uploads\/2023\/10\/FOR-FFREE-HANDS-@-JazzPodiu-704x1024.jpg 704w, http:\/\/www.for-free-hands.de\/wp-content\/uploads\/2023\/10\/FOR-FFREE-HANDS-@-JazzPodiu-768x1118.jpg 768w, http:\/\/www.for-free-hands.de\/wp-content\/uploads\/2023\/10\/FOR-FFREE-HANDS-@-JazzPodiu.jpg 780w\" sizes=\"auto, (max-width: 163px) 100vw, 163px\" \/><\/a><\/p>\n<p><span style=\"color: #000000;\"><strong>Jazzpodium sur le nouveau CD 10-2023<\/strong> : \u00ab\u00a0Un m\u00e9lange de musique populaire maghr\u00e9bine et de jazz europ\u00e9en a d\u00e9j\u00e0 \u00e9t\u00e9 tent\u00e9 il y a dix ans par Joachim K\u00fchn et Majid Bekkas, on pourrait \u00e9galement citer Charles Lloyd et Anouar Brahem de Tunisie. Le guitariste Andreas Brunn fait plusieurs pas de plus et int\u00e8gre si parfaitement le joueur de oud marocain Alaa Zouiten dans son quartet de jazz fusion urbaine For Free Hands qu&rsquo;il en r\u00e9sulte une forme musicale r\u00e9ellement nouvelle et originale, bien au-del\u00e0 de toutes les tentatives de symbiose de la musique du monde et des fronti\u00e8res trop \u00e9troites entre les genres. &#8230; En transmettant le feu, les cinq musiciens de Free Hand, originaires d&rsquo;Italie, de Bulgarie, d&rsquo;Uruguay, du Maroc et d&rsquo;Allemagne, n&rsquo;allument d\u00e9lib\u00e9r\u00e9ment pas un incendie d\u00e9vastateur, mais plut\u00f4t des mondes sonores subtils, durables et emphatiques, qui restent dans l&rsquo;oreille et qui ont un caract\u00e8re de phare ou de point de rep\u00e8re \u00e0 longue port\u00e9e\u00a0\u00bb. <strong>Rainer Bratfisch<\/strong><\/span><\/p>\n<p><span style=\"color: #000000;\"><strong>Le <span style=\"color: #000080;\"><a style=\"color: #000080;\" href=\"https:\/\/www.jazzthing.de\/review\/for-free-hands-alaa-zouiten-the-passing-on-of-the-fire\/\" target=\"_blank\" rel=\"noopener\">Jazzmagazin Jazzthing<\/a><\/span>\u00a0\u00e0 propos du nouveau CD<\/strong> : \u00ab\u00a0Des morceaux rythmiquement \u00e9labor\u00e9s r\u00e9jouissent l&rsquo;oreille des auditeurs les plus exigeants, de belles m\u00e9lodies caract\u00e9risent les compositions. Vari\u00e9, color\u00e9, groovy, d\u00e9contract\u00e9 &#8211; les cinq musiciens de cinq pays offrent ici un jazz urbain accrocheur avec une bonne dose d&rsquo;ingr\u00e9dients orientaux\u00a0\u00bb. <strong>Christoph Giese, Jazz thing 150<\/strong><\/span><\/p>\n<p><span style=\"color: #000000;\"><strong><span style=\"color: #000080;\"><a style=\"color: #000080;\" href=\"https:\/\/www.jazz-fun.de\/for-free-hands-feat-alaa-zouiten-the-passing-on-of-the-fire.html\" target=\"_blank\" rel=\"noopener\">jazz-fun.de<\/a> <\/span> \u00e0 propos du nouveau CD<\/strong> : \u00ab\u00a0Sur une \u0153uvre truff\u00e9e de mat\u00e9riel frais, Andreas Brunn se sert d&rsquo;un large arsenal instrumental. Il en r\u00e9sulte un superbe album \u00e0 la fronti\u00e8re du jazz et de la fusion, avec des envol\u00e9es jazz-rock. J&rsquo;aime les solos agiles du guitariste en interaction avec le saxophone, soutenu par le oud d&rsquo;Alaa Zouiten. Un grand album, nous sommes ravis\u00a0\u00bb !<\/span><\/p>\n<p><span style=\"color: #000000;\"><strong>Le magazine belge de jazz <span style=\"color: #000080;\"><a style=\"color: #000080;\" href=\"https:\/\/www.jazzhalo.be\/reviews\/cdlpk7-reviews\/various\/laika-records-double\/\">Jazzhalo \u00e0 propos du nouveau CD 11-2023<\/a><\/span><\/strong> : \u00ab\u00a0Andreas Brunn a toujours eu un faible pour les mesures tordues et les compositions dans lesquelles deux m\u00e8tres semblent s&rsquo;opposer. C&rsquo;est ce qui se passe dans le morceau \u00ab\u00a0Brotherhood of 7\u00a0\u00bb. Le jeu virtuose du saxophoniste, qui donne le meilleur de lui-m\u00eame avec ses \u00ab\u00a0lignes sonores tourn\u00e9es\u00a0\u00bb, est remarquable. Mais Brunn, avec son jeu de cordes \u00e9labor\u00e9, participe \u00e9galement beaucoup aux formes sonores du morceau. A premi\u00e8re vue, \u00ab\u00a0Hada Makan\u00a0\u00bb fait penser \u00e0 une danse, marqu\u00e9e par les sons des cordes de l&rsquo;oud, qui est mis en avant en tant que soliste. Dans son sillage, on entend les lignes du bassiste \u00e9lectrique et les syllabes ludiques que le guitariste apporte au morceau. Ce que nous entendons est tr\u00e8s joyeux. Et on peut tout \u00e0 fait imaginer une sc\u00e8ne avec des charmeurs de serpents, des danseurs et des musiciens dans l&rsquo;une des villes riches en traditions du Maroc, par exemple Mekn\u00e8s ou F\u00e8s\u00a0\u00bb. Ferdinand Dupuis-Panther<\/span><\/p>\n<p><span style=\"color: #000000;\"><strong>Critique de presse<\/strong> : <span style=\"color: #000080;\"><strong><a style=\"color: #000080;\" href=\"https:\/\/www.insuedthueringen.de\/inhalt.sommerkonzert-moderner-jazz-exotisches-instrument.c5baa7b5-5543-4ac7-bf57-333a75e40cae.html\">Dans S\u00fcdth\u00fcringen.de<\/a><\/strong><\/span> \u00e0 propos de notre concert au <span style=\"color: #000080;\"><strong><a style=\"color: #000080;\" href=\"https:\/\/www.jazzclub-ilmenau.de\/\">Jazzclub Ilmenau<\/a><\/strong><\/span> juin 2023 : \u00ab\u00a0Une partie de la communaut\u00e9 jazz berlinoise enthousiasme le public \u00e0 Ilmenau : \u00ab\u00a0For Free Hands\u00a0\u00bb avec le musicien marocain Alaa Zouiten donnent vendredi le premier des trois concerts d&rsquo;\u00e9t\u00e9 du Jazzclub. &#8230; On n&rsquo;entend pas seulement les sons traditionnels de l&rsquo;oud de Zouiten, son instrument et lui s&rsquo;int\u00e8grent \u00e9galement avec sinc\u00e9rit\u00e9 dans les morceaux plus modernes du groupe \u00ab\u00a0For Free Hands\u00a0\u00bb, et l&rsquo;expression de son visage crie litt\u00e9ralement : \u00ab\u00a0J&rsquo;aime ce que je fais ici\u00a0\u00bb. On pourra \u00e9galement entendre vendredi des compositions du Berlinois d&rsquo;adoption marocain, comme par exemple \u00ab\u00a0Thanx Kenny\u00a0\u00bb, que le groupe avait d\u00e9j\u00e0 jou\u00e9 ensemble en live au Maroc dans le pass\u00e9. &#8230;<\/span><\/p>\n<p><span style=\"color: #000000;\">Apr\u00e8s de longs applaudissements, un rappel est effectu\u00e9, et Brunn constate visiblement avec plaisir que le jazz du groupe, qui n&rsquo;est pas con\u00e7u comme une musique de danse, est dans\u00e9 avec entrain et pers\u00e9v\u00e9rance par plusieurs des invit\u00e9s. Pour Michael M\u00f6ller, membre du comit\u00e9 directeur du club de jazz, le r\u00e9sultat de la soir\u00e9e est positif : \u00ab\u00a0Le plus important pour nous, c&rsquo;est la musique et le sentiment de bien-\u00eatre que nous \u00e9prouvons lorsque nous pouvons organiser une telle manifestation avec des musiciens et musiciennes formidables et respect\u00e9s sur la sc\u00e8ne du jazz\u00a0\u00bb.<\/span><\/p>\n<p><span style=\"color: #000000;\"><strong>Modern\u00edcolas, Malaga (FOR FREE HANDS @ MALAGA JAZZFESTIVAL) : \u00ab\u00a0&#8230; une nouvelle fa\u00e7on de comprendre le jazz&#8230; S<\/strong>ynergy est le mot qui d\u00e9finit ce quartet berlinois. Ce quatuor impressionnant a captiv\u00e9 toutes les personnes pr\u00e9sentes avec sa musique qui r\u00e9unit les cultures les plus diverses. &#8230;.\u00a0\u00bb <em><strong>Javier Mart\u00ednez<\/strong><\/em><\/span><\/p>\n<p><span style=\"color: #000000;\"><strong>Anis Hajjam (Telquel &#8211; Casablanca)<\/strong> \u00ab\u00a0Ce luthiste Alaa Zouiten est l&rsquo;un des plus dou\u00e9s de sa g\u00e9n\u00e9ration. Adepte d&rsquo;une int\u00e9gration musicale r\u00e9fl\u00e9chie de nombreuses influences, il apporte une sinc\u00e9rit\u00e9 comme on aimerait en voir plus souvent\u00a0\u00bb.<\/span><\/p>\n<p><a href=\"http:\/\/www.for-free-hands.de\/wp-content\/uploads\/2023\/10\/FFH_shooting-31-Duo.jpg\"><img loading=\"lazy\" decoding=\"async\" class=\"alignnone wp-image-5835\" src=\"http:\/\/www.for-free-hands.de\/wp-content\/uploads\/2023\/10\/FFH_shooting-31-Duo-300x173.jpg\" alt=\"\" width=\"609\" height=\"351\" srcset=\"http:\/\/www.for-free-hands.de\/wp-content\/uploads\/2023\/10\/FFH_shooting-31-Duo-300x173.jpg 300w, http:\/\/www.for-free-hands.de\/wp-content\/uploads\/2023\/10\/FFH_shooting-31-Duo-1024x592.jpg 1024w, http:\/\/www.for-free-hands.de\/wp-content\/uploads\/2023\/10\/FFH_shooting-31-Duo-768x444.jpg 768w, http:\/\/www.for-free-hands.de\/wp-content\/uploads\/2023\/10\/FFH_shooting-31-Duo.jpg 1228w\" sizes=\"auto, (max-width: 609px) 100vw, 609px\" \/><\/a><\/p>\n<p><span style=\"color: #000000;\"><strong>Aziz Sehmaoui (Paris)<\/strong> \u00ab\u00a0Alaa Zouiten est un travailleur acharn\u00e9, un grand musicien. Un connaisseur comme on en rencontre rarement. Son amour, c&rsquo;est de parler et de crier avec l&rsquo;oud. Il joue avec une grande passion\u00a0\u00bb.<\/span><\/p>\n<p><span style=\"color: #000000;\"><strong>Gaildorfer Rundschau\u00a0<\/strong>: \u201e&#8230;Sp\u00e9cialis\u00e9 dans les rythmes infernaux &#8211; exub\u00e9rant, extravagant et enivrant \u2013 voil\u00e0 comment pr\u00e9senter le quatuor \u00ab\u00a0For Free Hands\u00a0\u00bb. Les compositions surprirent le public de par son concept polym\u00e9trique, g\u00e9n\u00e9rant ainsi une tension inhabituelle dans la musique. Dans le cas de la chanson \u00ab\u00a0Magic Friday\u00a0\u00bb, les musiciens \u00e9taient dans leur \u00e9l\u00e9ment, au travers de ce m\u00e9lange entre guitare et saxophone, cadenc\u00e9 par un cycle en 13\/16. Le public fut simplement sid\u00e9r\u00e9 par \u00ab\u00a0For Free Hands\u00a0\u00bb&#8230; \u00bb<\/span><\/p>\n<p><span style=\"color: #000000;\"><strong>Kieler Nachrichten<\/strong> : \u00ab\u00a0Les Quatre fantastiques dans l\u2019ivresse des Balkans\u00a0\u00bb \u201e &#8230; Le saxophoniste Karparov sait lier le jazz traditionnel avec la musique traditionnelle de son pays natal avec beaucoup d\u2019innovation. Le leader du groupe Andreas Brunn nous rappelle, gr\u00e2ce \u00e0 sa guitare \u00e0 sept cordes, sa guitarre \u00e9lectrique et son jeu, John McLaughlin. Ses compositions sont \u00e0 la fois dr\u00f4les et intelligentes comme dans le morceau \u201eWizard\u2019s Cube\u201c &#8230;\u201c<\/span><\/p>\n<p><a href=\"http:\/\/www.for-free-hands.de\/wp-content\/uploads\/2018\/01\/FFH-2018.jpg\"><img loading=\"lazy\" decoding=\"async\" class=\"alignnone wp-image-3300\" src=\"http:\/\/www.for-free-hands.de\/wp-content\/uploads\/2018\/01\/FFH-2018.jpg\" alt=\"\" width=\"1085\" height=\"407\" srcset=\"http:\/\/www.for-free-hands.de\/wp-content\/uploads\/2018\/01\/FFH-2018.jpg 960w, http:\/\/www.for-free-hands.de\/wp-content\/uploads\/2018\/01\/FFH-2018-300x113.jpg 300w, http:\/\/www.for-free-hands.de\/wp-content\/uploads\/2018\/01\/FFH-2018-768x288.jpg 768w\" sizes=\"auto, (max-width: 1085px) 100vw, 1085px\" \/><\/a><\/p>\n<p><span style=\"color: #000000;\"><strong>Westf\u00e4lische Zeitung <\/strong>: \u00a0 \u201e&#8230;Le groupe FOR FREE HANDS qui gravite autour du reconnu virtuose et compositeur \u00e0 sept cordes Andreas Brunn et de son \u00e9nergie. Un parfait exemple d\u2019un jazz facile \u00e0 appr\u00e9cier. Dans \u201eKaleidoscope Freedom\u201c, le Quatuor a montr\u00e9 leur point de vue du monde, laissant la beaut\u00e9 du son subjugu\u00e9 le public. &#8230;\u201c<\/span><\/p>\n<p><span style=\"color: #000000;\"><strong>Braunschweiger Zeitung <\/strong>: \u201e &#8230; \u201e&#8230; FOR FREE HANDS, un nom repr\u00e9sentatif\u00a0? Peut-\u00eatre du point de vue de la libert\u00e9 de l\u2019expression musicale\u00a0? Ou sur la libert\u00e9 qu\u2019ils prennent vis-\u00e0-vis du jazz traditionnel\u00a0? Par exemple dans \u00ab\u00a0Perpetuum 5\u00a0\u00bb\u00a0: un d\u00e9but lent, puis la vitesse augment et aparaissent des changements d\u2019accord tr\u00e8s rapide mesures apr\u00e8s mesures. On peut sentir le be-bop d\u2019Andreas Brunn dans ses solos de guitare avec des accords tr\u00e8s rapides parfaitement entre-m\u00eal\u00e9s. &#8230;\u201c<\/span><\/p>\n<p><span style=\"color: #000000;\"><strong>Rheinpresse <\/strong>: \u00a0\u00bb &#8230; For Free Hands unit l\u2019improvisation et le folklore des balkans, ainsi qu\u2019une influence rock et classique qui montre leur style avant-gardiste. Ces musiciens regardent loin en avant avec leur jazz mod\u00e8rne complet\u00e9 par des rythmes complexes et un groove suprenant. Ils montrent sur sc\u00e8ne une grande joie lorsqu\u2019ils jouent et deviennent un exemple d\u2019une Europe sans fronti\u00e8res. Ces quatres musiciens, d\u2019origines et de pays diff\u00e9rents se rassemblent gr\u00e2ce \u00e0 leurs instruments. Quatres frontaliers bruyants! &#8230;\u201c<\/span><\/p>\n<p><span style=\"color: #000000;\"><strong>Portr\u00e4t im JAZZPODIUM <\/strong>: \u201e &#8230; Andreas Brunn \u2013 de la musique avec une conscience sociale: ,,&#8230; Le guitariste de \u201eSevenstrings\u201c originaire de Weimar, applique la notion \u201ela musique est la langue du monde\u201c. Depuis les ann\u00e9es 90, il construit des \u201eponts\u201c vers l\u2019Est, il croise les mesures de jazz avec les bulgares. Il apprend \u00e0 des enfants le rythme et m\u00eale le jazz et la musique du monde dans le groupe For Free Hands.. &#8230;\u201c <strong><em>Alexander Schmitz<\/em><\/strong><\/span><\/p>\n<p><span style=\"color: #000000;\"><strong>Lausitzer Rundschau :<\/strong> \u00ab\u00a0l&rsquo;Est et l&rsquo;Ouest peuvent se rencontrer au niveau des yeux, mais au moins musicallement , ils ont quelque chose \u00e0 dire ensemble. La preuve, For Free Hand est un groupe allemand-bulgare-greque jouant tous ensemble avec Floros Floridis (Saxophone, Clarinette) et Alaa Zouiten (Oud)\u00a0<\/span><span style=\"color: #000000;\">Le leader du groupe, Andreas Brunn, a un faible pour les m\u00e9triques impaires et les polyrythmies que l&rsquo;on retrouve dans la musique traditionnelle bulgare. Ainsi, \u00ab\u00a0Magic Friday\u00a0\u00bb est \u00e9crit sur une mesure 13\/16. Par ailleurs, une rencontre intensive avec la musique de Floros Floridis et d&rsquo;Alaa Zouiten a eu lieu. Les musiciens de For Free Hands et Alaa Zouiten se sont rencontr\u00e9s lors de concerts au Maroc. L&rsquo;association allemande soutient la tourn\u00e9e de concerts \u00ab\u00a0Rencontres entre l&rsquo;Orient et l&rsquo;Occident\u00a0\u00bb. &#8230;\u00a0\u00bb\u00a0<em><strong>L. Hoberg<\/strong><\/em><\/span><\/p>\n<p><span style=\"color: #000000;\"><strong>Critique de CD Jazzpodium<\/strong> \u00ab\u00a0&#8230; Andreas Brunn est un guitariste et compositeur engag\u00e9, un b\u00e2tisseur de ponts et un r\u00e9conciliateur actif, particuli\u00e8rement attach\u00e9 \u00e0 l&rsquo;Est, la Bulgarie en l&rsquo;occurrence. &#8230; \u00ab\u00a0Perpetuum five\u00a0\u00bb est un postbop \u00e9lectrifi\u00e9, plus accrocheur, plus anguleux, plus m\u00e9chant, plus furieux, plus jazz. C&rsquo;est l\u00e0 que Karparov et Brunn sont particuli\u00e8rement vivants et marquants. \u00a0\u00bb Alexander Schmitz<\/span><\/p>\n","protected":false},"excerpt":{"rendered":"<p>Jazzpodium sur le nouveau CD 10-2023 : \u00ab\u00a0Un m\u00e9lange de musique populaire maghr\u00e9bine et de jazz europ\u00e9en a d\u00e9j\u00e0 \u00e9t\u00e9 tent\u00e9 il y a dix&#8230;<\/p>\n","protected":false},"author":1,"featured_media":0,"parent":0,"menu_order":0,"comment_status":"open","ping_status":"open","template":"","meta":{"footnotes":""},"class_list":["post-2426","page","type-page","status-publish","hentry"],"_links":{"self":[{"href":"http:\/\/www.for-free-hands.de\/fr\/wp-json\/wp\/v2\/pages\/2426","targetHints":{"allow":["GET"]}}],"collection":[{"href":"http:\/\/www.for-free-hands.de\/fr\/wp-json\/wp\/v2\/pages"}],"about":[{"href":"http:\/\/www.for-free-hands.de\/fr\/wp-json\/wp\/v2\/types\/page"}],"author":[{"embeddable":true,"href":"http:\/\/www.for-free-hands.de\/fr\/wp-json\/wp\/v2\/users\/1"}],"replies":[{"embeddable":true,"href":"http:\/\/www.for-free-hands.de\/fr\/wp-json\/wp\/v2\/comments?post=2426"}],"version-history":[{"count":16,"href":"http:\/\/www.for-free-hands.de\/fr\/wp-json\/wp\/v2\/pages\/2426\/revisions"}],"predecessor-version":[{"id":6210,"href":"http:\/\/www.for-free-hands.de\/fr\/wp-json\/wp\/v2\/pages\/2426\/revisions\/6210"}],"wp:attachment":[{"href":"http:\/\/www.for-free-hands.de\/fr\/wp-json\/wp\/v2\/media?parent=2426"}],"curies":[{"name":"wp","href":"https:\/\/api.w.org\/{rel}","templated":true}]}}