{"id":2144,"date":"2015-03-20T16:25:41","date_gmt":"2015-03-20T14:25:41","guid":{"rendered":"http:\/\/www.for-free-hands.de\/?page_id=2144"},"modified":"2023-10-30T22:13:25","modified_gmt":"2023-10-30T20:13:25","slug":"impressum","status":"publish","type":"page","link":"http:\/\/www.for-free-hands.de\/fr\/impressum\/","title":{"rendered":"Mentions l\u00e9gales"},"content":{"rendered":"<p><a href=\"http:\/\/www.for-free-hands.de\/wp-content\/uploads\/2019\/06\/Andreas-2019.jpg\"><img loading=\"lazy\" decoding=\"async\" class=\"alignnone size-medium wp-image-4571\" src=\"http:\/\/www.for-free-hands.de\/wp-content\/uploads\/2019\/06\/Andreas-2019-300x200.jpg\" alt=\"\" width=\"300\" height=\"200\" srcset=\"http:\/\/www.for-free-hands.de\/wp-content\/uploads\/2019\/06\/Andreas-2019-300x200.jpg 300w, http:\/\/www.for-free-hands.de\/wp-content\/uploads\/2019\/06\/Andreas-2019-768x512.jpg 768w, http:\/\/www.for-free-hands.de\/wp-content\/uploads\/2019\/06\/Andreas-2019-1024x683.jpg 1024w\" sizes=\"auto, (max-width: 300px) 100vw, 300px\" \/><\/a><\/p>\n<p><span style=\"color: #000000;\">Andreas Brunn<\/span><br \/>\n<span style=\"color: #000000;\">Lehmbruckstra\u00dfe 15<\/span><br \/>\n<span style=\"color: #000000;\">10245 Berlin<\/span><\/p>\n<p><span style=\"color: #000000;\">Tel.\/Fax: +49 (0)30-755 60 985<\/span><br \/>\n<span style=\"color: #000000;\"> Mobil: +49 (0)176-96 03 91 \u00a031<\/span><br \/>\n<span style=\"color: #000000;\"> E-Mail: info@akustik-art-kontakt.de<\/span><\/p>\n<p><span style=\"color: #000000;\">Internet: www.for-free-hands.de<\/span><br \/>\n<span style=\"color: #000000;\">Responsabilit\u00e9 du contenu selon le\u00a0\u00a7 55 Abs. 2 RStV: Andreas Brunn<\/span><br \/>\n<span style=\"color: #000000;\">Lehmbruckstra\u00dfe 15<\/span><br \/>\n<span style=\"color: #000000;\">10245 Berlin<\/span><\/p>\n<p><span style=\"color: #000000;\">Mentions l\u00e9gales:\u00a0malgr\u00e9 un contr\u00f4le minutieux du contenu, nous n&rsquo;assumons aucune responsabilit\u00e9 quant au contenu des liens externes. Les op\u00e9rateurs de tout sites Web tiers li\u00e9s sont responsables de leurs contenus.<\/span><\/p>\n","protected":false},"excerpt":{"rendered":"<p>Andreas Brunn Lehmbruckstra\u00dfe 15 10245 Berlin Tel.\/Fax: +49 (0)30-755 60 985 Mobil: +49 (0)176-96 03 91 \u00a031 E-Mail: info@akustik-art-kontakt.de Internet: www.for-free-hands.de Responsabilit\u00e9 du contenu selon&#8230;<\/p>\n","protected":false},"author":1,"featured_media":0,"parent":0,"menu_order":0,"comment_status":"open","ping_status":"open","template":"","meta":{"footnotes":""},"class_list":["post-2144","page","type-page","status-publish","hentry"],"_links":{"self":[{"href":"http:\/\/www.for-free-hands.de\/fr\/wp-json\/wp\/v2\/pages\/2144","targetHints":{"allow":["GET"]}}],"collection":[{"href":"http:\/\/www.for-free-hands.de\/fr\/wp-json\/wp\/v2\/pages"}],"about":[{"href":"http:\/\/www.for-free-hands.de\/fr\/wp-json\/wp\/v2\/types\/page"}],"author":[{"embeddable":true,"href":"http:\/\/www.for-free-hands.de\/fr\/wp-json\/wp\/v2\/users\/1"}],"replies":[{"embeddable":true,"href":"http:\/\/www.for-free-hands.de\/fr\/wp-json\/wp\/v2\/comments?post=2144"}],"version-history":[{"count":10,"href":"http:\/\/www.for-free-hands.de\/fr\/wp-json\/wp\/v2\/pages\/2144\/revisions"}],"predecessor-version":[{"id":5781,"href":"http:\/\/www.for-free-hands.de\/fr\/wp-json\/wp\/v2\/pages\/2144\/revisions\/5781"}],"wp:attachment":[{"href":"http:\/\/www.for-free-hands.de\/fr\/wp-json\/wp\/v2\/media?parent=2144"}],"curies":[{"name":"wp","href":"https:\/\/api.w.org\/{rel}","templated":true}]}}