{"id":1901,"date":"2015-02-19T15:45:47","date_gmt":"2015-02-19T13:45:47","guid":{"rendered":"http:\/\/www.for-free-hands.de\/?page_id=1901"},"modified":"2025-04-24T18:32:26","modified_gmt":"2025-04-24T16:32:26","slug":"the-passing-on-of-the-fire","status":"publish","type":"page","link":"http:\/\/www.for-free-hands.de\/fr\/mediatheque\/discographie\/the-passing-on-of-the-fire\/","title":{"rendered":"The passing on of the fire"},"content":{"rendered":"<p><a href=\"http:\/\/www.for-free-hands.de\/wp-content\/uploads\/2023\/10\/FFH-Digipac-front.jpg\"><img loading=\"lazy\" decoding=\"async\" class=\"alignnone wp-image-5601 size-medium\" src=\"http:\/\/www.for-free-hands.de\/wp-content\/uploads\/2023\/10\/FFH-Digipac-front-300x257.jpg\" alt=\"\" width=\"300\" height=\"257\" srcset=\"http:\/\/www.for-free-hands.de\/wp-content\/uploads\/2023\/10\/FFH-Digipac-front-300x257.jpg 300w, http:\/\/www.for-free-hands.de\/wp-content\/uploads\/2023\/10\/FFH-Digipac-front.jpg 577w\" sizes=\"auto, (max-width: 300px) 100vw, 300px\" \/><\/a><\/p>\n<p><span style=\"color: #000000;\">En premier lieu : notre CD <strong>For Free Hands\u00a0<\/strong>feat.\u00a0<strong>Alaa Zouiten \u00ab\u00a0The passing on of the fire\u00a0\u00bb<\/strong> d&rsquo;\u00eatre \u00e9lu <span style=\"color: #000080;\"><strong><a style=\"color: #000080;\" href=\"https:\/\/www.ndr.de\/kultur\/musik\/jazz\/Jazzalbum-der-Woche-The-Passing-On-Of-The-Fire-For-Free-Hands-Alaa-Zouiten,forfreehands102.html\" target=\"_blank\" rel=\"noopener\">\u00ab\u00a0Album de jazz de la semaine !\u00a0\u00bb<\/a><\/strong><\/span> par <strong><span style=\"color: #000080;\"><a style=\"color: #000080;\" href=\"https:\/\/www.ndr.de\/kultur\/index.html\" target=\"_blank\" rel=\"noopener\">NDR Kultur<\/a><\/span><\/strong>! MERCI ! Nous sommes tr\u00e8s heureux !<\/span><\/p>\n<p><a href=\"http:\/\/www.for-free-hands.de\/wp-content\/uploads\/2023\/10\/2023-FFH-Foto-slider.jpg\"><img loading=\"lazy\" decoding=\"async\" class=\"wp-image-5602 aligncenter\" src=\"http:\/\/www.for-free-hands.de\/wp-content\/uploads\/2023\/10\/2023-FFH-Foto-slider-300x152.jpg\" alt=\"\" width=\"610\" height=\"309\" srcset=\"http:\/\/www.for-free-hands.de\/wp-content\/uploads\/2023\/10\/2023-FFH-Foto-slider-300x152.jpg 300w, http:\/\/www.for-free-hands.de\/wp-content\/uploads\/2023\/10\/2023-FFH-Foto-slider-160x80.jpg 160w, http:\/\/www.for-free-hands.de\/wp-content\/uploads\/2023\/10\/2023-FFH-Foto-slider.jpg 743w\" sizes=\"auto, (max-width: 610px) 100vw, 610px\" \/><\/a><\/p>\n<p><span style=\"color: #000000;\">Avec Vladimir Karparov, Diego Pi\u00f1era, Roberto Badoglio et Andreas Brunn, <strong>FOR FREE HANDS<\/strong> est per\u00e7u comme faisant partie de la communaut\u00e9 internationale de jazz vivant \u00e0 Berlin. <a href=\"http:\/\/www.alaazouiten.com\/\" target=\"_blank\" rel=\"noopener\"><strong><span style=\"color: #000080;\">Alaa Zouiten<\/span><\/strong><\/a>, c&rsquo;est un autre instrumentiste tr\u00e8s int\u00e9ressant qui s&rsquo;ajoute, repr\u00e9sentant \u00e0 la fois les traditions musicales du Maroc et les sons modernes du oud.<\/span><\/p>\n<p><span style=\"color: #000000;\">Il y a quelques ann\u00e9es, FOR FREE HANDS a \u00e9t\u00e9 sollicit\u00e9 pour le festival <span style=\"color: #000080;\"><a style=\"color: #000080;\" href=\"https:\/\/youtu.be\/teZTA6eJAAw\" target=\"_blank\" rel=\"noopener\"><strong>Jazz au Chellah<\/strong><\/a><\/span> au Maroc, avec la demande de r\u00e9aliser un projet avec le virtuose marocain de l&rsquo;oud Alaa Zouiten. Notre concert devant environ 2000 personnes a eu un tel succ\u00e8s que nous avons d\u00e9cid\u00e9 de d\u00e9velopper notre rencontre musicale. Dans cette constellation, des musiciens de 5 nations se retrouvent effectivement sur sc\u00e8ne.<\/span><\/p>\n<p><span style=\"color: #000000;\">Je suis tr\u00e8s, tr\u00e8s heureux de la musique qui en r\u00e9sulte. Tous les coll\u00e8gues ont beaucoup donn\u00e9 et il en r\u00e9sulte un tr\u00e8s bel album, intense &amp; riche en couleurs.\u00a0<\/span><span style=\"color: #000000;\">Une de mes citations pr\u00e9f\u00e9r\u00e9es est \u00ab\u00a0La tradition est la transmission du feu et non l&rsquo;adoration des cendres\u00a0\u00bb. (qui est attribu\u00e9e \u00e0 Gustav Mahler) Ce serait bien s\u00fbr trop long pour un titre de CD. C&rsquo;est pourquoi notre album (qui est maintenant le cinqui\u00e8me) s&rsquo;appelle \u00ab\u00a0The passing on of the fire\u00a0\u00bb.<\/span><\/p>\n<p><span style=\"color: #000000;\">Pour moi, ce titre convient tr\u00e8s bien au regard de notre histoire For Free Hands, de Hans Hartmann jusqu&rsquo;au CD actuel avec Alaa Zouiten. Je voulais aussi absolument rappeler Hans, qui est d\u00e9c\u00e9d\u00e9 en juillet 2022 des suites d&rsquo;une longue maladie. C&rsquo;est pourquoi sa composition \u00ab\u00a0Killer Joke\u00a0\u00bb figure sur notre album.<\/span><\/p>\n<p><span style=\"color: #000000;\">Chick Corea est d\u00e9c\u00e9d\u00e9 en f\u00e9vrier 2021. Une grande perte pour le monde du jazz ! Je suis un grand fan de sa grande musique et j&rsquo;avais tr\u00e8s envie d&rsquo;adapter une de ses compositions pour notre CD. C&rsquo;est ainsi qu&rsquo;est n\u00e9 l&rsquo;arrangement de \u00ab\u00a0Armando&rsquo;s Rhumba\u00a0\u00bb en 9\/8.<\/span><\/p>\n<p><span style=\"color: #000000;\">Le prix du studio de jazz remport\u00e9 par la FFH en 2022 a permis les enregistrements exceptionnels r\u00e9alis\u00e9s par le <a href=\"https:\/\/www.berlin.de\/musikschule-mh\/tonstudio\/\" target=\"_blank\" rel=\"noopener\"><strong><span style=\"color: #000080;\">Tune In Studio<\/span><\/strong><\/a>. L&rsquo;excellent travail de l&rsquo;ing\u00e9nieur du son Peer Triebler a largement contribu\u00e9 \u00e0 la r\u00e9alisation de ce CD de tr\u00e8s haute qualit\u00e9.<\/span><\/p>\n<p><span style=\"color: #000000;\">Encore une phrase sur la pochette du CD : en mars, l&rsquo;amaryllis sur ma fen\u00eatre a refleuri avec un \u00e9clat ardent. Peter Cronemeyer de <a href=\"http:\/\/www.laika-records.com\/\" target=\"_blank\" rel=\"noopener\"><strong><span style=\"color: #000080;\">Laika Records<\/span><\/strong><\/a> et moi-m\u00eame \u00e9tions \u00e0 la recherche d&rsquo;une id\u00e9e de couverture \u00e0 la m\u00eame p\u00e9riode. C&rsquo;est \u00e0 cette p\u00e9riode que je me suis r\u00e9veill\u00e9 un matin avec l&rsquo;image intense de la fleur d&rsquo;amaryllis associ\u00e9e \u00e0 nos instruments. C&rsquo;est mon voisin &amp; ami <span style=\"color: #000080;\"><a style=\"color: #000080;\" href=\"http:\/\/www.letsmetz.com\" target=\"_blank\" rel=\"noopener\"><strong>Benjamin Metz<\/strong><\/a><\/span>, un bon graphiste, qui a concr\u00e9tis\u00e9 cette id\u00e9e pour notre CD.<\/span><\/p>\n<p><span style=\"color: #000000;\">Des remerciements pour cette initiative : <\/span><span style=\"color: #000000;\">Je tiens \u00e0 remercier ici le <span style=\"color: #000080;\"><strong><a style=\"color: #000080;\" href=\"https:\/\/www.berlin.de\/sen\/kultur\/\" target=\"_blank\" rel=\"noopener\">Senatsverwaltung f\u00fcr Kultur und Gesellschaftlichen Zusammenhalt \u2013 Abteilung Kultur<\/a><\/strong><\/span>, Berlin, qui organise une promotion du jazz tr\u00e8s remarquable \u00e0 Berlin.<\/span><\/p>\n<p><span style=\"color: #000000;\">Andreas Brunn, Berlin 08.09.2023<\/span><\/p>\n<p><a href=\"http:\/\/www.for-free-hands.de\/wp-content\/uploads\/2023\/10\/FFH_shooting-41-scaled.jpg\"><img loading=\"lazy\" decoding=\"async\" class=\"wp-image-5799 aligncenter\" src=\"http:\/\/www.for-free-hands.de\/wp-content\/uploads\/2023\/10\/FFH_shooting-41-300x200.jpg\" alt=\"\" width=\"593\" height=\"395\" srcset=\"http:\/\/www.for-free-hands.de\/wp-content\/uploads\/2023\/10\/FFH_shooting-41-300x200.jpg 300w, http:\/\/www.for-free-hands.de\/wp-content\/uploads\/2023\/10\/FFH_shooting-41-1024x682.jpg 1024w, http:\/\/www.for-free-hands.de\/wp-content\/uploads\/2023\/10\/FFH_shooting-41-768x512.jpg 768w, http:\/\/www.for-free-hands.de\/wp-content\/uploads\/2023\/10\/FFH_shooting-41-1536x1023.jpg 1536w, http:\/\/www.for-free-hands.de\/wp-content\/uploads\/2023\/10\/FFH_shooting-41-2048x1364.jpg 2048w\" sizes=\"auto, (max-width: 593px) 100vw, 593px\" \/><\/a><\/p>\n","protected":false},"excerpt":{"rendered":"<p>En premier lieu : notre CD For Free Hands\u00a0feat.\u00a0Alaa Zouiten \u00ab\u00a0The passing on of the fire\u00a0\u00bb d&rsquo;\u00eatre \u00e9lu \u00ab\u00a0Album de jazz de la semaine !\u00a0\u00bb&#8230;<\/p>\n","protected":false},"author":1,"featured_media":7225,"parent":722,"menu_order":0,"comment_status":"open","ping_status":"open","template":"","meta":{"footnotes":""},"class_list":["post-1901","page","type-page","status-publish","has-post-thumbnail","hentry"],"_links":{"self":[{"href":"http:\/\/www.for-free-hands.de\/fr\/wp-json\/wp\/v2\/pages\/1901","targetHints":{"allow":["GET"]}}],"collection":[{"href":"http:\/\/www.for-free-hands.de\/fr\/wp-json\/wp\/v2\/pages"}],"about":[{"href":"http:\/\/www.for-free-hands.de\/fr\/wp-json\/wp\/v2\/types\/page"}],"author":[{"embeddable":true,"href":"http:\/\/www.for-free-hands.de\/fr\/wp-json\/wp\/v2\/users\/1"}],"replies":[{"embeddable":true,"href":"http:\/\/www.for-free-hands.de\/fr\/wp-json\/wp\/v2\/comments?post=1901"}],"version-history":[{"count":13,"href":"http:\/\/www.for-free-hands.de\/fr\/wp-json\/wp\/v2\/pages\/1901\/revisions"}],"predecessor-version":[{"id":7662,"href":"http:\/\/www.for-free-hands.de\/fr\/wp-json\/wp\/v2\/pages\/1901\/revisions\/7662"}],"up":[{"embeddable":true,"href":"http:\/\/www.for-free-hands.de\/fr\/wp-json\/wp\/v2\/pages\/722"}],"wp:featuredmedia":[{"embeddable":true,"href":"http:\/\/www.for-free-hands.de\/fr\/wp-json\/wp\/v2\/media\/7225"}],"wp:attachment":[{"href":"http:\/\/www.for-free-hands.de\/fr\/wp-json\/wp\/v2\/media?parent=1901"}],"curies":[{"name":"wp","href":"https:\/\/api.w.org\/{rel}","templated":true}]}}