{"id":984,"date":"2014-06-18T17:57:08","date_gmt":"2014-06-18T15:57:08","guid":{"rendered":"http:\/\/www.for-free-hands.de\/?page_id=984"},"modified":"2025-04-25T12:24:32","modified_gmt":"2025-04-25T10:24:32","slug":"audiciones","status":"publish","type":"page","link":"http:\/\/www.for-free-hands.de\/es\/mediateca\/audiciones\/","title":{"rendered":"Audios"},"content":{"rendered":"<p><span style=\"color: #000000;\"><strong>Nuestro CD acaba de ser \u00abJazzalbum of the week\u00bb en NDR-Kultur. Aqu\u00ed est\u00e1 el enlace al programa:\u00a0\u00a0<\/strong><\/span><br \/>\n<span style=\"color: #000080;\"><strong><a style=\"color: #000080;\" href=\"https:\/\/www.ndr.de\/kultur\/musik\/jazz\/Jazzalbum-der-Woche-The-Passing-On-Of-The-Fire-For-Free-Hands-Alaa-Zouiten,forfreehands102.html\" target=\"_blank\" rel=\"noopener\">https:\/\/www.ndr.de\/kultur\/musik\/jazz\/Jazzalbum-der-Woche-The-Passing-On-Of-The-Fire-For-Free-Hands-Alaa-Zouiten,forfreehands102.html<\/a><\/strong><\/span><\/p>\n<p><a href=\"http:\/\/www.for-free-hands.de\/wp-content\/uploads\/2019\/06\/NDR-Album-der-Woche.jpg\"><img loading=\"lazy\" decoding=\"async\" class=\"alignnone wp-image-5597\" src=\"http:\/\/www.for-free-hands.de\/wp-content\/uploads\/2019\/06\/NDR-Album-der-Woche-300x168.jpg\" alt=\"\" width=\"620\" height=\"347\" srcset=\"http:\/\/www.for-free-hands.de\/wp-content\/uploads\/2019\/06\/NDR-Album-der-Woche-300x168.jpg 300w, http:\/\/www.for-free-hands.de\/wp-content\/uploads\/2019\/06\/NDR-Album-der-Woche-1024x574.jpg 1024w, http:\/\/www.for-free-hands.de\/wp-content\/uploads\/2019\/06\/NDR-Album-der-Woche-768x430.jpg 768w, http:\/\/www.for-free-hands.de\/wp-content\/uploads\/2019\/06\/NDR-Album-der-Woche.jpg 1417w\" sizes=\"auto, (max-width: 620px) 100vw, 620px\" \/><\/a><\/p>\n<p><span style=\"color: #000000;\"><strong>For Free Hands feat. <\/strong><\/span><a href=\"http:\/\/www.alaazouiten.com\/\"><strong><span style=\"color: #000080;\">Alaa Zouiten<\/span><\/strong><\/a><strong><span style=\"color: #000000;\"> ha lanzado su nuevo CD \u00abThe passing on of the fire.\u00bb en oto\u00f1o de 2023 en<\/span> <span style=\"color: #000080;\"><a style=\"color: #000080;\" href=\"http:\/\/www.laikarecords.com\/\">Laika Records<\/a><\/span> <span style=\"color: #000000;\">Aqu\u00ed est\u00e1 el enlace al nuevo \u00e1lbum <\/span><\/strong><span style=\"color: #000080;\"><a style=\"color: #000080;\" href=\"https:\/\/bfan.link\/the-passing-on-of-the-fire\"><strong>https:\/\/bfan.link\/the-passing-on-of-the-fire.<\/strong><\/a><\/span><\/p>\n<p><a href=\"http:\/\/www.for-free-hands.de\/wp-content\/uploads\/2024\/04\/FFH-2024-06a-Slider.jpg\"><img loading=\"lazy\" decoding=\"async\" class=\"alignnone wp-image-6110\" src=\"http:\/\/www.for-free-hands.de\/wp-content\/uploads\/2024\/04\/FFH-2024-06a-Slider-300x168.jpg\" alt=\"\" width=\"620\" height=\"347\" srcset=\"http:\/\/www.for-free-hands.de\/wp-content\/uploads\/2024\/04\/FFH-2024-06a-Slider-300x168.jpg 300w, http:\/\/www.for-free-hands.de\/wp-content\/uploads\/2024\/04\/FFH-2024-06a-Slider-1024x574.jpg 1024w, http:\/\/www.for-free-hands.de\/wp-content\/uploads\/2024\/04\/FFH-2024-06a-Slider-768x431.jpg 768w, http:\/\/www.for-free-hands.de\/wp-content\/uploads\/2024\/04\/FFH-2024-06a-Slider-1536x861.jpg 1536w, http:\/\/www.for-free-hands.de\/wp-content\/uploads\/2024\/04\/FFH-2024-06a-Slider-2048x1149.jpg 2048w\" sizes=\"auto, (max-width: 620px) 100vw, 620px\" \/><\/a><\/p>\n<p><span style=\"color: #000000;\"><strong>Aqu\u00ed hay mp3s en vivo que representan el cuarteto actual con Vladimir Karparov (BG) saxo, Diego Pi\u00f1era (UY) bater\u00eda, Roberto Badoglio (IT) e-bass &amp; Andreas Brunn (D) guitarras!<\/strong><\/span><\/p>\n<p><a href=\"http:\/\/www.for-free-hands.de\/wp-content\/uploads\/2019\/06\/FFH-2019-2.jpg\"><img loading=\"lazy\" decoding=\"async\" class=\"wp-image-4569 aligncenter\" src=\"http:\/\/www.for-free-hands.de\/wp-content\/uploads\/2019\/06\/FFH-2019-2-300x200.jpg\" alt=\"\" width=\"619\" height=\"412\" srcset=\"http:\/\/www.for-free-hands.de\/wp-content\/uploads\/2019\/06\/FFH-2019-2-300x200.jpg 300w, http:\/\/www.for-free-hands.de\/wp-content\/uploads\/2019\/06\/FFH-2019-2-768x512.jpg 768w, http:\/\/www.for-free-hands.de\/wp-content\/uploads\/2019\/06\/FFH-2019-2-1024x683.jpg 1024w\" sizes=\"auto, (max-width: 619px) 100vw, 619px\" \/><\/a><\/p>\n<!--[if lt IE 9]><script>document.createElement('audio');<\/script><![endif]-->\n<audio class=\"wp-audio-shortcode\" id=\"audio-984-1\" preload=\"none\" style=\"width: 100%;\" controls=\"controls\"><source type=\"audio\/mpeg\" src=\"http:\/\/www.for-free-hands.de\/wp-content\/uploads\/2018\/02\/1-5-Kaleidoscope-2.mp3?_=1\" \/><a href=\"http:\/\/www.for-free-hands.de\/wp-content\/uploads\/2018\/02\/1-5-Kaleidoscope-2.mp3\">http:\/\/www.for-free-hands.de\/wp-content\/uploads\/2018\/02\/1-5-Kaleidoscope-2.mp3<\/a><\/audio>\n<p><span style=\"color: #000000;\"><strong>\u00abKaleidoscope Freedom\u00bb (Comp. Andreas Brunn)<\/strong><\/span><\/p>\n<audio class=\"wp-audio-shortcode\" id=\"audio-984-2\" preload=\"none\" style=\"width: 100%;\" controls=\"controls\"><source type=\"audio\/mpeg\" src=\"http:\/\/www.for-free-hands.de\/wp-content\/uploads\/2018\/02\/1-1-Birds-of-passage-a.mp3?_=2\" \/><a href=\"http:\/\/www.for-free-hands.de\/wp-content\/uploads\/2018\/02\/1-1-Birds-of-passage-a.mp3\">http:\/\/www.for-free-hands.de\/wp-content\/uploads\/2018\/02\/1-1-Birds-of-passage-a.mp3<\/a><\/audio>\n<p><span style=\"color: #000000;\"><strong>\u00abBirds of passage\u00bb (Comp. Andreas Brunn)<\/strong><\/span><\/p>\n<audio class=\"wp-audio-shortcode\" id=\"audio-984-3\" preload=\"none\" style=\"width: 100%;\" controls=\"controls\"><source type=\"audio\/mpeg\" src=\"http:\/\/www.for-free-hands.de\/wp-content\/uploads\/2018\/02\/2-2-Draculas-Breakfast.mp3?_=3\" \/><a href=\"http:\/\/www.for-free-hands.de\/wp-content\/uploads\/2018\/02\/2-2-Draculas-Breakfast.mp3\">http:\/\/www.for-free-hands.de\/wp-content\/uploads\/2018\/02\/2-2-Draculas-Breakfast.mp3<\/a><\/audio>\n<p><span style=\"color: #000000;\"><strong>\u00abDracula\u00b4s Breakfast\u00bb (Comp. Andreas Brunn)<\/strong><\/span><\/p>\n<audio class=\"wp-audio-shortcode\" id=\"audio-984-4\" preload=\"none\" style=\"width: 100%;\" controls=\"controls\"><source type=\"audio\/mpeg\" src=\"http:\/\/www.for-free-hands.de\/wp-content\/uploads\/2018\/02\/1-4-Wizards-Cube.mp3?_=4\" \/><a href=\"http:\/\/www.for-free-hands.de\/wp-content\/uploads\/2018\/02\/1-4-Wizards-Cube.mp3\">http:\/\/www.for-free-hands.de\/wp-content\/uploads\/2018\/02\/1-4-Wizards-Cube.mp3<\/a><\/audio>\n<p><span style=\"color: #000000;\"><strong>\u00abWizards Cube\u00bb (Comp. Andreas Brunn)<\/strong><\/span><\/p>\n","protected":false},"excerpt":{"rendered":"<p>Nuestro CD acaba de ser \u00abJazzalbum of the week\u00bb en NDR-Kultur. Aqu\u00ed est\u00e1 el enlace al programa:\u00a0\u00a0 https:\/\/www.ndr.de\/kultur\/musik\/jazz\/Jazzalbum-der-Woche-The-Passing-On-Of-The-Fire-For-Free-Hands-Alaa-Zouiten,forfreehands102.html For Free Hands feat. Alaa Zouiten ha&#8230;<\/p>\n","protected":false},"author":1,"featured_media":0,"parent":981,"menu_order":0,"comment_status":"open","ping_status":"closed","template":"","meta":{"footnotes":""},"class_list":["post-984","page","type-page","status-publish","hentry"],"_links":{"self":[{"href":"http:\/\/www.for-free-hands.de\/es\/wp-json\/wp\/v2\/pages\/984","targetHints":{"allow":["GET"]}}],"collection":[{"href":"http:\/\/www.for-free-hands.de\/es\/wp-json\/wp\/v2\/pages"}],"about":[{"href":"http:\/\/www.for-free-hands.de\/es\/wp-json\/wp\/v2\/types\/page"}],"author":[{"embeddable":true,"href":"http:\/\/www.for-free-hands.de\/es\/wp-json\/wp\/v2\/users\/1"}],"replies":[{"embeddable":true,"href":"http:\/\/www.for-free-hands.de\/es\/wp-json\/wp\/v2\/comments?post=984"}],"version-history":[{"count":24,"href":"http:\/\/www.for-free-hands.de\/es\/wp-json\/wp\/v2\/pages\/984\/revisions"}],"predecessor-version":[{"id":7675,"href":"http:\/\/www.for-free-hands.de\/es\/wp-json\/wp\/v2\/pages\/984\/revisions\/7675"}],"up":[{"embeddable":true,"href":"http:\/\/www.for-free-hands.de\/es\/wp-json\/wp\/v2\/pages\/981"}],"wp:attachment":[{"href":"http:\/\/www.for-free-hands.de\/es\/wp-json\/wp\/v2\/media?parent=984"}],"curies":[{"name":"wp","href":"https:\/\/api.w.org\/{rel}","templated":true}]}}