{"id":6046,"date":"2024-03-26T18:26:23","date_gmt":"2024-03-26T16:26:23","guid":{"rendered":"http:\/\/www.for-free-hands.de\/?page_id=6046"},"modified":"2024-04-02T12:03:30","modified_gmt":"2024-04-02T10:03:30","slug":"alaa-zouiten","status":"publish","type":"page","link":"http:\/\/www.for-free-hands.de\/es\/alaa-zouiten\/","title":{"rendered":"Alaa Zouiten"},"content":{"rendered":"<h1><span style=\"color: #000000;\">Alaa Zouiten<\/span><\/h1>\n<div class=\"two-three first\">\n<p><span style=\"color: #000000;\">Alaa Zouiten naci\u00f3 en Casablanca, Marruecos. Su carrera musical comenz\u00f3 all\u00ed como profesor de oud, el la\u00fad \u00e1rabe, y le llev\u00f3 de su formaci\u00f3n en el Conservatorio Nacional de Marrakech a convertirse en sideman de la banda de fusi\u00f3n \u00abJbara\u00bb. Con la banda, toc\u00f3 en numerosos festivales marroqu\u00edes, como el Festival Gnaoua de Essaouira, el Gran Festival de Casablanca y el Mawazine de Rabat.<\/span><\/p>\n<p><span style=\"color: #000000;\">En la Universidad de Erfurt (Alemania), profundiz\u00f3 sus conocimientos de teor\u00eda musical estudiando pedagog\u00eda musical y filosof\u00eda. Durante sus estudios, colabor\u00f3 con numerosos m\u00fasicos de jazz y explor\u00f3 juguetonamente los espacios entre los sonidos tradicionales del Magreb, Andaluc\u00eda y el jazz, formando el Alaa Zouiten Ensemble, que public\u00f3 su \u00e1lbum de debut \u00abHada Makan\u00bb en 2012. A continuaci\u00f3n curs\u00f3 estudios de musicolog\u00eda (M\u00e1ster en Estudios Musicales Transculturales) en la Universidad de M\u00fasica Franz Liszt de Weimar.<\/span><\/p>\n<p><span style=\"color: #000000;\">Con una beca del Fondo \u00c1rabe para las Artes y la Cultura, Alaa Zouiten trabaj\u00f3 en su segundo \u00e1lbum &#8216;Talking Oud&#8217; en 2015. En estas composiciones experimenta con las posibilidades estil\u00edsticas, t\u00e9cnicas y est\u00e9ticas del oud. El resultado es una fascinante mezcla de \u00e1rabe, jazz andaluz y rock.<\/span><\/p>\n<p><span style=\"color: #000000;\">Este potencial es la base de la colaboraci\u00f3n de Alaa Zouiten con m\u00fasicos de gran calibre en proyectos de fusi\u00f3n muy diferentes en la musicalmente cosmopolita Berl\u00edn.<\/span><\/p>\n<p><span style=\"color: #000000;\">Alaa Zouiten tambi\u00e9n es comisario de la \u00abArab Song Jam\u00bb y del \u00abGnaoua Festival\u00bb de Berl\u00edn.<\/span><\/p>\n<p><\/div><br \/>\n<div class=\"one-three last\"><div class=\"gallery-wrap\" ><br \/>\n<br \/>\n<br \/>\n<br \/>\n<div class=\"clear\"><\/div><\/div><div class=\"clear\"><\/div><br \/>\n<\/div><\/p>\n<div class=\"clear\"><\/div>\n","protected":false},"excerpt":{"rendered":"<p>Alaa Zouiten<\/p>\n","protected":false},"author":1,"featured_media":0,"parent":0,"menu_order":0,"comment_status":"closed","ping_status":"closed","template":"","meta":{"footnotes":""},"class_list":["post-6046","page","type-page","status-publish","hentry"],"_links":{"self":[{"href":"http:\/\/www.for-free-hands.de\/es\/wp-json\/wp\/v2\/pages\/6046","targetHints":{"allow":["GET"]}}],"collection":[{"href":"http:\/\/www.for-free-hands.de\/es\/wp-json\/wp\/v2\/pages"}],"about":[{"href":"http:\/\/www.for-free-hands.de\/es\/wp-json\/wp\/v2\/types\/page"}],"author":[{"embeddable":true,"href":"http:\/\/www.for-free-hands.de\/es\/wp-json\/wp\/v2\/users\/1"}],"replies":[{"embeddable":true,"href":"http:\/\/www.for-free-hands.de\/es\/wp-json\/wp\/v2\/comments?post=6046"}],"version-history":[{"count":2,"href":"http:\/\/www.for-free-hands.de\/es\/wp-json\/wp\/v2\/pages\/6046\/revisions"}],"predecessor-version":[{"id":6099,"href":"http:\/\/www.for-free-hands.de\/es\/wp-json\/wp\/v2\/pages\/6046\/revisions\/6099"}],"wp:attachment":[{"href":"http:\/\/www.for-free-hands.de\/es\/wp-json\/wp\/v2\/media?parent=6046"}],"curies":[{"name":"wp","href":"https:\/\/api.w.org\/{rel}","templated":true}]}}