{"id":5850,"date":"2023-10-31T00:43:09","date_gmt":"2023-10-30T22:43:09","guid":{"rendered":"http:\/\/www.for-free-hands.de\/?page_id=5850"},"modified":"2024-04-03T12:28:26","modified_gmt":"2024-04-03T10:28:26","slug":"resenas","status":"publish","type":"page","link":"http:\/\/www.for-free-hands.de\/es\/resenas\/","title":{"rendered":"Rese\u00f1as"},"content":{"rendered":"<p><a href=\"http:\/\/www.for-free-hands.de\/wp-content\/uploads\/2023\/04\/Live-2023-scaled.jpg\"><img loading=\"lazy\" decoding=\"async\" class=\"alignnone size-medium wp-image-5385\" src=\"http:\/\/www.for-free-hands.de\/wp-content\/uploads\/2023\/04\/Live-2023-300x200.jpg\" alt=\"\" width=\"300\" height=\"200\" srcset=\"http:\/\/www.for-free-hands.de\/wp-content\/uploads\/2023\/04\/Live-2023-300x200.jpg 300w, http:\/\/www.for-free-hands.de\/wp-content\/uploads\/2023\/04\/Live-2023-1024x681.jpg 1024w, http:\/\/www.for-free-hands.de\/wp-content\/uploads\/2023\/04\/Live-2023-768x511.jpg 768w, http:\/\/www.for-free-hands.de\/wp-content\/uploads\/2023\/04\/Live-2023-1536x1022.jpg 1536w, http:\/\/www.for-free-hands.de\/wp-content\/uploads\/2023\/04\/Live-2023-2048x1363.jpg 2048w\" sizes=\"auto, (max-width: 300px) 100vw, 300px\" \/><\/a><a href=\"http:\/\/www.for-free-hands.de\/wp-content\/uploads\/2023\/10\/FFH-Andreas-Live-scaled.jpg\"><img loading=\"lazy\" decoding=\"async\" class=\"alignnone wp-image-5826\" src=\"http:\/\/www.for-free-hands.de\/wp-content\/uploads\/2023\/10\/FFH-Andreas-Live-300x194.jpg\" alt=\"\" width=\"309\" height=\"200\" srcset=\"http:\/\/www.for-free-hands.de\/wp-content\/uploads\/2023\/10\/FFH-Andreas-Live-300x194.jpg 300w, http:\/\/www.for-free-hands.de\/wp-content\/uploads\/2023\/10\/FFH-Andreas-Live-1024x661.jpg 1024w, http:\/\/www.for-free-hands.de\/wp-content\/uploads\/2023\/10\/FFH-Andreas-Live-768x496.jpg 768w, http:\/\/www.for-free-hands.de\/wp-content\/uploads\/2023\/10\/FFH-Andreas-Live-1536x991.jpg 1536w, http:\/\/www.for-free-hands.de\/wp-content\/uploads\/2023\/10\/FFH-Andreas-Live-2048x1322.jpg 2048w\" sizes=\"auto, (max-width: 309px) 100vw, 309px\" \/> <\/a><a href=\"http:\/\/www.for-free-hands.de\/wp-content\/uploads\/2023\/10\/Jazzpodium-Deckblatt.jpg\"><img loading=\"lazy\" decoding=\"async\" class=\"alignnone wp-image-5828\" src=\"http:\/\/www.for-free-hands.de\/wp-content\/uploads\/2023\/10\/Jazzpodium-Deckblatt-212x300.jpg\" alt=\"\" width=\"172\" height=\"243\" srcset=\"http:\/\/www.for-free-hands.de\/wp-content\/uploads\/2023\/10\/Jazzpodium-Deckblatt-212x300.jpg 212w, http:\/\/www.for-free-hands.de\/wp-content\/uploads\/2023\/10\/Jazzpodium-Deckblatt.jpg 660w\" sizes=\"auto, (max-width: 172px) 100vw, 172px\" \/><\/a><a href=\"http:\/\/www.for-free-hands.de\/wp-content\/uploads\/2023\/10\/FOR-FFREE-HANDS-@-JazzPodiu.jpg\"><img loading=\"lazy\" decoding=\"async\" class=\"alignnone wp-image-5829\" src=\"http:\/\/www.for-free-hands.de\/wp-content\/uploads\/2023\/10\/FOR-FFREE-HANDS-@-JazzPodiu-206x300.jpg\" alt=\"\" width=\"163\" height=\"237\" srcset=\"http:\/\/www.for-free-hands.de\/wp-content\/uploads\/2023\/10\/FOR-FFREE-HANDS-@-JazzPodiu-206x300.jpg 206w, http:\/\/www.for-free-hands.de\/wp-content\/uploads\/2023\/10\/FOR-FFREE-HANDS-@-JazzPodiu-704x1024.jpg 704w, http:\/\/www.for-free-hands.de\/wp-content\/uploads\/2023\/10\/FOR-FFREE-HANDS-@-JazzPodiu-768x1118.jpg 768w, http:\/\/www.for-free-hands.de\/wp-content\/uploads\/2023\/10\/FOR-FFREE-HANDS-@-JazzPodiu.jpg 780w\" sizes=\"auto, (max-width: 163px) 100vw, 163px\" \/><\/a><\/p>\n<p><span style=\"color: #000000;\"><strong>Jazzpodium en el nuevo CD 10-2023<\/strong>: \u00abEl mestizaje de la m\u00fasica folcl\u00f3rica magreb\u00ed y el jazz europeo ya lo intentaron hace diez a\u00f1os Joachim K\u00fchn y Majid Bekkas, y tambi\u00e9n se podr\u00eda mencionar aqu\u00ed a Charles Lloyd y Anouar Brahem de T\u00fanez. El guitarrista Andreas Brunn va varios pasos m\u00e1s all\u00e1 e integra tan perfectamente al laudista marroqu\u00ed Alaa Zouiten en su cuarteto de jazz fusi\u00f3n urbano For Free Hands que surge una forma de m\u00fasica verdaderamente nueva y original, mucho m\u00e1s all\u00e1 de todos los intentos de simbiosis de m\u00fasicas del mundo y de las fronteras de g\u00e9nero demasiado estrechas. &#8230; Al transmitir el fuego, los cinco m\u00fasicos de Free Hands procedentes de Italia, Bulgaria, Uruguay, Marruecos y Alemania no encienden deliberadamente una conflagraci\u00f3n devastadora, sino mundos sonoros sutiles, duraderos y rotundos que permanecen en el o\u00eddo con car\u00e1cter de faro o hito de largo alcance\u00bb. <strong>Rainer Bratfisch<\/strong><\/span><\/p>\n<p><span style=\"color: #000000;\"><strong>La revista de jazz <span style=\"color: #000080;\"><a style=\"color: #000080;\" href=\"https:\/\/www.jazzthing.de\/review\/for-free-hands-alaa-zouiten-the-passing-on-of-the-fire\/\" target=\"_blank\" rel=\"noopener\">Jazzmagazin Jazzthing<\/a><\/span> sobre el nuevo CD<\/strong> : \u00abPiezas r\u00edtmicamente sofisticadas complacen el o\u00eddo incluso del oyente m\u00e1s exigente, bellas melod\u00edas caracterizan las composiciones. Diverso, colorido, grooving, desenfadado &#8211; los cinco m\u00fasicos de cinco pa\u00edses ofrecen aqu\u00ed un jazz urbano y pegadizo con una buena raci\u00f3n de ingredientes orientales.\u00bb Christoph Giese, Jazz thing 150<\/span><\/p>\n<p><span style=\"color: #000000;\"><strong><span style=\"color: #000080;\"><a style=\"color: #000080;\" href=\"https:\/\/www.jazz-fun.de\/for-free-hands-feat-alaa-zouiten-the-passing-on-of-the-fire.html\" target=\"_blank\" rel=\"noopener\">jazz-fun.de<\/a> <\/span> sobre el nuevo CD<\/strong> : \u00abEn un trabajo salpicado de material fresco, Andreas Brunn hace uso de un amplio arsenal instrumental. El resultado es un gran \u00e1lbum en la zona fronteriza entre el jazz y la fusi\u00f3n con excursiones jazz-rock. Me gustan los \u00e1giles solos del guitarrista en interacci\u00f3n con el saxof\u00f3n, apoyado por el oud de Alaa Zouiten. Un gran \u00e1lbum, \u00a1estamos encantados!\u00bb.<\/span><\/p>\n<p><span style=\"color: #000000;\"><strong>La revista de jazz belga <span style=\"color: #000080;\"><a style=\"color: #000080;\" href=\"https:\/\/www.jazzhalo.be\/reviews\/cdlpk7-reviews\/various\/laika-records-double\/\">Jazzhalo habla del nuevo CD 11-2023<\/a><\/span><\/strong>: \u00abAndreas Brunn siempre ha tenido debilidad por los compases torcidos y las composiciones en las que dos metros parecen enfrentarse. Este es el caso de la pieza \u00abBrotherhood of 7\u00bb. Destaca el virtuosismo del saxofonista, que hace gala de sus \u00abl\u00edneas sonoras retorcidas\u00bb. Pero la elaborada interpretaci\u00f3n de las cuerdas de Brunn tambi\u00e9n desempe\u00f1a un papel importante en el moldeado tonal de la pieza. A primera escucha, \u00abHada Makan\u00bb recuerda a una danza, caracterizada por los sonidos de cuerda del oud, que destaca como solista. Le siguen las l\u00edneas del bajista el\u00e9ctrico y las juguetonas s\u00edlabas tonales que el guitarrista aporta a la pieza. Lo que escuchamos suena muy alegre. Y es f\u00e1cil imaginar una escena con encantadores de serpientes, bailarines y m\u00fasicos en una de las ciudades tradicionales de Marruecos, como Meknes o Fez\u00bb. Ferdinand Dupuis-Panther.<\/span><\/p>\n<p><span style=\"color: #000000;\"><strong>Cr\u00edtica en directo<\/strong> :<span style=\"color: #000080;\"><strong><a style=\"color: #000080;\" href=\"https:\/\/www.insuedthueringen.de\/inhalt.sommerkonzert-moderner-jazz-exotisches-instrument.c5baa7b5-5543-4ac7-bf57-333a75e40cae.html\"> En S\u00fcdth\u00fcringen.de<\/a><\/strong><\/span> sobre nuestro concierto en el <span style=\"color: #000080;\"><strong><a style=\"color: #000080;\" href=\"https:\/\/www.jazzclub-ilmenau.de\/\">Jazzclub Ilmenau<\/a><\/strong><\/span> de junio de 2023 : \u00abUna parte de la comunidad jazz\u00edstica berlinesa entusiasm\u00f3 al p\u00fablico de Ilmenau: \u00abFor Free Hands\u00bb con el m\u00fasico marroqu\u00ed Alaa Zouiten ofreci\u00f3 el viernes el primero de los tres conciertos de verano en el club de jazz &#8230; De Zouiten no s\u00f3lo se oyen tonos tradicionales de la\u00fad, sino que \u00e9l y su instrumento tambi\u00e9n encajan sinceramente en las piezas m\u00e1s modernas del grupo \u00abFor Free Hands\u00bb y su expresi\u00f3n facial grita literalmente: \u00abMe encanta lo que hago aqu\u00ed\u00bb. El viernes tambi\u00e9n se pudieron escuchar composiciones del berlin\u00e9s marroqu\u00ed, como \u00abThanx Kenny\u00bb, que la banda ya hab\u00eda tocado juntos en directo en Marruecos en el pasado. &#8230;<\/span><\/p>\n<p><span style=\"color: #000000;\">Tras un prolongado aplauso, sigue un bis, y Brunn se muestra visiblemente satisfecho al comprobar que el jazz de la banda, que no est\u00e1 concebido como m\u00fasica de baile, es bailado por muchos de los invitados de forma animada y persistente. Michael M\u00f6ller, director del club de jazz, resume positivamente la velada: \u00abLo m\u00e1s importante para nosotros es la m\u00fasica y la buena sensaci\u00f3n que nos produce poder organizar un evento como \u00e9ste con grandes m\u00fasicos respetados en la escena del jazz.\u00bb<\/span><\/p>\n<p><span style=\"color: #000000;\"><strong>Modern\u00edcolas, M\u00e1laga<\/strong> (PARA FREE HANDS @ MALAGA JAZZFESTIVAL): \u00ab&#8230; una nueva forma de entender el jazz&#8230; Sinergia es la palabra para definir a este cuarteto berlin\u00e9s. Este impresionante cuarteto hipnotiz\u00f3 a todos los presentes con su m\u00fasica, que uni\u00f3 las culturas m\u00e1s diversas. &#8230;.\u00bb<strong> Javier Mart\u00ednez<\/strong><\/span><\/p>\n<p><span style=\"color: #000000;\"><strong>Anis Hajjam (Telquel &#8211; Casablanca)<\/strong> \u00abEl laudista Alaa Zouiten es uno de los m\u00e1s dotados de su generaci\u00f3n. Devoto de una incorporaci\u00f3n musical reflexiva de muchas influencias, contribuye con una sinceridad que a uno le gustar\u00eda ver m\u00e1s a menudo.\u00bb<\/span><\/p>\n<p><a href=\"http:\/\/www.for-free-hands.de\/wp-content\/uploads\/2023\/10\/FFH_shooting-31-Duo.jpg\"><img loading=\"lazy\" decoding=\"async\" class=\"alignnone wp-image-5835\" src=\"http:\/\/www.for-free-hands.de\/wp-content\/uploads\/2023\/10\/FFH_shooting-31-Duo-300x173.jpg\" alt=\"\" width=\"609\" height=\"351\" srcset=\"http:\/\/www.for-free-hands.de\/wp-content\/uploads\/2023\/10\/FFH_shooting-31-Duo-300x173.jpg 300w, http:\/\/www.for-free-hands.de\/wp-content\/uploads\/2023\/10\/FFH_shooting-31-Duo-1024x592.jpg 1024w, http:\/\/www.for-free-hands.de\/wp-content\/uploads\/2023\/10\/FFH_shooting-31-Duo-768x444.jpg 768w, http:\/\/www.for-free-hands.de\/wp-content\/uploads\/2023\/10\/FFH_shooting-31-Duo.jpg 1228w\" sizes=\"auto, (max-width: 609px) 100vw, 609px\" \/><\/a><\/p>\n<p><span style=\"color: #000000;\"><strong>Aziz Sehmaoui (Par\u00eds)<\/strong> \u00abAlaa Zouiten es un gran trabajador, un gran m\u00fasico. Un conocedor como pocas veces nos encontramos. Su amor es hablar y gritar con el oud. Toca con gran pasi\u00f3n\u00bb.<\/span><\/p>\n<p><span style=\"color: #000000;\"><strong>Gaildorfer Rundschau<\/strong> \u00ab&#8230; Especializados en ritmos infernales &#8211; Exuberantes, exuberantes y enardecedores &#8211; as\u00ed se present\u00f3 el cuarteto \u00abFor free Hands\u00bb. Los conceptos polim\u00e9tricos crearon una tensi\u00f3n inusual en la m\u00fasica. Cuando las cadencias de la guitarra y el saxof\u00f3n se mezclaron sobre un comp\u00e1s de 13\/16 en \u00abMagic Friday\u00bb, los m\u00fasicos estaban en su elemento. El p\u00fablico qued\u00f3 simplemente boquiabierto con \u00abFor free Hands\u00bb &#8230;\u00bb<\/span><\/p>\n<p><span style=\"color: #000000;\"><strong>Kieler Nachrichten<\/strong> \u00abLos cuatro fant\u00e1sticos en un frenes\u00ed balc\u00e1nico\u00bb &#8230; El excepcional saxofonista Karparov entiende de una manera \u00fanica c\u00f3mo combinar el estilo tradicional, a veces oriental, de tocar de su tierra natal con la innovadora t\u00e9cnica del jazz. El l\u00edder de la banda, Andreas Brunn, siempre evoca recuerdos de John McLaughlin. Su forma de tocar y su talento compositivo son enigm\u00e1ticos y de ingenio inteligente; despu\u00e9s de todo, una fuga de jazz como \u00abWizards&#8217; Cube\u00bb no se escribe sola. &#8230;\u00bb<\/span><\/p>\n<p><a href=\"http:\/\/www.for-free-hands.de\/wp-content\/uploads\/2018\/01\/FFH-2018.jpg\"><img loading=\"lazy\" decoding=\"async\" class=\"alignnone wp-image-3300\" src=\"http:\/\/www.for-free-hands.de\/wp-content\/uploads\/2018\/01\/FFH-2018.jpg\" alt=\"\" width=\"1067\" height=\"400\" srcset=\"http:\/\/www.for-free-hands.de\/wp-content\/uploads\/2018\/01\/FFH-2018.jpg 960w, http:\/\/www.for-free-hands.de\/wp-content\/uploads\/2018\/01\/FFH-2018-300x113.jpg 300w, http:\/\/www.for-free-hands.de\/wp-content\/uploads\/2018\/01\/FFH-2018-768x288.jpg 768w\" sizes=\"auto, (max-width: 1067px) 100vw, 1067px\" \/><\/a><\/p>\n<p><span style=\"color: #000000;\"><strong>Westf\u00e4lische Zeitung<\/strong> \u00ab&#8230; El conjunto FOR FREE HANDS, en torno al conocido virtuoso de la cuerda y compositor Andreas Brunn, ofreci\u00f3 al entusiasta p\u00fablico el mejor ejemplo de jazz contempor\u00e1neo con su en\u00e9rgica interpretaci\u00f3n. En un verdadero \u00abCaleidoscopio de libertad\u00bb, el cuarteto mostr\u00f3 su visi\u00f3n del mundo, apareciendo im\u00e1genes sonoras de una belleza seductora. &#8230;.\u00bb<\/span><\/p>\n<p><span style=\"color: #000000;\"><strong>Braunschweiger Zeitung<\/strong> \u00ab&#8230; \u00bfEs FOR FREE HANDS un nombre program\u00e1tico? \u00bfSe trata de una libertad de expresi\u00f3n musical sin restricciones? Pues la m\u00fasica lo pone de manifiesto. Por ejemplo \u00abPerpetuum 5&#8243;. Comienzo lento, tempo creciente. Cambios de acordes muy r\u00e1pidos, en cada cuarto de comp\u00e1s, si no en el octavo. El solo de guitarra de Andreas Brunn: a la mejor manera de John Scofield, se funden fluidos recorridos mel\u00f3dicos y r\u00e1pidos cambios de acordes. &#8230;.\u00bb<\/span><\/p>\n<p><span style=\"color: #000000;\"><strong>Rheinpresse<\/strong> \u00ab&#8230; For Free Hands\u00bb combinan la improvisaci\u00f3n suave y apasionante con el folclore, se sirven del rock, el pop y la m\u00fasica cl\u00e1sica y chupan con avidez la miel de la vanguardia. A pesar de contemplar sus ra\u00edces tradicionales, los m\u00fasicos miran muy lejos. Cuatro m\u00fasicos de tres naciones que se toman toda la libertad del mundo en el escenario en igualdad de condiciones para hacer todo lo posible con sus instrumentos. Cuatro fronterizos inquietos. &#8230;\u00bb<\/span><\/p>\n<p><span style=\"color: #000000;\"><strong>Lausitzer Rundschau<\/strong> \u00bb &#8230; El conjunto germano-b\u00falgaro-griego For Free Hands demostr\u00f3 en su actuaci\u00f3n con Floros Floridis (saxo, clarinete) y Alaa Zouiten (oud) que Occidente y Oriente pueden encontrarse y tener algo que decir, al menos musicalmente. El director del grupo, Andreas Brunn, tiene debilidad por los metros impares y los polirritmos de la m\u00fasica tradicional b\u00falgara. Magic Friday\u00bb, por ejemplo, est\u00e1 escrita en comp\u00e1s de 13\/16. Adem\u00e1s, hubo un intenso encuentro con la m\u00fasica de Floros Floridis y Alaa Zouiten. Los m\u00fasicos de For Free Hands y Alaa Zouiten se conocieron durante actuaciones en Marruecos. La Sociedad Alemana apoya la gira de conciertos \u00abEncuentros entre Oriente y Occidente\u00bb. &#8230;\u00bb <strong>L. Hoberg<\/strong><\/span><\/p>\n<p><span style=\"color: #000000;\"><strong>Jazzpodium CD Review<\/strong> \u00ab&#8230; Andreas Brunn es un guitarrista y compositor comprometido, un activo constructor de puentes y reconciliador, y especialmente aficionado al Este, Bulgaria nota bene. &#8230; \u00abPerpetuum five\u00bb se presenta como postbop electrificado, m\u00e1s \u00e1spero, m\u00e1s anguloso, m\u00e1s nervioso, m\u00e1s desagradable, m\u00e1s furioso, m\u00e1s jazz\u00edstico. Ah\u00ed es donde Karparov y Brunn se muestran especialmente vivos y llamativos. \u00ab<strong>Alexander Schmitz<\/strong><\/span><\/p>\n","protected":false},"excerpt":{"rendered":"<p>Jazzpodium en el nuevo CD 10-2023: \u00abEl mestizaje de la m\u00fasica folcl\u00f3rica magreb\u00ed y el jazz europeo ya lo intentaron hace diez a\u00f1os Joachim K\u00fchn&#8230;<\/p>\n","protected":false},"author":1,"featured_media":0,"parent":0,"menu_order":0,"comment_status":"open","ping_status":"open","template":"","meta":{"footnotes":""},"class_list":["post-5850","page","type-page","status-publish","hentry"],"_links":{"self":[{"href":"http:\/\/www.for-free-hands.de\/es\/wp-json\/wp\/v2\/pages\/5850","targetHints":{"allow":["GET"]}}],"collection":[{"href":"http:\/\/www.for-free-hands.de\/es\/wp-json\/wp\/v2\/pages"}],"about":[{"href":"http:\/\/www.for-free-hands.de\/es\/wp-json\/wp\/v2\/types\/page"}],"author":[{"embeddable":true,"href":"http:\/\/www.for-free-hands.de\/es\/wp-json\/wp\/v2\/users\/1"}],"replies":[{"embeddable":true,"href":"http:\/\/www.for-free-hands.de\/es\/wp-json\/wp\/v2\/comments?post=5850"}],"version-history":[{"count":7,"href":"http:\/\/www.for-free-hands.de\/es\/wp-json\/wp\/v2\/pages\/5850\/revisions"}],"predecessor-version":[{"id":6212,"href":"http:\/\/www.for-free-hands.de\/es\/wp-json\/wp\/v2\/pages\/5850\/revisions\/6212"}],"wp:attachment":[{"href":"http:\/\/www.for-free-hands.de\/es\/wp-json\/wp\/v2\/media?parent=5850"}],"curies":[{"name":"wp","href":"https:\/\/api.w.org\/{rel}","templated":true}]}}