{"id":3814,"date":"2018-02-13T07:58:06","date_gmt":"2018-02-13T05:58:06","guid":{"rendered":"http:\/\/www.for-free-hands.de\/?page_id=3814"},"modified":"2026-03-29T23:44:56","modified_gmt":"2026-03-29T21:44:56","slug":"pagina-principal-2","status":"publish","type":"page","link":"http:\/\/www.for-free-hands.de\/es\/","title":{"rendered":"P\u00e1gina principal"},"content":{"rendered":"<p><iframe loading=\"lazy\" style=\"border-radius: 12px;\" src=\"https:\/\/open.spotify.com\/embed\/artist\/5Jcidr3syhTX2AMA28PzJX?utm_source=generator\" width=\"100%\" height=\"352\" frameborder=\"0\" allowfullscreen=\"allowfullscreen\" data-mce-fragment=\"1\"><span data-mce-type=\"bookmark\" style=\"display: inline-block; width: 0px; overflow: hidden; line-height: 0;\" class=\"mce_SELRES_start\">\ufeff<\/span><\/iframe><\/p>\n<p><div class=\"one-four first\"><div class=\"box-blue\"><div class=\"box\"><h4 class=\"box-title\"><a href=\"http:\/\/www.for-free-hands.de\/ndr-play-jazz-paesentiert-die-neue-free-hands-cd\/\"><span style=\"color: #000080;\"><strong>FOR FREE HANDS<\/strong><\/span><\/a><\/h4><\/p>\n<p><a href=\"http:\/\/www.for-free-hands.de\/es\/ndr-play-jazz-presenta-el-nuevo-cd-de-for-free-hands\/\"><img loading=\"lazy\" decoding=\"async\" class=\"alignnone wp-image-3092\" src=\"http:\/\/www.for-free-hands.de\/wp-content\/uploads\/2013\/08\/Andreas-Akustik-2016-bw-681x1024.jpg\" alt=\"\" width=\"176\" height=\"264\" srcset=\"http:\/\/www.for-free-hands.de\/wp-content\/uploads\/2013\/08\/Andreas-Akustik-2016-bw-681x1024.jpg 681w, http:\/\/www.for-free-hands.de\/wp-content\/uploads\/2013\/08\/Andreas-Akustik-2016-bw-200x300.jpg 200w, http:\/\/www.for-free-hands.de\/wp-content\/uploads\/2013\/08\/Andreas-Akustik-2016-bw-768x1154.jpg 768w, http:\/\/www.for-free-hands.de\/wp-content\/uploads\/2013\/08\/Andreas-Akustik-2016-bw.jpg 1181w\" sizes=\"auto, (max-width: 176px) 100vw, 176px\" \/><\/a><\/p>\n<p><span style=\"color: #000000;\">Nuestro \u00e1lbum <strong>\u00abThe passing on of the fire\u00bb<\/strong>\u00a0de ser <strong>CD de la semana<\/strong> en <strong><a href=\"https:\/\/www.jazz-fun.de\/for-free-hands-feat-alaa-zouiten-the-passing-on-of-the-fire.html\" target=\"_blank\" rel=\"noopener\"><span style=\"color: #000080;\">jazz-fun.de<\/span><\/a><\/strong> &#8211; El renombrado portal de jazz afirma: \u00abEn un trabajo salpicado de material fresco, Andreas Brunn hace uso de un amplio arsenal instrumental. El resultado es un gran \u00e1lbum en la frontera entre el jazz y la fusi\u00f3n con excursiones jazz-rock. Me gustan los \u00e1giles solos del guitarrista en combinaci\u00f3n con el saxof\u00f3n, apoyado por el oud de Alaa Zouiten. Un gran \u00e1lbum, \u00a1estamos encantados!\u00bb.<\/span><\/p>\n<p><\/div><\/div><\/div><div class=\"one-four\"><div class=\"box-blue\"><div class=\"box\"><h4 class=\"box-title\"><a href=\"http:\/\/www.for-free-hands.de\/es\/1435-2\/\"><span style=\"color: #000080;\"><b>EL CUARTETO<\/b><\/span><\/a><\/h4><\/p>\n<p><a href=\"http:\/\/www.for-free-hands.de\/wp-content\/uploads\/2024\/03\/ManuelRoberto-Portrait-BW-3.jpg\"><img loading=\"lazy\" decoding=\"async\" class=\"alignnone wp-image-5946\" src=\"http:\/\/www.for-free-hands.de\/wp-content\/uploads\/2024\/03\/ManuelRoberto-Portrait-BW-3-207x300.jpg\" alt=\"\" width=\"193\" height=\"280\" srcset=\"http:\/\/www.for-free-hands.de\/wp-content\/uploads\/2024\/03\/ManuelRoberto-Portrait-BW-3-207x300.jpg 207w, http:\/\/www.for-free-hands.de\/wp-content\/uploads\/2024\/03\/ManuelRoberto-Portrait-BW-3-705x1024.jpg 705w, http:\/\/www.for-free-hands.de\/wp-content\/uploads\/2024\/03\/ManuelRoberto-Portrait-BW-3-768x1115.jpg 768w, http:\/\/www.for-free-hands.de\/wp-content\/uploads\/2024\/03\/ManuelRoberto-Portrait-BW-3.jpg 774w\" sizes=\"auto, (max-width: 193px) 100vw, 193px\" \/><\/a><\/p>\n<p><span style=\"color: #000000;\">Con <span style=\"color: #000080;\"><strong><a style=\"color: #000080;\" href=\"https:\/\/www.instagram.com\/manuelpodhostnik\/\">Manuel Podhostnik<\/a><\/strong><\/span> (SLO), <span style=\"color: #000080;\"><strong><a style=\"color: #000080;\" href=\"http:\/\/www.robertobadoglio.com\/\">Roberto Badoglio<\/a><\/strong><\/span> (I), <span style=\"color: #000080;\"><strong><a style=\"color: #000080;\" href=\"https:\/\/www.vladimirkarparov.com\/\">Vladimir Karparov<\/a><\/strong><\/span> (BG) y <strong><span style=\"color: #000080;\"><a style=\"color: #000080;\" href=\"https:\/\/www.akustik-art-kontakt.de\/andreas-brunn-presse\/\" target=\"_blank\" rel=\"noopener\">Andreas Brunn<\/a><\/span><\/strong>\u00a0(D), <strong><a href=\"http:\/\/www.for-free-hands.de\/kuenstler\/\" target=\"_blank\" rel=\"noopener\"><span style=\"color: #000080;\">FOR FREE HANDS<\/span><\/a> <\/strong>se percibe como parte de la comunidad internacional de jazz residente en Berl\u00edn. <strong><u><a href=\"http:\/\/www.alaazouiten.com\/\"><span style=\"color: #000080;\">Alaa Zouiten<\/span><\/a><\/u><\/strong> (MAR) es otro instrumentista muy interesante que representa a partes iguales las tradiciones musicales de Marruecos y los sonidos modernos del la\u00fad.<\/span><br \/>\n<span style=\"color: #000000;\"><span style=\"color: #000080;\"><strong>URBAN JAZZ &amp; WORLD FUSION<\/strong><\/span><\/span><\/p>\n<p><\/div><\/div><\/div><div class=\"one-four\"><div class=\"box-blue\"><div class=\"box\"><h4 class=\"box-title\"><a href=\"http:\/\/www.for-free-hands.de\/es\/mediateca\/cds\/kaleidoscope-freedom\/\"><span style=\"color: #000080;\"><b>GANADORES<\/b><\/span><\/a><\/h4><\/p>\n<p><a href=\"http:\/\/www.for-free-hands.de\/es\/mediateca\/cds\/kaleidoscope-freedom\/\"><img loading=\"lazy\" decoding=\"async\" class=\"alignnone wp-image-3115\" src=\"http:\/\/www.for-free-hands.de\/wp-content\/uploads\/2014\/06\/Vladimir-1-681x1024.jpg\" alt=\"\" width=\"185\" height=\"278\" srcset=\"http:\/\/www.for-free-hands.de\/wp-content\/uploads\/2014\/06\/Vladimir-1-681x1024.jpg 681w, http:\/\/www.for-free-hands.de\/wp-content\/uploads\/2014\/06\/Vladimir-1-200x300.jpg 200w, http:\/\/www.for-free-hands.de\/wp-content\/uploads\/2014\/06\/Vladimir-1-768x1154.jpg 768w\" sizes=\"auto, (max-width: 185px) 100vw, 185px\" \/><\/a><\/p>\n<p><span style=\"color: #000000;\"><span style=\"color: #000080;\"><strong><a style=\"color: #000080;\" href=\"http:\/\/www.for-free-hands.de\/es\/mediateca\/cds\/the-passing-on-of-the-fire\/\" target=\"_blank\" rel=\"noopener\">GANADOR DEL PREMIO<\/a><\/strong><\/span> de <strong>Jazz de Estudio otorgado<\/strong> por el <strong>Senado de Cultura de Berl\u00edn<\/strong>. Nuestro <strong>maravilloso CD \u00abThe passing on of the fire\u00bb<\/strong> fue publicado en Septiembre 2023 por nuestra compa\u00f1\u00eda discogr\u00e1fica <span style=\"color: #000080;\"><strong><a style=\"color: #000080;\" href=\"http:\/\/www.laika-records.com\/\" target=\"_blank\" rel=\"noopener\">LAIKA Records<\/a><\/strong><\/span>. En nuestra formaci\u00f3n actual tocan juntos <strong><span style=\"color: #000080;\"><a style=\"color: #000080;\" href=\"https:\/\/youtu.be\/iWRujlR3fkI\" target=\"_blank\" rel=\"noopener\">m\u00fasicos de 5 pa\u00edses<\/a><\/span><\/strong>: <strong>Berl\u00edn . Sof\u00eda . Roma . Ljubljana . Rabat.<\/strong><\/span><\/p>\n<p><\/div><\/div><\/div><div class=\"one-four last\"><div class=\"box-blue\"><div class=\"box\"><h4 class=\"box-title\"><span style=\"color: #000080;\"><strong>Pr\u00f3ximo concierto fecha:<\/strong><span style=\"color: #000000;\"><\/h4><\/span><\/span><\/p>\n<p><span style=\"color: #000080;\"><a style=\"color: #000080;\" href=\"https:\/\/www.akustik-art-kontakt.de\/masuda-brunn\/\" target=\"_blank\" rel=\"noopener\"><strong>Masuda &amp; Brunn<\/strong><\/a><\/span><br \/>\n<strong>@\u00a0<span style=\"color: #000080;\"><a style=\"color: #000080;\" href=\"https:\/\/www.cafe-tasso.de\/\">Caf\u00e9 Tasso<\/a><\/span><\/strong><br \/>\n<strong>Sa. 15.05.26 20:00<\/strong><br \/>\n<strong>Frankfurter Allee 11, 10247 Berlin<\/strong><\/p>\n<p><\/div><\/div><\/p>\n<div id=\"page\">\n<div id=\"page\">\n<div class=\"entry\">\n<div id=\"page\">\n<div id=\"page\">\n<div id=\"page\">\n<div>\n<p><\/div><div class=\"clear\"><\/div><\/p>\n<\/div>\n<\/div>\n<\/div>\n<\/div>\n<\/div>\n<\/div>\n<\/div>\n","protected":false},"excerpt":{"rendered":"<p>\ufeff<\/p>\n","protected":false},"author":1,"featured_media":0,"parent":0,"menu_order":0,"comment_status":"closed","ping_status":"closed","template":"","meta":{"footnotes":""},"class_list":["post-3814","page","type-page","status-publish","hentry"],"_links":{"self":[{"href":"http:\/\/www.for-free-hands.de\/es\/wp-json\/wp\/v2\/pages\/3814","targetHints":{"allow":["GET"]}}],"collection":[{"href":"http:\/\/www.for-free-hands.de\/es\/wp-json\/wp\/v2\/pages"}],"about":[{"href":"http:\/\/www.for-free-hands.de\/es\/wp-json\/wp\/v2\/types\/page"}],"author":[{"embeddable":true,"href":"http:\/\/www.for-free-hands.de\/es\/wp-json\/wp\/v2\/users\/1"}],"replies":[{"embeddable":true,"href":"http:\/\/www.for-free-hands.de\/es\/wp-json\/wp\/v2\/comments?post=3814"}],"version-history":[{"count":113,"href":"http:\/\/www.for-free-hands.de\/es\/wp-json\/wp\/v2\/pages\/3814\/revisions"}],"predecessor-version":[{"id":7781,"href":"http:\/\/www.for-free-hands.de\/es\/wp-json\/wp\/v2\/pages\/3814\/revisions\/7781"}],"wp:attachment":[{"href":"http:\/\/www.for-free-hands.de\/es\/wp-json\/wp\/v2\/media?parent=3814"}],"curies":[{"name":"wp","href":"https:\/\/api.w.org\/{rel}","templated":true}]}}