{"id":1642,"date":"2015-02-06T15:16:43","date_gmt":"2015-02-06T13:16:43","guid":{"rendered":"http:\/\/www.for-free-hands.de\/?page_id=1642"},"modified":"2025-04-25T12:36:15","modified_gmt":"2025-04-25T10:36:15","slug":"cds","status":"publish","type":"page","link":"http:\/\/www.for-free-hands.de\/es\/mediateca\/cds\/","title":{"rendered":"Discograf\u00eda"},"content":{"rendered":"<p><span style=\"color: #000000;\">Albert camus escribi\u00f3: <strong>\u201eNo hay libertad sin mutuo consentimiento\u201c <\/strong><\/span><span style=\"color: #000000;\">&#8230; para mi esta frase refleja extraordinariamente la interacci\u00f3n que se da en el jazz. Si nos entendemos entre nosotros de una mejor manera, todos es posible! Entonces, el camino est\u00e1 abierto para los m\u00fasicos de jazz para crear esos momentos incre\u00edbles de intensidad los cuales nos conducen al asombro de la calidad de la interacci\u00f3n colectiva.<\/span><\/p>\n<p><span style=\"color: #000000;\"><span style=\"color: #333333;\"><div class=\"one-four first\"><\/span><a style=\"color: #000000;\" href=\"http:\/\/www.for-free-hands.de\/wp-content\/uploads\/2023\/10\/FFH-Digipac-front.jpg\"><img loading=\"lazy\" decoding=\"async\" class=\"alignnone wp-image-5601 \" src=\"http:\/\/www.for-free-hands.de\/wp-content\/uploads\/2023\/10\/FFH-Digipac-front-300x257.jpg\" alt=\"\" width=\"225\" height=\"193\" srcset=\"http:\/\/www.for-free-hands.de\/wp-content\/uploads\/2023\/10\/FFH-Digipac-front-300x257.jpg 300w, http:\/\/www.for-free-hands.de\/wp-content\/uploads\/2023\/10\/FFH-Digipac-front.jpg 577w\" sizes=\"auto, (max-width: 225px) 100vw, 225px\" \/><\/a><strong>The passing on of the fire<\/strong><\/span><br \/>\n<span style=\"color: #000000;\"><span style=\"color: #333333;\"><\/div><div class=\"three-four last\"><\/span> Nuestro CD de FFH \u00abThe passing on of the fire\u00bb fue CD de la semana en <strong><a style=\"color: #000000;\" href=\"https:\/\/www.jazz-fun.de\/for-free-hands-feat-alaa-zouiten-the-passing-on-of-the-fire.html\" target=\"_blank\" rel=\"noopener\">jazz-fun.de<\/a><\/strong> a principios de octubre: \u00abEn un trabajo salpicado de material fresco, Andreas Brunn hace uso de un amplio arsenal instrumental. El resultado es un gran \u00e1lbum en la zona fronteriza entre el jazz y la fusi\u00f3n con excursiones jazz-rock. Me gustan los \u00e1giles solos del guitarrista en interacci\u00f3n con el saxof\u00f3n, apoyado por el oud de Alaa Zouiten. La apasionada bater\u00eda de Diego Pi\u00f1era tambi\u00e9n aporta energ\u00eda y agilidad. Un gran \u00e1lbum, \u00a1estamos encantados!\u00bb<\/span><\/p>\n<p><span style=\"color: #000000;\"><a href=\"http:\/\/www.for-free-hands.de\/es\/mediateca\/cds\/the-passing-on-of-the-fire\/\" class=\"button-small\" style=\"background-color:#1392d4;color:#ffffff;\" target=\"_self\"><span>M\u00e1s informaci\u00f3n<\/span><\/a><\/span><\/p>\n<p><span style=\"color: #333333;\"><\/div><\/span><br \/>\n<span style=\"color: #333333;\"><div class=\"clear\"><\/div><\/span><\/p>\n<p><span style=\"color: #333333;\"><div class=\"one-four first\"><\/span><a href=\"http:\/\/www.for-free-hands.de\/relaunch\/wp-content\/uploads\/2014\/06\/Laika-FFH-CD-Cover_RGB.jpg\"><img loading=\"lazy\" decoding=\"async\" class=\"alignnone wp-image-790\" src=\"http:\/\/www.for-free-hands.de\/relaunch\/wp-content\/uploads\/2014\/06\/Laika-FFH-CD-Cover_RGB.jpg\" alt=\"Laika-FFH-CD-Cover_RGB\" width=\"229\" height=\"208\" srcset=\"http:\/\/www.for-free-hands.de\/wp-content\/uploads\/2014\/06\/Laika-FFH-CD-Cover_RGB.jpg 816w, http:\/\/www.for-free-hands.de\/wp-content\/uploads\/2014\/06\/Laika-FFH-CD-Cover_RGB-300x271.jpg 300w\" sizes=\"auto, (max-width: 229px) 100vw, 229px\" \/><\/a><span style=\"color: #000000;\"><strong>Kaleidoscope Freedom<\/strong><\/span><\/p>\n<p><span style=\"color: #333333;\"><\/div><div class=\"three-four last\"><b>\u00a0\u00a0<\/b><\/span><\/p>\n<p><span style=\"color: #000000;\"><strong>JAZZ thing &#8211; Cr\u00edtica del CD<\/strong> : \u00bb &#8230; Los que saben contar est\u00e1n claramente en ventaja, y las fracciones tampoco hacen da\u00f1o. 5\/8, 7\/8 &amp; 13\/16 es el tejido r\u00edtmico que teje el cuarteto multicultural berlin\u00e9s For Free Hands, y est\u00e1 repleto de giros sorprendentes &#8230; Pero lo decisivo es la exuberante alegr\u00eda de tocar y la evidente seguridad con la que el cuarteto aborda las distintas facetas del jazz electrificado y las carga de energ\u00eda. &#8230;\u00bb <strong>Stephan Hentz. (2015)<\/strong><\/span><\/p>\n<p><\/div><br \/>\n<span style=\"color: #000000;\"><div class=\"clear\"><\/div><\/span><\/p>\n<p><span style=\"color: #000000;\"><div class=\"one-four first\"><\/span>\u00a0<span style=\"color: #000000;\"><a href=\"http:\/\/www.for-free-hands.de\/wp-content\/uploads\/2013\/08\/Transversal.jpg\"><img loading=\"lazy\" decoding=\"async\" class=\"alignnone wp-image-4040\" src=\"http:\/\/www.for-free-hands.de\/wp-content\/uploads\/2013\/08\/Transversal-300x274.jpg\" alt=\"\" width=\"207\" height=\"189\" srcset=\"http:\/\/www.for-free-hands.de\/wp-content\/uploads\/2013\/08\/Transversal-300x274.jpg 300w, http:\/\/www.for-free-hands.de\/wp-content\/uploads\/2013\/08\/Transversal.jpg 396w\" sizes=\"auto, (max-width: 207px) 100vw, 207px\" \/><\/a>\u00a0<\/span><span style=\"color: #000000;\"><b>Transversal<\/b><\/span><\/p>\n<p><span style=\"color: #000000;\"><\/div><div class=\"three-four last\"> \u00a0<span style=\"line-height: 1.5;\"><strong>\u00abFOR FREE HANDS \u2013 TRANSVERSAL:<\/strong> \u2026 Andreas Brunn se mueve constantemente entre fronteras de estilos musicales -entre avantgarde jazz, balkan folk, rock, pop, y cl\u00e1sica, mayormente tocada en la guitarra de 7 cuerdas, aunque tambi\u00e9n en la el\u00e9ctrica, con el objetivo de usar la mayor cantidad de influencias posibles. \u00a0Todos los m\u00fasicos de FFH son expertos absolutos del ritmo, s\u00f3lo basta con escuchar \u201cMagic Friday\u201d (relacionado con el Viernes 13) y se puede apreciar como la guitarra describe metaforicamente \u2018transversal\u2019 \u00a0en las barras 13\/16. <\/span><\/span><\/p>\n<p><span style=\"color: #000000; line-height: 1.5;\">La influencia balcana \u00a0se puede sentir practicamente siempre y es mucho m\u00e1s fascinante \u00a0dentro de la mezcla. \u00a0Aqui es donde se encuentra la clave de la m\u00fasica de FFH: \u00a0est\u00e1n determinados en mantener las ra\u00edces del jazz moderno mientras que al mismo tiempo experimientan con el jazz libre de una manera entretenida pero a su vez seria. <strong>\u00a0(Alexander Schmitz, Jazzpodium 05\/2007)<\/strong><\/span><\/p>\n<p><\/div><br \/>\n<div class=\"clear\"><\/div><\/p>\n<p><div class=\"one-four first\"><img loading=\"lazy\" decoding=\"async\" class=\"alignnone size-full wp-image-392\" src=\"http:\/\/www.for-free-hands.de\/relaunch\/wp-content\/uploads\/2013\/08\/cd2.jpg\" alt=\"cd2\" width=\"198\" height=\"198\" srcset=\"http:\/\/www.for-free-hands.de\/wp-content\/uploads\/2013\/08\/cd2.jpg 198w, http:\/\/www.for-free-hands.de\/wp-content\/uploads\/2013\/08\/cd2-150x150.jpg 150w, http:\/\/www.for-free-hands.de\/wp-content\/uploads\/2013\/08\/cd2-80x80.jpg 80w\" sizes=\"auto, (max-width: 198px) 100vw, 198px\" \/><span style=\"color: #000000;\"><b>Eastern Moods<\/b><\/span><br \/>\n<\/div><div class=\"three-four last\"><span style=\"color: #000000;\">\u00a0 \u201cPara aquellos que intentan asociar el t\u00edtulo \u00a0\u2018Eastern Moods\u2019 con los derviches bailables, a primera vista, los r\u00edtmos \u00abpesados\u00bb pero a su vez l\u00edricos de la apertura, que continuan por minutos para explotar al final en ritmos maravillosos, como fuegos artificiales, resultan una gran sorpresa.\u00a0<\/span><span style=\"color: #000000;\">En el segundo tema, compuesto por el baterista Maurice de Martin, la m\u00fasica no muestra ning\u00fan signo fren\u00e9tico y evita usar estereot\u00edpicos de m\u00fasica balc\u00e1nica.<\/span><span style=\"color: #000000;\">En la canci\u00f3n \u201cDracula\u2019s Breakfast\u201d, Fusion Jazz se encuentra con ritmos del este, una uni\u00f3n maravillosa, donde posiblemente se alcanzen, en algunas partes, \u00a0los l\u00edmites del sentido de harmon\u00eda de \u00a0algunos oyentes occidentales.<\/span><br \/>\n<span style=\"color: #000000;\"> En el tema siguiente, Brunn y compa\u00f1\u00eda dirigen su atenci\u00f3n a una composici\u00f3n de McLaughin, para solamente sumergirse al final r\u00edtmos traditionales de la m\u00fasica b\u00falgara \u2026\u00a0<\/span><span style=\"color: #000000;\">eguramente \u00a0a nadie se le ocurrir\u00eda referirse a las \u00a0canciones presentes en este CD \u00a0como \u201cf\u00e1cil de digerir\u201d, pero el austero encanto que ellas emanan, la gran variedad de ideas y estructuras que exiben y la remarcable capacidad de los m\u00fasicos (apreciable durante todo el trabajo), asegura que esta fusi\u00f3n musical continuar\u00e1 siendo actual durante much\u00edsimo tiempo. <strong>(AKUSTIK Gitarre 8\/2001<\/strong>,<strong> Michael Lohr)<\/strong><\/span><\/p>\n<p><\/div><br \/>\n<div class=\"clear\"><\/div><\/p>\n<p><div class=\"one-four first\">\u00a0<span style=\"color: #000000;\"><a href=\"http:\/\/www.for-free-hands.de\/wp-content\/uploads\/2018\/03\/Two-Faces.jpg\"><img loading=\"lazy\" decoding=\"async\" class=\"alignnone wp-image-4046\" src=\"http:\/\/www.for-free-hands.de\/wp-content\/uploads\/2018\/03\/Two-Faces-300x300.jpg\" alt=\"\" width=\"201\" height=\"201\" srcset=\"http:\/\/www.for-free-hands.de\/wp-content\/uploads\/2018\/03\/Two-Faces-300x300.jpg 300w, http:\/\/www.for-free-hands.de\/wp-content\/uploads\/2018\/03\/Two-Faces-150x150.jpg 150w, http:\/\/www.for-free-hands.de\/wp-content\/uploads\/2018\/03\/Two-Faces-768x768.jpg 768w, http:\/\/www.for-free-hands.de\/wp-content\/uploads\/2018\/03\/Two-Faces-1024x1024.jpg 1024w, http:\/\/www.for-free-hands.de\/wp-content\/uploads\/2018\/03\/Two-Faces-80x80.jpg 80w, http:\/\/www.for-free-hands.de\/wp-content\/uploads\/2018\/03\/Two-Faces.jpg 1416w\" sizes=\"auto, (max-width: 201px) 100vw, 201px\" \/><\/a>\u00a0<\/span><b style=\"color: #000000;\">Two Faces<\/b><\/p>\n<p><\/div><div class=\"three-four last\"> \u00a0<span style=\"color: #000000;\">\u201cEl secreto de esta obra es que \u00a0Hartmann y Brunn (sumado el baterista Ned Irving) son un grupo de muchachos que realmente se han descubierto mutuamente. Su m\u00fasica se inmiscuye en cada rinc\u00f3n y a pesar de su complejidad, es realmente entetenido escucharla. De la fusi\u00f3n compartiment.\u00a0<\/span><\/p>\n<p><span style=\"color: #000000;\">El \u00bb duo maravilla\u00bb \u00a0asombra desde la fusi\u00f3n compartimentada de la apertura hasta los logros alcanzados en los juegos de balances. Entre su moderna disonancia y \u00a0sus \u00abearthy groves\u00bb \u00a0(\u201cDraculas Breakfast\u201d) y \u00e9xitos como \u201cGypsy Miles\u201d han logrado construir puentes mezclados con Ska, m\u00fasica gitana, y por supuesto, Miles Davies. Con un poco de iron\u00eda en su estilo, estos muchachos pueden terminar de lograr un milagro.\u201d<strong>(AKUSTIK Gitarre 4\/1999)<\/strong><\/span><\/p>\n<p><\/div><br \/>\n<div class=\"clear\"><\/div><\/p>\n","protected":false},"excerpt":{"rendered":"<p>Albert camus escribi\u00f3: \u201eNo hay libertad sin mutuo consentimiento\u201c &#8230; para mi esta frase refleja extraordinariamente la interacci\u00f3n que se da en el jazz. Si&#8230;<\/p>\n","protected":false},"author":1,"featured_media":0,"parent":981,"menu_order":0,"comment_status":"open","ping_status":"open","template":"","meta":{"footnotes":""},"class_list":["post-1642","page","type-page","status-publish","hentry"],"_links":{"self":[{"href":"http:\/\/www.for-free-hands.de\/es\/wp-json\/wp\/v2\/pages\/1642","targetHints":{"allow":["GET"]}}],"collection":[{"href":"http:\/\/www.for-free-hands.de\/es\/wp-json\/wp\/v2\/pages"}],"about":[{"href":"http:\/\/www.for-free-hands.de\/es\/wp-json\/wp\/v2\/types\/page"}],"author":[{"embeddable":true,"href":"http:\/\/www.for-free-hands.de\/es\/wp-json\/wp\/v2\/users\/1"}],"replies":[{"embeddable":true,"href":"http:\/\/www.for-free-hands.de\/es\/wp-json\/wp\/v2\/comments?post=1642"}],"version-history":[{"count":72,"href":"http:\/\/www.for-free-hands.de\/es\/wp-json\/wp\/v2\/pages\/1642\/revisions"}],"predecessor-version":[{"id":7681,"href":"http:\/\/www.for-free-hands.de\/es\/wp-json\/wp\/v2\/pages\/1642\/revisions\/7681"}],"up":[{"embeddable":true,"href":"http:\/\/www.for-free-hands.de\/es\/wp-json\/wp\/v2\/pages\/981"}],"wp:attachment":[{"href":"http:\/\/www.for-free-hands.de\/es\/wp-json\/wp\/v2\/media?parent=1642"}],"curies":[{"name":"wp","href":"https:\/\/api.w.org\/{rel}","templated":true}]}}