{"id":1465,"date":"2015-02-04T14:26:29","date_gmt":"2015-02-04T12:26:29","guid":{"rendered":"http:\/\/www.for-free-hands.de\/?page_id=1465"},"modified":"2024-04-02T11:58:51","modified_gmt":"2024-04-02T09:58:51","slug":"vladimir-karparov","status":"publish","type":"page","link":"http:\/\/www.for-free-hands.de\/es\/conjunto\/vladimir-karparov\/","title":{"rendered":"Vladimir Karparov"},"content":{"rendered":"<h1><span style=\"color: #000000;\">Vladimir Karparov<\/span><\/h1>\n<p><span style=\"color: #000000;\"><div class=\"two-three first\"><\/span><\/p>\n<p><span style=\"color: #000000;\">Comenz\u00f3 a estudiar jazz en la Academia de M\u00fasica y Teatro de Hamburgo en 1999. En 2002 se traslad\u00f3 a la capital alemana para continuar su formaci\u00f3n en la Universidad \u201cHanns Eisler\u201d gradu\u00e1ndose en 2005 en saxof\u00f3n y pedagog\u00eda.<\/span><\/p>\n<p style=\"text-align: left;\"><span style=\"color: #000000;\">La participaci\u00f3n en diversos eventos y festivales as\u00ed como numerosos conciertos y concursos en Europa, Asia y Am\u00e9rica Latina completan la imagen de este m\u00fasico vers\u00e1til: ha actuado con Theodosii Spassov, Jiggs Whigham, Gerard Presencer, Ivo Papasov, Kenny Wheeler, Okay Temiz, John Hollenbeck, Gebhard Ullmann, Peter Herbolzheimer, Martin Lubenov y Stoyan Yankoulov,\u00a0entre otros.<\/span><\/p>\n<p><span style=\"color: #000000;\"><\/div><\/span><br \/>\n<span style=\"color: #000000;\"> <div class=\"one-three last\"><div class=\"gallery-wrap\" ><\/span><br \/>\n<span style=\"color: #000000;\"> <\/span><br \/>\n<span style=\"color: #000000;\"> <\/span><br \/>\n<span style=\"color: #000000;\"> <\/span><br \/>\n<span style=\"color: #000000;\"> <div class=\"clear\"><\/div><\/div><div class=\"clear\"><\/div><\/span><br \/>\n<span style=\"color: #000000;\"> <\/div><\/span><\/p>\n<p><span style=\"color: #000000;\"><div class=\"clear\"><\/div><\/span><\/p>\n","protected":false},"excerpt":{"rendered":"<p>Vladimir Karparov<\/p>\n","protected":false},"author":1,"featured_media":0,"parent":1435,"menu_order":0,"comment_status":"open","ping_status":"open","template":"","meta":{"footnotes":""},"class_list":["post-1465","page","type-page","status-publish","hentry"],"_links":{"self":[{"href":"http:\/\/www.for-free-hands.de\/es\/wp-json\/wp\/v2\/pages\/1465","targetHints":{"allow":["GET"]}}],"collection":[{"href":"http:\/\/www.for-free-hands.de\/es\/wp-json\/wp\/v2\/pages"}],"about":[{"href":"http:\/\/www.for-free-hands.de\/es\/wp-json\/wp\/v2\/types\/page"}],"author":[{"embeddable":true,"href":"http:\/\/www.for-free-hands.de\/es\/wp-json\/wp\/v2\/users\/1"}],"replies":[{"embeddable":true,"href":"http:\/\/www.for-free-hands.de\/es\/wp-json\/wp\/v2\/comments?post=1465"}],"version-history":[{"count":20,"href":"http:\/\/www.for-free-hands.de\/es\/wp-json\/wp\/v2\/pages\/1465\/revisions"}],"predecessor-version":[{"id":6094,"href":"http:\/\/www.for-free-hands.de\/es\/wp-json\/wp\/v2\/pages\/1465\/revisions\/6094"}],"up":[{"embeddable":true,"href":"http:\/\/www.for-free-hands.de\/es\/wp-json\/wp\/v2\/pages\/1435"}],"wp:attachment":[{"href":"http:\/\/www.for-free-hands.de\/es\/wp-json\/wp\/v2\/media?parent=1465"}],"curies":[{"name":"wp","href":"https:\/\/api.w.org\/{rel}","templated":true}]}}