{"id":1462,"date":"2015-02-04T14:19:40","date_gmt":"2015-02-04T12:19:40","guid":{"rendered":"http:\/\/www.for-free-hands.de\/?page_id=1462"},"modified":"2024-04-02T11:41:46","modified_gmt":"2024-04-02T09:41:46","slug":"roberto-badoglio","status":"publish","type":"page","link":"http:\/\/www.for-free-hands.de\/es\/conjunto\/roberto-badoglio\/","title":{"rendered":"Roberto Badoglio"},"content":{"rendered":"<h1><span style=\"color: #000000;\">Roberto Badoglio<\/span><\/h1>\n<div class=\"two-three first\">\n<p><span style=\"color: #000000;\">Roberto naci\u00f3 en 1984 y comenz\u00f3 a tocar el bajo despu\u00e9s de haber concluido con un periodo de estudios de piano. Cuando ten\u00eda 16 a\u00f1os tom\u00f3 clases particulares en Francia con\u00a0Dominique Di Piazza y posteriormente en Nueva York con Mathew Garrison y\u00a0Skuli Sverrisson. Durante el 2002 y el 2006 atendi\u00f3 a \u00abBerklee College of Music\u00bb en Boston donde tuvo la oportunidad de estudiar en privado con el trombonista Hal Crook. Adem\u00e1s pudo formar parte del ensamble de la destacada pianista Joanne Brackeen. Durante sus estudios en Boston, Badoglio public\u00f3 su primer \u00e1lbum con la banda de fusi\u00f3n\u00a0\u201cOddFlow\u00bb.<\/span><\/p>\n<p><span style=\"color: #000000;\">Despu\u00e9s de Berklee se mud\u00f3 a la ciudad de Nueva York donde se uni\u00f3 a la banda de la cantante de pop Adama. Continu\u00f3 debutando en la ciudad y tambi\u00e9n estuvo de gira con muchos de los grandes m\u00fasicos de la escena art\u00edstica en Nueva York, como\u00a0Louis Cato, Marko Djordjevic, Brad and Eliot Mason, Hara Garacci entre otros. Durante este tiempo grab\u00f3 su primer \u00e1lbum como solista\u00a0\u201cRe-Evaluation Time\u201d y lo sac\u00f3 al p\u00fablico en el 2010.<\/span><\/p>\n<p><span style=\"color: #000000;\">Actualmente, Roberto reside en Berl\u00edn donde lidera la agrupaci\u00f3n musical de car\u00e1cter internacional \u00abBeyond Turbines\u00bb junto con\u00a0Bj\u00f6ssi Kl\u00fctsch en la guitarra y con Steve Hunt en la bater\u00eda. En noviembre del 2015 debutaron con su primer \u00e1lbum titulado \u00abBeyond Turbines\u00bb. \u00c9ste fue sucedido en el 2017 por el segundo \u00e1lbum de Roberto como solista, \u00abLapse of Worry\u00bb.<\/span><\/p>\n<p><span style=\"color: #000000;\">Por el momento el bajista est\u00e1 involucrado en varios proyectos como el de\u00a0\u201cThe Silent Jazz Ensemble\u201d y adem\u00e1s toca seguido con la banda del saxofonista\u00a0Reiner Hess \u201cRaumshiff jazz\u201d. Tambi\u00e9n ha estado trabajando con el \u00abElectronic\/Funk-Project Nu Guinea\u00bb.<\/span><\/p>\n<p><span style=\"color: #000000;\">El sonido del bajo de Roberto es \u00fanico puesto que su t\u00e9cnica a cuatro dedos es una mezcla de las ense\u00f1anzas que obtuvo de Dominique\u00a0Di Piazza, Matthew Garrison and Gary Willis.<\/span><\/p>\n<p><\/div><br \/>\n<div class=\"one-three last\"><div class=\"gallery-wrap\" ><br \/>\n<br \/>\n<br \/>\n<br \/>\n<div class=\"clear\"><\/div><\/div><div class=\"clear\"><\/div><br \/>\n<\/div><\/p>\n<div class=\"clear\"><\/div>\n","protected":false},"excerpt":{"rendered":"<p>Roberto Badoglio<\/p>\n","protected":false},"author":1,"featured_media":0,"parent":1435,"menu_order":0,"comment_status":"open","ping_status":"open","template":"","meta":{"footnotes":""},"class_list":["post-1462","page","type-page","status-publish","hentry"],"_links":{"self":[{"href":"http:\/\/www.for-free-hands.de\/es\/wp-json\/wp\/v2\/pages\/1462","targetHints":{"allow":["GET"]}}],"collection":[{"href":"http:\/\/www.for-free-hands.de\/es\/wp-json\/wp\/v2\/pages"}],"about":[{"href":"http:\/\/www.for-free-hands.de\/es\/wp-json\/wp\/v2\/types\/page"}],"author":[{"embeddable":true,"href":"http:\/\/www.for-free-hands.de\/es\/wp-json\/wp\/v2\/users\/1"}],"replies":[{"embeddable":true,"href":"http:\/\/www.for-free-hands.de\/es\/wp-json\/wp\/v2\/comments?post=1462"}],"version-history":[{"count":10,"href":"http:\/\/www.for-free-hands.de\/es\/wp-json\/wp\/v2\/pages\/1462\/revisions"}],"predecessor-version":[{"id":6073,"href":"http:\/\/www.for-free-hands.de\/es\/wp-json\/wp\/v2\/pages\/1462\/revisions\/6073"}],"up":[{"embeddable":true,"href":"http:\/\/www.for-free-hands.de\/es\/wp-json\/wp\/v2\/pages\/1435"}],"wp:attachment":[{"href":"http:\/\/www.for-free-hands.de\/es\/wp-json\/wp\/v2\/media?parent=1462"}],"curies":[{"name":"wp","href":"https:\/\/api.w.org\/{rel}","templated":true}]}}