{"id":1458,"date":"2015-02-04T14:00:54","date_gmt":"2015-02-04T12:00:54","guid":{"rendered":"http:\/\/www.for-free-hands.de\/?page_id=1458"},"modified":"2024-04-02T11:59:50","modified_gmt":"2024-04-02T09:59:50","slug":"manuel-podhostnik","status":"publish","type":"page","link":"http:\/\/www.for-free-hands.de\/es\/conjunto\/manuel-podhostnik\/","title":{"rendered":"Manuel Podhostnik"},"content":{"rendered":"<h1><span style=\"color: #000000;\">Manuel Podhostnik<\/span><\/h1>\n<div class=\"two-three first\">\n<p><span style=\"color: #000000;\">Manuel Podhostnik, nacido en Eslovenia, es un artista cuya trayectoria musical est\u00e1 fuertemente influenciada por sus ra\u00edces. Se inspira en la rica diversidad cultural de los Balcanes. Esta conexi\u00f3n regional es evidente en su m\u00fasica, en la que integra elementos y sonidos de la diversa tradici\u00f3n musical de los Balcanes. La expresi\u00f3n art\u00edstica de Manuel Podhostnik est\u00e1 fuertemente influida por la naturaleza del jazz en su forma esencial. Esta orientaci\u00f3n le permite expresarse aut\u00e9nticamente como artista. Su trabajo se caracteriza por la exploraci\u00f3n, el desarrollo y el cruce de l\u00edmites mentales en la bater\u00eda.<\/span><\/p>\n<p><span style=\"color: #000000;\">Adem\u00e1s de su trabajo en solitario, Manuel Podhostnik ha colaborado con una impresionante lista de artistas internacionales, como Doug Hammond, Tim Lefebvre, Marko Crncec, Jure Punk, Tadej Kampl, Roberto Badoglio y muchos otros. Esta colaboraci\u00f3n indica una amplia gama de influencias creativas y demuestra su capacidad para interactuar con \u00e9xito con diferentes estilos musicales y artistas.<\/span><\/p>\n<p><span style=\"color: #000000;\">Manuel Podhostnik tambi\u00e9n trabaja en el campo del dise\u00f1o sonoro para medios de comunicaci\u00f3n. Esta polifac\u00e9tica actividad ilustra su versatilidad y su compromiso con distintos \u00e1mbitos de la producci\u00f3n musical.<\/span><\/p>\n<p><span style=\"color: #000000;\">Adem\u00e1s de estas actividades, Manuel Podhostnik tambi\u00e9n ha publicado un CD en solitario titulado \u00abCuriosity\u00bb, que subraya a\u00fan m\u00e1s su amplio espectro como m\u00fasico.<\/span><\/p>\n<p><\/div><br \/>\n<div class=\"one-three last\"><div class=\"gallery-wrap\" ><br \/>\n<br \/>\n<br \/>\n<br \/>\n<div class=\"clear\"><\/div><\/div><div class=\"clear\"><\/div><br \/>\n<\/div><\/p>\n<div class=\"clear\"><\/div>\n","protected":false},"excerpt":{"rendered":"<p>Manuel Podhostnik<\/p>\n","protected":false},"author":1,"featured_media":0,"parent":1435,"menu_order":0,"comment_status":"open","ping_status":"open","template":"","meta":{"footnotes":""},"class_list":["post-1458","page","type-page","status-publish","hentry"],"_links":{"self":[{"href":"http:\/\/www.for-free-hands.de\/es\/wp-json\/wp\/v2\/pages\/1458","targetHints":{"allow":["GET"]}}],"collection":[{"href":"http:\/\/www.for-free-hands.de\/es\/wp-json\/wp\/v2\/pages"}],"about":[{"href":"http:\/\/www.for-free-hands.de\/es\/wp-json\/wp\/v2\/types\/page"}],"author":[{"embeddable":true,"href":"http:\/\/www.for-free-hands.de\/es\/wp-json\/wp\/v2\/users\/1"}],"replies":[{"embeddable":true,"href":"http:\/\/www.for-free-hands.de\/es\/wp-json\/wp\/v2\/comments?post=1458"}],"version-history":[{"count":24,"href":"http:\/\/www.for-free-hands.de\/es\/wp-json\/wp\/v2\/pages\/1458\/revisions"}],"predecessor-version":[{"id":6036,"href":"http:\/\/www.for-free-hands.de\/es\/wp-json\/wp\/v2\/pages\/1458\/revisions\/6036"}],"up":[{"embeddable":true,"href":"http:\/\/www.for-free-hands.de\/es\/wp-json\/wp\/v2\/pages\/1435"}],"wp:attachment":[{"href":"http:\/\/www.for-free-hands.de\/es\/wp-json\/wp\/v2\/media?parent=1458"}],"curies":[{"name":"wp","href":"https:\/\/api.w.org\/{rel}","templated":true}]}}