{"id":1443,"date":"2015-02-04T13:17:15","date_gmt":"2015-02-04T11:17:15","guid":{"rendered":"http:\/\/www.for-free-hands.de\/?page_id=1443"},"modified":"2024-04-02T11:56:53","modified_gmt":"2024-04-02T09:56:53","slug":"andreas-brunn-2-2","status":"publish","type":"page","link":"http:\/\/www.for-free-hands.de\/es\/conjunto\/andreas-brunn-2-2\/","title":{"rendered":"Andreas Brunn"},"content":{"rendered":"<h1>Andreas Brunn<\/h1>\n<p><span style=\"color: #000000;\"><div class=\"two-three first\"><\/span><\/p>\n<p><span style=\"color: #000000;\">Estudi\u00f3 guitarra y teor\u00eda musical en la conocida Universidad de Franz Liszt en Weimar, capital cultural de Europa, en Th\u00fcringen, Alemania. Su composici\u00f3n\u00bbTwo Faces\u00bb(\u00abDos Caras\u00bb) gan\u00f3 el primer premio en el concurso nacional de Guitarra Open Strings organizado porla revista Akustik Gitarre .<\/span><\/p>\n<p><span style=\"color: #000000;\">Ha ofrecido conciertos en diversos festivales europeos y asi\u00e1ticos, y tocado con m\u00fasicos de la talla de Uli Bartel, Mack Goldsbury, Ralf Siedhoff, Ferenc Snetberger, Stojan Yankoulov, Ateshan Husseinov y Petri Hakala, entre otros. Tanto en el 2003 como en el 2008, recibi\u00f3 becas de estudios para estudiar en Bulgaria y en Finlandia respectivamente (ambas concedidas por el Departamento de Ciencia, Investigaci\u00f3n y Cultura de Berlin).<\/span><\/p>\n<p><span style=\"color: #000000;\"><\/div><\/span><br \/>\n<span style=\"color: #000000;\"> <div class=\"one-three last\"><div class=\"gallery-wrap\" ><\/span><br \/>\n<span style=\"color: #000000;\"> <\/span><br \/>\n<span style=\"color: #000000;\"> <\/span><br \/>\n<span style=\"color: #000000;\"> <\/span><br \/>\n<span style=\"color: #000000;\"> <div class=\"clear\"><\/div><\/div><div class=\"clear\"><\/div><\/span><br \/>\n<span style=\"color: #000000;\"> <\/div><\/span><\/p>\n<p><span style=\"color: #000000;\"><div class=\"clear\"><\/div><\/span><\/p>\n","protected":false},"excerpt":{"rendered":"<p>Andreas Brunn<\/p>\n","protected":false},"author":1,"featured_media":0,"parent":1435,"menu_order":0,"comment_status":"open","ping_status":"open","template":"","meta":{"footnotes":""},"class_list":["post-1443","page","type-page","status-publish","hentry"],"_links":{"self":[{"href":"http:\/\/www.for-free-hands.de\/es\/wp-json\/wp\/v2\/pages\/1443","targetHints":{"allow":["GET"]}}],"collection":[{"href":"http:\/\/www.for-free-hands.de\/es\/wp-json\/wp\/v2\/pages"}],"about":[{"href":"http:\/\/www.for-free-hands.de\/es\/wp-json\/wp\/v2\/types\/page"}],"author":[{"embeddable":true,"href":"http:\/\/www.for-free-hands.de\/es\/wp-json\/wp\/v2\/users\/1"}],"replies":[{"embeddable":true,"href":"http:\/\/www.for-free-hands.de\/es\/wp-json\/wp\/v2\/comments?post=1443"}],"version-history":[{"count":15,"href":"http:\/\/www.for-free-hands.de\/es\/wp-json\/wp\/v2\/pages\/1443\/revisions"}],"predecessor-version":[{"id":6092,"href":"http:\/\/www.for-free-hands.de\/es\/wp-json\/wp\/v2\/pages\/1443\/revisions\/6092"}],"up":[{"embeddable":true,"href":"http:\/\/www.for-free-hands.de\/es\/wp-json\/wp\/v2\/pages\/1435"}],"wp:attachment":[{"href":"http:\/\/www.for-free-hands.de\/es\/wp-json\/wp\/v2\/media?parent=1443"}],"curies":[{"name":"wp","href":"https:\/\/api.w.org\/{rel}","templated":true}]}}