{"id":1435,"date":"2015-02-04T12:33:40","date_gmt":"2015-02-04T10:33:40","guid":{"rendered":"http:\/\/www.for-free-hands.de\/?page_id=1435"},"modified":"2024-04-02T12:02:40","modified_gmt":"2024-04-02T10:02:40","slug":"conjunto","status":"publish","type":"page","link":"http:\/\/www.for-free-hands.de\/es\/conjunto\/","title":{"rendered":"El Cuarteto"},"content":{"rendered":"<div class=\"one-four first\"><\/p>\n<h4><a href=\"http:\/\/www.for-free-hands.de\/relaunch\/andreas-brunn\/\"><img loading=\"lazy\" decoding=\"async\" class=\"alignnone wp-image-3092\" src=\"http:\/\/www.for-free-hands.de\/wp-content\/uploads\/2013\/08\/Andreas-Akustik-2016-bw-681x1024.jpg\" alt=\"\" width=\"233\" height=\"350\" srcset=\"http:\/\/www.for-free-hands.de\/wp-content\/uploads\/2013\/08\/Andreas-Akustik-2016-bw-681x1024.jpg 681w, http:\/\/www.for-free-hands.de\/wp-content\/uploads\/2013\/08\/Andreas-Akustik-2016-bw-200x300.jpg 200w, http:\/\/www.for-free-hands.de\/wp-content\/uploads\/2013\/08\/Andreas-Akustik-2016-bw-768x1154.jpg 768w, http:\/\/www.for-free-hands.de\/wp-content\/uploads\/2013\/08\/Andreas-Akustik-2016-bw.jpg 1181w\" sizes=\"auto, (max-width: 233px) 100vw, 233px\" \/><\/a><\/h4>\n<h4><strong><span style=\"color: #000000;\"><a style=\"color: #000000;\" title=\"Andreas Brunn\" href=\"http:\/\/www.for-free-hands.de\/es\/conjunto\/andreas-brunn-2-2\/\">Andreas Brunn<\/a><\/span><\/strong><\/h4>\n<p><span style=\"color: #000000;\">Estudi\u00f3 guitarra y teor\u00eda musical en la Academia de M\u00fasica Franz Liszt de Weimar. Gana el 1er premio del concurso de composici\u00f3n para guitarra Open Strings, organizado por la revista especializada Akustik Gitarre, con su composici\u00f3n Two Faces.\u00a0<\/span><\/p>\n<p><a href=\"http:\/\/www.for-free-hands.de\/es\/conjunto\/andreas-brunn-2-2\/?p=1443\" class=\"button-small\" style=\"background-color:#1392d4;color:#ffffff;\" target=\"_self\"><span>M\u00e1s informaci\u00f3n<\/span><\/a><\/p>\n<p><\/div>\n<div class=\"one-four\"><\/p>\n<p><a href=\"http:\/\/www.for-free-hands.de\/relaunch\/vladimir-karparov\/\"><img loading=\"lazy\" decoding=\"async\" class=\"alignnone wp-image-3115\" src=\"http:\/\/www.for-free-hands.de\/wp-content\/uploads\/2014\/06\/Vladimir-1-681x1024.jpg\" alt=\"\" width=\"232\" height=\"349\" srcset=\"http:\/\/www.for-free-hands.de\/wp-content\/uploads\/2014\/06\/Vladimir-1-681x1024.jpg 681w, http:\/\/www.for-free-hands.de\/wp-content\/uploads\/2014\/06\/Vladimir-1-200x300.jpg 200w, http:\/\/www.for-free-hands.de\/wp-content\/uploads\/2014\/06\/Vladimir-1-768x1154.jpg 768w\" sizes=\"auto, (max-width: 232px) 100vw, 232px\" \/><\/a><\/p>\n<h4><strong><a style=\"color: #000000;\" title=\"Vladimir Karparov\" href=\"http:\/\/www.for-free-hands.de\/es\/conjunto\/vladimir-karparov\/\">Vladimir Karparov<\/a><\/strong><\/h4>\n<p><span style=\"color: #000000;\">Comenz\u00f3 a estudiar jazz en la Universidad de M\u00fasica y Teatro de Hamburgo en 1999. El saxofonista ha actuado y ganado premios en festivales europeos, asi\u00e1ticos y latinoamericanos.<\/span><\/p>\n<p><a href=\"http:\/\/www.for-free-hands.de\/es\/conjunto\/vladimir-karparov\/?p=1465\" class=\"button-small\" style=\"background-color:#1392d4;color:#ffffff;\" target=\"_self\"><span>M\u00e1s informaci\u00f3n<\/span><\/a><\/p>\n<p><div class=\"clear\"><\/div><br \/>\n<\/div>\n<div class=\"one-four\"><br \/>\n<a href=\"http:\/\/www.for-free-hands.de\/wp-content\/uploads\/2024\/03\/Manuel-BW-Neu-1.jpg\"><img loading=\"lazy\" decoding=\"async\" class=\"alignnone wp-image-5983\" src=\"http:\/\/www.for-free-hands.de\/wp-content\/uploads\/2024\/03\/Manuel-BW-Neu-1-203x300.jpg\" alt=\"\" width=\"242\" height=\"358\" srcset=\"http:\/\/www.for-free-hands.de\/wp-content\/uploads\/2024\/03\/Manuel-BW-Neu-1-203x300.jpg 203w, http:\/\/www.for-free-hands.de\/wp-content\/uploads\/2024\/03\/Manuel-BW-Neu-1.jpg 333w\" sizes=\"auto, (max-width: 242px) 100vw, 242px\" \/><\/a><\/p>\n<h4><span style=\"color: #000000;\"><strong><a style=\"color: #000000;\" title=\"Dimitris Christides\" href=\"http:\/\/www.for-free-hands.de\/es\/conjunto\/manuel-podhostnik\">Manuel Podhostnik<\/a><\/strong><\/span><\/h4>\n<p><span style=\"color: #000000;\">Adem\u00e1s de su trabajo en solitario, Manuel Podhostnik ha colaborado con una impresionante lista de artistas internacionales, como Doug Hammond, Tim Lefebvre, Marko Crncec, Jure Punk, Tadej Kampl, Roberto Badoglio y muchos otros. Esta colaboraci\u00f3n demuestra su capacidad para interactuar con \u00e9xito con diferentes estilos de m\u00fasica y artistas.\u00a0<\/span><\/p>\n<p><a href=\"http:\/\/www.for-free-hands.de\/es\/conjunto\/manuel-podhostnik\/?p=1458\" class=\"button-small\" style=\"background-color:#1392d4;color:#ffffff;\" target=\"_self\"><span>M\u00e1s informaci\u00f3n<\/span><\/a><\/p>\n<p><div class=\"clear\"><\/div><\/p>\n<p><\/div>\n<div class=\"one-four last\"><\/p>\n<p><a href=\"http:\/\/www.for-free-hands.de\/wp-content\/uploads\/2024\/03\/Rob-bw-Neu.jpg\"><img loading=\"lazy\" decoding=\"async\" class=\"alignnone wp-image-5974\" src=\"http:\/\/www.for-free-hands.de\/wp-content\/uploads\/2024\/03\/Rob-bw-Neu-203x300.jpg\" alt=\"\" width=\"243\" height=\"359\" srcset=\"http:\/\/www.for-free-hands.de\/wp-content\/uploads\/2024\/03\/Rob-bw-Neu-203x300.jpg 203w, http:\/\/www.for-free-hands.de\/wp-content\/uploads\/2024\/03\/Rob-bw-Neu.jpg 333w\" sizes=\"auto, (max-width: 243px) 100vw, 243px\" \/><\/a><\/p>\n<h4><span style=\"color: #000000;\"><strong><a style=\"color: #000000;\" title=\"George Donchev\" href=\"http:\/\/www.for-free-hands.de\/es\/conjunto\/roberto-badoglio\/\">Roberto Badoglio\u00a0<\/a><\/strong><\/span><\/h4>\n<p><span style=\"color: #000000;\">Roberto Badoglio naci\u00f3 en 1984 y comenz\u00f3 a estudiar bajo despu\u00e9s de haber tomado cursos de piano. Cuando ten\u00eda 16 a\u00f1os tom\u00f3 clases privadas en Francia con\u00a0Dominique Di Piazza y en New York con Matthew Garrison y Skuli Sverrisson. Durante el 2005 y el 2006 estudi\u00f3 en \u00abBerklee College of Music\u00bb en Boston.<\/span><\/p>\n<p><a href=\"http:\/\/www.for-free-hands.de\/es\/conjunto\/roberto-badoglio\/?p=1462\/\" class=\"button-small\" style=\"background-color:#1392d4;color:#ffffff;\" target=\"_self\"><span>M\u00e1s informaci\u00f3n<\/span><\/a><br \/>\n<\/div>\n<p><div class=\"clear\"><\/div> <b><\/b><\/p>\n<p><a href=\"http:\/\/www.for-free-hands.de\/wp-content\/uploads\/2024\/03\/Alaa-Neu.jpg\"><img loading=\"lazy\" decoding=\"async\" class=\"alignnone wp-image-5987\" src=\"http:\/\/www.for-free-hands.de\/wp-content\/uploads\/2024\/03\/Alaa-Neu-300x193.jpg\" alt=\"\" width=\"401\" height=\"258\" srcset=\"http:\/\/www.for-free-hands.de\/wp-content\/uploads\/2024\/03\/Alaa-Neu-300x193.jpg 300w, http:\/\/www.for-free-hands.de\/wp-content\/uploads\/2024\/03\/Alaa-Neu-768x494.jpg 768w, http:\/\/www.for-free-hands.de\/wp-content\/uploads\/2024\/03\/Alaa-Neu.jpg 960w\" sizes=\"auto, (max-width: 401px) 100vw, 401px\" \/><\/a><\/p>\n<h4><span style=\"color: #000000;\"><strong><a style=\"color: #000000;\" href=\"http:\/\/www.for-free-hands.de\/es\/alaa-zouiten\/\">Alaa Zouiten<\/a><\/strong><\/span><\/h4>\n<p><span style=\"color: #000000;\">Invitado en nuestro nuevo CD \u00abThe passing on the fire\u00bb y en numerosos conciertos, Alaa Zouiten naci\u00f3 en Casablanca, Marruecos. Su carrera musical comenz\u00f3 all\u00ed como maestro del oud, el la\u00fad \u00e1rabe, y le llev\u00f3 desde su formaci\u00f3n en el Conservatorio Nacional de Marrakech hasta convertirse en sideman de la banda de fusi\u00f3n \u00abJbara\u00bb. Ha tocado con la banda en numerosos festivales marroqu\u00edes, como el Festival Gnaoua de Essaouira, el Gran Festival de Casablanca y el Mawazine de Rabat.<\/span><\/p>\n<a href=\"http:\/\/www.for-free-hands.de\/es\/alaa-zouiten\/\" class=\"button-small\" style=\"background-color:#1392d4;color:#ffffff;\" target=\"_self\"><span>mehr erfahren<\/span><\/a>\n<p>&nbsp;<\/p>\n","protected":false},"excerpt":{"rendered":"<p>Alaa Zouiten Invitado en nuestro nuevo CD \u00abThe passing on the fire\u00bb y en numerosos conciertos, Alaa Zouiten naci\u00f3 en Casablanca, Marruecos. Su carrera musical&#8230;<\/p>\n","protected":false},"author":1,"featured_media":0,"parent":0,"menu_order":0,"comment_status":"open","ping_status":"open","template":"","meta":{"footnotes":""},"class_list":["post-1435","page","type-page","status-publish","hentry"],"_links":{"self":[{"href":"http:\/\/www.for-free-hands.de\/es\/wp-json\/wp\/v2\/pages\/1435","targetHints":{"allow":["GET"]}}],"collection":[{"href":"http:\/\/www.for-free-hands.de\/es\/wp-json\/wp\/v2\/pages"}],"about":[{"href":"http:\/\/www.for-free-hands.de\/es\/wp-json\/wp\/v2\/types\/page"}],"author":[{"embeddable":true,"href":"http:\/\/www.for-free-hands.de\/es\/wp-json\/wp\/v2\/users\/1"}],"replies":[{"embeddable":true,"href":"http:\/\/www.for-free-hands.de\/es\/wp-json\/wp\/v2\/comments?post=1435"}],"version-history":[{"count":50,"href":"http:\/\/www.for-free-hands.de\/es\/wp-json\/wp\/v2\/pages\/1435\/revisions"}],"predecessor-version":[{"id":6102,"href":"http:\/\/www.for-free-hands.de\/es\/wp-json\/wp\/v2\/pages\/1435\/revisions\/6102"}],"wp:attachment":[{"href":"http:\/\/www.for-free-hands.de\/es\/wp-json\/wp\/v2\/media?parent=1435"}],"curies":[{"name":"wp","href":"https:\/\/api.w.org\/{rel}","templated":true}]}}